{"id":259760,"date":"2026-01-13T22:47:54","date_gmt":"2026-01-13T19:47:54","guid":{"rendered":"https:\/\/baldumarket.lt\/product\/komoda-z-czterema-szufladami-bergen-72-cm-modrzew-sibiu-zloty\/"},"modified":"2026-02-11T18:29:48","modified_gmt":"2026-02-11T15:29:48","slug":"komoda-z-czterema-szufladami-bergen-72-cm-modrzew-sibiu-zloty","status":"publish","type":"product","link":"https:\/\/baldumarket.lt\/lt\/product\/komoda-z-czterema-szufladami-bergen-72-cm-modrzew-sibiu-zloty\/","title":{"rendered":"BERGEN komoda su keturiais stal\u010diais, 72 cm, Sibiu maumed\u017eio, auksin\u0117"},"content":{"rendered":"<p>Bergen komoda \u2013 kompakti\u0161ka j\u016bs\u0173 daikt\u0173 organizator\u0117. Bergen kolekcija \u2013 tai harmoningas geometrini\u0173 form\u0173, unikali\u0173 detali\u0173 ir prislopint\u0173 spalv\u0173 derinys, kuris skland\u017eiai dera tiek svetain\u0117je, tiek miegamajame. Jei ie\u0161kote efektyvios organizator\u0117s savo namams, Bergen komoda su keturiais stal\u010diais yra puikus sprendimas, pad\u0117siantis tvarkingai laikyti smulkius daiktus. Paprasta komodos forma puo\u0161ta i\u0161skirtiniu \u0161onini\u0173 kra\u0161t\u0173 \u201c\u012fdubimu\u201d, taip pat i\u0161siki\u0161usiu, tiesiu cokoliu ir nuo\u017eulniais kra\u0161tais fasaduose, suteikian\u010diais baldui modern\u0173 ir stiling\u0105 charakter\u012f. \u0160ilta auksin\u0117s Sibiu maumed\u017eio medienos spalva suteikia interjerui unikali\u0105 atmosfer\u0105 ir sukuria tvirt\u0105 pagrind\u0105 stilingoms kompozicijoms. Komodos detal\u0117s nusipelno d\u0117mesio \u2013 auk\u0161tos, nuo\u017eulnios kojel\u0117s ir metalin\u0117s rankenos suteikia jai i\u0161skirtinumo. Siekiant u\u017etikrinti kasdien\u012f komfort\u0105, komoda apr\u016bpinta firminiais aksesuarais su \u0161velnaus u\u017edarymo sistema. Stabdomi b\u0117geliai leid\u017eia tyliai ir skland\u017eiai u\u017edaryti bald\u0173 fasadus, beveik tyliai sujungdami juos su r\u0117mu. \u201eBergen\u201c kolekcija si\u016blo \u012fvairi\u0173 form\u0173 baldus, kuriuos galima laisvai derinti, sukuriant funkcionalius i\u0161d\u0117stymus, pritaikytus j\u016bs\u0173 \u0161eimos poreikiams. \u0160is lankstus sprendimas leid\u017eia suplanuoti darni\u0105 ir prakti\u0161k\u0105 erdv\u0119. Trumpai tariant, \u201eBergen\u201c komoda yra kompakti\u0161ka organizatorius, kuris pad\u0117s palaikyti tvark\u0105 j\u016bs\u0173 namuose. Visada tur\u0117site visus reikalingus daiktus po ranka, i\u0161laikydami esteti\u0161k\u0105 interjero i\u0161vaizd\u0105.<\/p>\n<p>Prek\u0117s kodas S359-KOM4S-MSZ Simbolis ZM EAN Plotis 72 cm Gylis 47 cm Auk\u0161tis 116 cm Kolekcija Bergen Spalva maumedis sibiu auksinis Atspalvis tamsi mediena Stilius klasikinis Med\u017eiaga laminatas Dureli\u0173 skai\u010dius be dur\u0173 Stal\u010di\u0173 skai\u010dius 4 stal\u010diai Rankena su rankenomis Gamintojas Juoda Raudona Balta Baldo tipas Komodos PVM 23% EAN 5906123926652<\/p>","protected":false},"excerpt":{"rendered":"<p>Bergen Chest of Drawers &#8211; A Compact Organizer for Your Belongings. The Bergen collection is a harmonious blend of geometric shapes, unique details, and subdued colors that blend seamlessly into both the living room and bedroom. If you&#8217;re looking for an effective organizer for your home, the Bergen chest of drawers with four drawers is [&hellip;]<\/p>","protected":false},"featured_media":259761,"comment_status":"open","ping_status":"open","template":"","meta":[],"product_brand":[],"product_cat":[9200,1173],"product_tag":[],"class_list":{"0":"post-259760","1":"product","2":"type-product","3":"status-publish","4":"has-post-thumbnail","6":"product_cat-black-red-white","7":"product_cat-chests-of-drawers","9":"first","10":"instock","11":"purchasable","12":"product-type-simple"},"_links":{"self":[{"href":"https:\/\/baldumarket.lt\/lt\/wp-json\/wp\/v2\/product\/259760","targetHints":{"allow":["GET"]}}],"collection":[{"href":"https:\/\/baldumarket.lt\/lt\/wp-json\/wp\/v2\/product"}],"about":[{"href":"https:\/\/baldumarket.lt\/lt\/wp-json\/wp\/v2\/types\/product"}],"replies":[{"embeddable":true,"href":"https:\/\/baldumarket.lt\/lt\/wp-json\/wp\/v2\/comments?post=259760"}],"wp:featuredmedia":[{"embeddable":true,"href":"https:\/\/baldumarket.lt\/lt\/wp-json\/wp\/v2\/media\/259761"}],"wp:attachment":[{"href":"https:\/\/baldumarket.lt\/lt\/wp-json\/wp\/v2\/media?parent=259760"}],"wp:term":[{"taxonomy":"product_brand","embeddable":true,"href":"https:\/\/baldumarket.lt\/lt\/wp-json\/wp\/v2\/product_brand?post=259760"},{"taxonomy":"product_cat","embeddable":true,"href":"https:\/\/baldumarket.lt\/lt\/wp-json\/wp\/v2\/product_cat?post=259760"},{"taxonomy":"product_tag","embeddable":true,"href":"https:\/\/baldumarket.lt\/lt\/wp-json\/wp\/v2\/product_tag?post=259760"}],"curies":[{"name":"wp","href":"https:\/\/api.w.org\/{rel}","templated":true}]}}