{"id":259752,"date":"2026-01-13T22:47:47","date_gmt":"2026-01-13T19:47:47","guid":{"rendered":"https:\/\/baldumarket.lt\/product\/komoda-z-czterema-szufladami-balder-90-cm-dab-riviera-bialy-polysk\/"},"modified":"2026-02-11T18:29:48","modified_gmt":"2026-02-11T15:29:48","slug":"komoda-z-czterema-szufladami-balder-90-cm-dab-riviera-bialy-polysk","status":"publish","type":"product","link":"https:\/\/baldumarket.lt\/lt\/product\/komoda-z-czterema-szufladami-balder-90-cm-dab-riviera-bialy-polysk\/","title":{"rendered":"Komoda su keturiais stal\u010diais BALDER 90 cm Riviera \u0105\u017euolas\/balta blizgi spalva"},"content":{"rendered":"<p>\u2019Balder\u201c komoda \u2013 puikus organizatorius tiems, kurie renkasi paprastum\u0105 ir modern\u0173 interjero dizain\u0105. \u201eBalder\u201c komodos funkcionalumas slypi jos geb\u0117jime naudoti kaip \u012fvairi\u0173 daikt\u0173 organizatori\u0173. Keturiuose erdviuose stal\u010diuose efektyviai saugokite ir sutvarkykite savo daiktus. \u201eBalder\u201c kolekcijai b\u016bdingos geometrin\u0117s linijos ir dizainas, pary\u0161kinti dr\u0105siomis lentjuost\u0117mis. \u0160ilto \u201eRiviera\u201c \u0105\u017euolo atspalvio ir neutralaus balto blizgesio derinys sukuria universal\u0173 pagrind\u0105, puikiai tinkant\u012f dekoratyvioms erdv\u0117ms i\u0161d\u0117styti. Firminiai aksesuarai ir paprastos ranken\u0117l\u0117s u\u017etikrina patog\u0173 naudojim\u0105. Derindami \u201eBalder\u201c komod\u0105 su kitais kolekcijos elementais, galite sukurti darn\u0173 interjero dizain\u0105 svetain\u0117je, miegamajame ar jaunimo kambaryje, naudodami \u012fvairius modulius lanks\u010diam bald\u0173 i\u0161d\u0117stymui.<\/p>\n<p>Prek\u0117s kodas S382-KOM4S-DRI\/BIP Simbolis ZM EAN Plotis 90 cm Gylis 39 cm Auk\u0161tis 88 cm Kolekcija Balder Spalva Rivjeros \u0105\u017euolas\/blizgi balta Gaubtas \u0161viesus medis Stilius modernus Med\u017eiaga laminatas Dureli\u0173 skai\u010dius be dureli\u0173 Stal\u010di\u0173 skai\u010dius 4 stal\u010diai Rankena su rankenomis Gamintojas Juoda Raudona Balta Baldo tipas Komodos PVM 23% EAN 5906123928090<\/p>","protected":false},"excerpt":{"rendered":"<p>\u2019Balder\u201c komoda \u2013 puikus organizatorius tiems, kurie renkasi paprastum\u0105 ir modern\u0173 interjero dizain\u0105. \u201eBalder\u201c komodos funkcionalumas slypi tame, kad j\u0105 galima naudoti kaip \u012fvairi\u0173 daikt\u0173 organizatori\u0173. Keturiuose erdviuose stal\u010diuose efektyviai saugokite ir sutvarkykite savo daiktus. Geometrin\u0117s linijos ir dizainas, pary\u0161kinti [\u2026]<\/p>","protected":false},"featured_media":259753,"comment_status":"open","ping_status":"open","template":"","meta":[],"product_brand":[],"product_cat":[9200,1173],"product_tag":[],"class_list":{"0":"post-259752","1":"product","2":"type-product","3":"status-publish","4":"has-post-thumbnail","6":"product_cat-black-red-white","7":"product_cat-chests-of-drawers","9":"first","10":"instock","11":"purchasable","12":"product-type-simple"},"_links":{"self":[{"href":"https:\/\/baldumarket.lt\/lt\/wp-json\/wp\/v2\/product\/259752","targetHints":{"allow":["GET"]}}],"collection":[{"href":"https:\/\/baldumarket.lt\/lt\/wp-json\/wp\/v2\/product"}],"about":[{"href":"https:\/\/baldumarket.lt\/lt\/wp-json\/wp\/v2\/types\/product"}],"replies":[{"embeddable":true,"href":"https:\/\/baldumarket.lt\/lt\/wp-json\/wp\/v2\/comments?post=259752"}],"wp:featuredmedia":[{"embeddable":true,"href":"https:\/\/baldumarket.lt\/lt\/wp-json\/wp\/v2\/media\/259753"}],"wp:attachment":[{"href":"https:\/\/baldumarket.lt\/lt\/wp-json\/wp\/v2\/media?parent=259752"}],"wp:term":[{"taxonomy":"product_brand","embeddable":true,"href":"https:\/\/baldumarket.lt\/lt\/wp-json\/wp\/v2\/product_brand?post=259752"},{"taxonomy":"product_cat","embeddable":true,"href":"https:\/\/baldumarket.lt\/lt\/wp-json\/wp\/v2\/product_cat?post=259752"},{"taxonomy":"product_tag","embeddable":true,"href":"https:\/\/baldumarket.lt\/lt\/wp-json\/wp\/v2\/product_tag?post=259752"}],"curies":[{"name":"wp","href":"https:\/\/api.w.org\/{rel}","templated":true}]}}