{"id":259744,"date":"2026-01-13T22:47:41","date_gmt":"2026-01-13T19:47:41","guid":{"rendered":"https:\/\/baldumarket.lt\/product\/komoda-z-czterema-szufladami-azteca-trio-105-cm-bialy-bialy-polysk\/"},"modified":"2026-02-11T18:29:48","modified_gmt":"2026-02-11T15:29:48","slug":"komoda-z-czterema-szufladami-azteca-trio-105-cm-bialy-bialy-polysk","status":"publish","type":"product","link":"https:\/\/baldumarket.lt\/lt\/product\/komoda-z-czterema-szufladami-azteca-trio-105-cm-bialy-bialy-polysk\/","title":{"rendered":"Komoda su keturiais stal\u010diais AZTECA TRIO 105 cm balta\/balta blizgi"},"content":{"rendered":"<p>\u201eAzteca Trio\u201c komoda \u2013 moderni, be ranken\u0117li\u0173 daikt\u0173 laikymo sistema. \u201eAzteca Trio\u201c kolekcija yra tikras modernaus dizaino perlas, o \u201eAzteca Trio\u201c komoda \u2013 puikus elegancijos ir funkcionalumo, kur\u012f galima pasiekti kruop\u0161\u010diai projektuojant baldus, pavyzdys. Jei vertinate tvark\u0105 ir organizuotum\u0105, \u201eAzteca Trio\u201c komoda tikrai jus prad\u017eiugins. Tur\u0117dama keturis erdvius stal\u010dius, ji puikiai tinka \u012fvairaus dyd\u017eio daiktams laikyti. 105 cm plo\u010dio stalvir\u0161is puikiai tinka \u017eibintui, \u0161eimos nuotraukoms ar atostog\u0173 suvenyrams eksponuoti, tod\u0117l \u0161is baldas ne tik praver\u010dia daikt\u0173 laikymo srityje, bet ir suteikia interjerui elegancijos bei charakterio. I\u0161skirtinis \u0161ios komodos bruo\u017eas \u2013 u\u017eapvalinti fasad\u0173 kra\u0161tai, suteikiantys jai moderni\u0105 ir eleganti\u0161k\u0105 i\u0161vaizd\u0105. Tradicini\u0173 ranken\u0117li\u0173 nebuvimas suteikia baldui minimalistin\u0119 ir harmoning\u0105 i\u0161vaizd\u0105. \u201eAzteca Trio\u201c komoda derina spalv\u0173 minimalizm\u0105 su ry\u0161kiomis detal\u0117mis. Baltas korpusas kontrastuoja su blizgiais baltais fasadais. Dekoratyvin\u0117 juostel\u0117 nutraukia spalv\u0173 gamos monotonij\u0105. Ji si\u016bloma trij\u0173 spalv\u0173: blizgios juodos, wenge magi\u0161ko \u0105\u017euolo arba blizgios baltos. J\u016bs galite daryti \u012ftak\u0105 galutinei baldo i\u0161vaizdai ir pritaikyti j\u012f pagal savo skon\u012f bei interjero stili\u0173. Komfortas taip pat yra svarbus \u0161ios komodos aspektas. Stal\u010diai turi firmines kreipian\u010di\u0105sias, kurios u\u017etikrina tyl\u0173 u\u017esidarym\u0105. Tai rei\u0161kia, kad komoda galite naudotis nekeldami jokio triuk\u0161mo ir netrukdydami kitiems nam\u0173 \u016bkio nariams. Moderni \u201eAzteca Trio\u201c komoda puikiai tinka \u012fvairiems kambariams, pavyzd\u017eiui, svetainei, miegamajam ar valgomajam. J\u0105 galite naudoti vien\u0105 arba derinti su kitais kolekcijos baldais, sukurdami darn\u0173 ir stiling\u0105 interjero dizain\u0105. Taip pat verta pamin\u0117ti, kad kiekvienas \u201eAzteca Trio\u201c kolekcijos baldas turi dvi dekoratyvines juosteles: vien\u0105 dvipus\u0119 (blizgi balta \/ blizgi juoda) ir vien\u0105 vienpus\u0119 (\u201ewenge magic\u201c). Tai puikus priedas, leid\u017eiantis dar labiau pritaikyti bald\u0105 pagal savo pageidavimus ir interjero stili\u0173. Trumpai tariant, \u201eAzteca Trio\u201c komoda yra ne tik prakti\u0161kas daikt\u0173 laikymo sprendimas, bet ir eleganti\u0161kas interjero dizaino elementas. Erdvumas, minimalistinis dizainas ir paprastas naudojimas daro j\u0105 puikiu pasirinkimu \u012fvairiems j\u016bs\u0173 nam\u0173 kambariams. Tai baldas, kuris derina stili\u0173 ir prakti\u0161kum\u0105, tod\u0117l bet koks interjeras tampa ir gra\u017eesnis, ir funkcionalesnis.<\/p>\n<p>Prek\u0117s kodas S504-KOM4S\/8\/11-BI\/BIP Simbolis ZM EAN Plotis 105 cm Gylis 41 cm Auk\u0161tis 84 cm Kolekcija Azteca Trio Spalva balta\/blizgi balta Gaubtas baltas Stilius modernus Dureli\u0173 skai\u010dius be dureli\u0173 Stal\u010di\u0173 skai\u010dius 4 stal\u010diai Rankena be ranken\u0117li\u0173 Gamintojas Juoda Raudona Balta Baldo tipas Komodos PVM 23% EAN 5906123714495<\/p>","protected":false},"excerpt":{"rendered":"<p>\u201eAzteca Trio\u201c komoda \u2013 moderni, be ranken\u0117li\u0173. \u201eAzteca Trio\u201c kolekcija yra tikras modernaus dizaino perlas, o \u201eAzteca Trio\u201c komoda \u2013 puikus elegancijos ir funkcionalumo, kur\u012f galima pasiekti kruop\u0161\u010diu bald\u0173 dizainu, pavyzdys. Jei vertinate tvark\u0105 ir organizuotum\u0105, [\u2026]<\/p>","protected":false},"featured_media":259745,"comment_status":"open","ping_status":"open","template":"","meta":[],"product_brand":[],"product_cat":[9200,1173],"product_tag":[],"class_list":{"0":"post-259744","1":"product","2":"type-product","3":"status-publish","4":"has-post-thumbnail","6":"product_cat-black-red-white","7":"product_cat-chests-of-drawers","9":"first","10":"instock","11":"purchasable","12":"product-type-simple"},"_links":{"self":[{"href":"https:\/\/baldumarket.lt\/lt\/wp-json\/wp\/v2\/product\/259744","targetHints":{"allow":["GET"]}}],"collection":[{"href":"https:\/\/baldumarket.lt\/lt\/wp-json\/wp\/v2\/product"}],"about":[{"href":"https:\/\/baldumarket.lt\/lt\/wp-json\/wp\/v2\/types\/product"}],"replies":[{"embeddable":true,"href":"https:\/\/baldumarket.lt\/lt\/wp-json\/wp\/v2\/comments?post=259744"}],"wp:featuredmedia":[{"embeddable":true,"href":"https:\/\/baldumarket.lt\/lt\/wp-json\/wp\/v2\/media\/259745"}],"wp:attachment":[{"href":"https:\/\/baldumarket.lt\/lt\/wp-json\/wp\/v2\/media?parent=259744"}],"wp:term":[{"taxonomy":"product_brand","embeddable":true,"href":"https:\/\/baldumarket.lt\/lt\/wp-json\/wp\/v2\/product_brand?post=259744"},{"taxonomy":"product_cat","embeddable":true,"href":"https:\/\/baldumarket.lt\/lt\/wp-json\/wp\/v2\/product_cat?post=259744"},{"taxonomy":"product_tag","embeddable":true,"href":"https:\/\/baldumarket.lt\/lt\/wp-json\/wp\/v2\/product_tag?post=259744"}],"curies":[{"name":"wp","href":"https:\/\/api.w.org\/{rel}","templated":true}]}}