{"id":259740,"date":"2026-01-13T22:47:38","date_gmt":"2026-01-13T19:47:38","guid":{"rendered":"https:\/\/baldumarket.lt\/product\/komoda-z-czterema-szufladami-alameda-97-cm-bialy-polysk-dab-westminster\/"},"modified":"2026-02-11T18:29:48","modified_gmt":"2026-02-11T15:29:48","slug":"komoda-z-czterema-szufladami-alameda-97-cm-bialy-polysk-dab-westminster","status":"publish","type":"product","link":"https:\/\/baldumarket.lt\/lt\/product\/komoda-z-czterema-szufladami-alameda-97-cm-bialy-polysk-dab-westminster\/","title":{"rendered":"ALAMEDA komoda su keturiais stal\u010diais, 97 cm, balta blizgi \/ Vestminsterio \u0105\u017euolas"},"content":{"rendered":"<p>\u201eAlameda\u201c komoda \u2013 tai funkcionalus ir stilingas erdv\u0117s sprendimas j\u016bs\u0173 namams. Talpa ir organizuotumas: \u201eAlameda\u201c komodoje yra keturi erdv\u016bs ir prakti\u0161ki stal\u010diai, kuriuose galite susid\u0117ti \u012fvairi\u0173 r\u016b\u0161i\u0173 drabu\u017eius, apatinius ir kitus smulkius daiktus. Tai padeda i\u0161likti organizuotiems ir lengvai rasti tai, ko jums reikia. Funkcinis stalvir\u0161is: Ant vir\u0161aus galite pad\u0117ti \u0161eimos nuotraukas, dekoratyvines g\u0117les ar kitus dekoratyvinius daiktus. Auk\u0161tos stalvir\u0161io \u0161onin\u0117s sienel\u0117s apsaugo \u0161iuos daiktus nuo atsitiktinio apvirtimo. LED ap\u0161vietimas: Po stalvir\u0161iu esantis energij\u0105 taupantis LED ap\u0161vietimas i\u0161ry\u0161kina modern\u0173 bald\u0173 dizain\u0105 ir sukuria subtil\u0173 ap\u0161vietim\u0105 kambaryje. D\u0117l to komoda yra ne tik funkcionali, bet ir esteti\u0161kai patraukli. Dizainas ir apdaila: \u201eAlameda\u201c komoda i\u0161siskiria ry\u0161kiai balto blizgesio korpuso ir fasad\u0173 bei medinio \u201eWestminster Oak\u201c stalvir\u0161io kontrastu. \u0160is derinys suteikia baldui elegancijos. Be to, dekoratyvin\u0117 stal\u010di\u0173 fasad\u0173 puo\u0161yba suteikia baldui unikal\u0173 charakter\u012f. \u201eAlameda\u201c komoda puikiai papildo kitus \u201eAlameda\u201c kolekcijos elementus. Galite derinti j\u0105 su kitais \u0161ios linijos baldais, sukurdami vientis\u0105 ir modern\u0173 vaizd\u0105 savo svetain\u0117je ar miegamajame. Trumpai tariant, \u201eAlameda\u201c komoda yra baldas, kuris ne tik pad\u0117s sutvarkyti erdv\u0119, bet ir suteiks interjerui modernaus dizaino bei elegancijos. Erdvumas, LED ap\u0161vietimas ir esteti\u0161ka apdaila paver\u010dia j\u0105 puikiu sprendimu \u012fvairioms j\u016bs\u0173 nam\u0173 patalpoms.<\/p>\n<p>Prek\u0117s kodas S420-KOM4S-BIP\/DWM\/BIP Simbolis ZM EAN Plotis 97 cm Gylis 41,5 cm Auk\u0161tis 123 cm Kolekcija Alameda Spalva balta blizgi \/ Vestminsterio \u0105\u017euolas \/ balta blizgi Atspalvis baltas Stilius modernus Dureli\u0173 skai\u010dius be dur\u0173 Stal\u010di\u0173 skai\u010dius 4 stal\u010diai Rankena be ranken\u0117li\u0173 Ap\u0161vietimas su ap\u0161vietimu Gamintojas Juoda Raudona Balta Baldo tipas Komodos PVM 23% EAN 5906123946445<\/p>","protected":false},"excerpt":{"rendered":"<p>\u201eAlameda\u201c komoda \u2013 tai funkcionalus ir stilingas erdv\u0117s sprendimas j\u016bs\u0173 namams. Talpa ir organizuotumas: \u201eAlameda\u201c komodoje yra keturi erdv\u016bs ir prakti\u0161ki stal\u010diai, kuriuose galite susitvarkyti \u012fvairius drabu\u017eius, apatinius ir kitus smulkius daiktus. Tai padeda i\u0161likti organizuotiems ir lengvai rasti tai, ko jums reikia. Funkcionalus [\u2026]<\/p>","protected":false},"featured_media":259741,"comment_status":"open","ping_status":"open","template":"","meta":[],"product_brand":[],"product_cat":[9200,1173],"product_tag":[],"class_list":{"0":"post-259740","1":"product","2":"type-product","3":"status-publish","4":"has-post-thumbnail","6":"product_cat-black-red-white","7":"product_cat-chests-of-drawers","9":"first","10":"instock","11":"purchasable","12":"product-type-simple"},"_links":{"self":[{"href":"https:\/\/baldumarket.lt\/lt\/wp-json\/wp\/v2\/product\/259740","targetHints":{"allow":["GET"]}}],"collection":[{"href":"https:\/\/baldumarket.lt\/lt\/wp-json\/wp\/v2\/product"}],"about":[{"href":"https:\/\/baldumarket.lt\/lt\/wp-json\/wp\/v2\/types\/product"}],"replies":[{"embeddable":true,"href":"https:\/\/baldumarket.lt\/lt\/wp-json\/wp\/v2\/comments?post=259740"}],"wp:featuredmedia":[{"embeddable":true,"href":"https:\/\/baldumarket.lt\/lt\/wp-json\/wp\/v2\/media\/259741"}],"wp:attachment":[{"href":"https:\/\/baldumarket.lt\/lt\/wp-json\/wp\/v2\/media?parent=259740"}],"wp:term":[{"taxonomy":"product_brand","embeddable":true,"href":"https:\/\/baldumarket.lt\/lt\/wp-json\/wp\/v2\/product_brand?post=259740"},{"taxonomy":"product_cat","embeddable":true,"href":"https:\/\/baldumarket.lt\/lt\/wp-json\/wp\/v2\/product_cat?post=259740"},{"taxonomy":"product_tag","embeddable":true,"href":"https:\/\/baldumarket.lt\/lt\/wp-json\/wp\/v2\/product_tag?post=259740"}],"curies":[{"name":"wp","href":"https:\/\/api.w.org\/{rel}","templated":true}]}}