{"id":259732,"date":"2026-01-13T22:47:32","date_gmt":"2026-01-13T19:47:32","guid":{"rendered":"https:\/\/baldumarket.lt\/product\/komoda-z-7-szufladami-multido-45-cm-jasny-atelier\/"},"modified":"2026-02-11T18:29:48","modified_gmt":"2026-02-11T15:29:48","slug":"komoda-z-7-szufladami-multido-45-cm-jasny-atelier","status":"publish","type":"product","link":"https:\/\/baldumarket.lt\/lt\/product\/komoda-z-7-szufladami-multido-45-cm-jasny-atelier\/","title":{"rendered":"Komoda su 7 stal\u010diais MultiDo 45 cm \u0161viesi atelj\u0117"},"content":{"rendered":"<p>\u201eMultiDo\u201c \u2013 funkcionali komoda bet kokiam kambariui. 7S\/45 cm \u201eMultiDo\u201c komoda yra modernus ir prakti\u0161kas baldas, puikiai tiksiantis \u012fvairiuose interjeruose. D\u0117l minimalistinio dizaino ir keturi\u0173 spalv\u0173 variant\u0173 (balta, dirbtinio \u0105\u017euolo, grafito, \u0161viesi atelj\u0117) j\u0105 lengvai priderinsite prie savo svetain\u0117s, miegamojo, darbo kambario, prie\u0161kambario, vonios kambario, biuro ar jaunimo kambario. \u201eMultiDo\u201c komoda derina estetik\u0105 ir funkcionalum\u0105, leisdama daiktus laikyti tvarkingai ir stilingai. Ypatyb\u0117s:<br \/>\nModernus dizainas su trimis apdailos variantais: balta, meni\u0161ko \u0105\u017euolo ir grafito, tod\u0117l galite j\u012f priderinti prie \u012fvairi\u0173 interjero dizain\u0173. Funkcionalumas ir talpa: \u201eMultiDo\u201c komoda suteikia vietos \u012fvairiems daiktams, prisitaikydama prie bet kurio kambario charakterio. Svetain\u0117je ji gali laikyti dekoracijas ir aksesuarus, miegamajame \u2013 patalyn\u0119 ir drabu\u017eius, vonios kambaryje \u2013 rank\u0161luos\u010dius ir kosmetik\u0105, koridoriuje tinka batams ir nieku\u010diams, o biure ar darbo kambaryje \u2013 dokumentams laikyti. Jaunimo kambaryje ji gali b\u016bti naudojama mokyklin\u0117ms prek\u0117ms ir elektronikai laikyti. Prakti\u0161ki stal\u010diai: erdv\u016bs stal\u010diai ant ritinini\u0173 b\u0117geli\u0173. Universalus panaudojimas: \u201eMultiDo\u201c puikiai tinka \u012fvairiuose kambariuose \u2013 nuo svetain\u0117s iki vonios kambario ir biuro, prisitaikydama prie naudotojo poreiki\u0173. Modulin\u0117 \u201eMultiDo\u201c sistema: sukurkite \u012fvairius i\u0161d\u0117stymus su daugiau nei 50 galim\u0173 element\u0173, suteikdami didel\u0119 laisv\u0119 suasmeninti savo erdv\u0119. Santrauka: \u201eMultiDo\u201c komoda yra universalus ir prakti\u0161kas baldas, kuris supaprastins nam\u0173 tvarkym\u0105. D\u0117l \u012fvairi\u0173 spalv\u0173 variant\u0173 jis puikiai tiks bet kuriame kambaryje \u2013 nuo svetain\u0117s ir miegamojo, nuo biuro iki vonios kambario ar jaunimo kambario. Per\u017ei\u016br\u0117kite \u201eMultiDo\u201c sistemos katalog\u0105 ir atraskite visas jos konfig\u016bracijos galimybes.<\/p>\n<p>Prek\u0117s kodas S588-KOM7S\/45\/110\/40-JAT Plotis 45 cm Gylis 40 cm Auk\u0161tis 115 cm Kolekcija MultiDo Spalva \u0161viesi atelj\u0117 Atspalvis pilkas Stilius modernus Med\u017eiaga laminatas Dureli\u0173 skai\u010dius be dur\u0173 Stal\u010di\u0173 skai\u010dius 5 ir daugiau stal\u010di\u0173 Rankena su rankenomis Gamintojas Juoda Raudona Balta Baldo tipas Komodos PVM 23% EAN 5906123124607<\/p>","protected":false},"excerpt":{"rendered":"<p>\u201eMultiDo\u201c \u2013 funkcionali komoda bet kokiam kambariui. 7S\/45 cm \u201eMultiDo\u201c komoda yra modernus ir prakti\u0161kas baldas, puikiai tiksiantis \u012fvairiuose interjeruose. D\u0117l minimalistinio dizaino ir keturi\u0173 spalv\u0173 variant\u0173 (balta, dirbtinio \u0105\u017euolo, grafito, \u0161viesi atelj\u0117) j\u0105 lengvai priderinsite prie [\u2026]<\/p>","protected":false},"featured_media":259733,"comment_status":"open","ping_status":"open","template":"","meta":[],"product_brand":[],"product_cat":[9200,1173],"product_tag":[],"class_list":{"0":"post-259732","1":"product","2":"type-product","3":"status-publish","4":"has-post-thumbnail","6":"product_cat-black-red-white","7":"product_cat-chests-of-drawers","9":"first","10":"instock","11":"purchasable","12":"product-type-simple"},"_links":{"self":[{"href":"https:\/\/baldumarket.lt\/lt\/wp-json\/wp\/v2\/product\/259732","targetHints":{"allow":["GET"]}}],"collection":[{"href":"https:\/\/baldumarket.lt\/lt\/wp-json\/wp\/v2\/product"}],"about":[{"href":"https:\/\/baldumarket.lt\/lt\/wp-json\/wp\/v2\/types\/product"}],"replies":[{"embeddable":true,"href":"https:\/\/baldumarket.lt\/lt\/wp-json\/wp\/v2\/comments?post=259732"}],"wp:featuredmedia":[{"embeddable":true,"href":"https:\/\/baldumarket.lt\/lt\/wp-json\/wp\/v2\/media\/259733"}],"wp:attachment":[{"href":"https:\/\/baldumarket.lt\/lt\/wp-json\/wp\/v2\/media?parent=259732"}],"wp:term":[{"taxonomy":"product_brand","embeddable":true,"href":"https:\/\/baldumarket.lt\/lt\/wp-json\/wp\/v2\/product_brand?post=259732"},{"taxonomy":"product_cat","embeddable":true,"href":"https:\/\/baldumarket.lt\/lt\/wp-json\/wp\/v2\/product_cat?post=259732"},{"taxonomy":"product_tag","embeddable":true,"href":"https:\/\/baldumarket.lt\/lt\/wp-json\/wp\/v2\/product_tag?post=259732"}],"curies":[{"name":"wp","href":"https:\/\/api.w.org\/{rel}","templated":true}]}}