{"id":259644,"date":"2026-01-13T22:46:07","date_gmt":"2026-01-13T19:46:07","guid":{"rendered":"https:\/\/baldumarket.lt\/product\/komoda-trzydrzwiowa-z-witryna-i-dwoma-szufladami-balin-160-cm-dab-monastery-dab-czarny\/"},"modified":"2026-02-11T18:29:49","modified_gmt":"2026-02-11T15:29:49","slug":"komoda-trzydrzwiowa-z-witryna-i-dwoma-szufladami-balin-160-cm-dab-monastery-dab-czarny","status":"publish","type":"product","link":"https:\/\/baldumarket.lt\/lt\/product\/komoda-trzydrzwiowa-z-witryna-i-dwoma-szufladami-balin-160-cm-dab-monastery-dab-czarny\/","title":{"rendered":"Trij\u0173 dur\u0173 komoda su vitrina ir dviem stal\u010diais BALIN 160 cm, vienuolyno \u0105\u017euolas\/juodas \u0105\u017euolas"},"content":{"rendered":"<p>\u201eBalin\u201c komoda \u2013 erdvi vieta j\u016bs\u0173 lobiams laikyti ir eksponuoti. Jei ie\u0161kote baldo, kuriame der\u0117t\u0173 modernus dizainas ir klasikin\u0117 elegancija, \u201eBalin\u201c kolekcija kaip tik Jums. \u201eBalin\u201c komoda \u2013 tai unikalus baldas, kuris ne tik traukia d\u0117mes\u012f, bet ir \u017eavi savo funkcionalumu. \u201eBalin\u201c komoda i\u0161siskiria paprasta, tvirta konstrukcija, puikiai subalansuota kruop\u0161\u010diai parinkt\u0173 akcent\u0173. \u0160is modernaus ir klasikinio stiliaus derinys paver\u010dia j\u0105 universaliu baldu, kuris puikiai dera prie \u012fvairi\u0173 interjero dizain\u0173. Jei svarstote, kas daro \u201eBalin\u201c komod\u0105 toki\u0105 ypating\u0105, atsakymas paprastas: jos erdvumas ir elegancija. I\u0161or\u0117je yra dvi vitrinos, puikiai tinkan\u010dios \u0161eimos ar kelioni\u0173 suvenyrams eksponuoti. Be to, komodoje yra du patog\u016bs stal\u010diai ir prakti\u0161ka spintel\u0117, kurioje yra daug vietos \u012fvairiems daiktams laikyti. Siekiant sukurti unikali\u0105 atmosfer\u0105 ir pabr\u0117\u017eti laikom\u0173 daikt\u0173 gro\u017e\u012f, \u201eBalin\u201c komodoje po stiklin\u0117mis lentynomis \u012frengtas LED ap\u0161vietimas. \u0160is sprendimas ne tik suteikia baldui \u017eavesio, bet ir padeda geriausiai ap\u0161viesti j\u016bs\u0173 lobius. Lyg\u016bs \u201eBalin\u201c komodos fasadai yra apsupti pastorinto korpuso, suteikian\u010dio baldui klasikin\u012f ir tvirt\u0105 stili\u0173. \u0160is klasikin\u0117s elegancijos ir modernaus minimalizmo derinys paver\u010dia \u201eBalin\u201c komod\u0105 baldu, kuris puikiai dera prie \u012fvairi\u0173 skoni\u0173 ir interjero dizain\u0173. Pasirink\u0119 \u201eBalin\u201c komod\u0105, galite rinktis i\u0161 dviej\u0173 mading\u0173 spalv\u0173 variant\u0173: auksinio Sibiu maumed\u017eio ir vienuolyno \u0105\u017euolo \/ juodojo \u0105\u017euolo. Tai rei\u0161kia, kad bald\u0105 galite priderinti prie savo interjero ir asmeninio stiliaus. I\u0161vaizda n\u0117ra vienintelis veiksnys; patogumas taip pat labai svarbus. \u201eBalin\u201c komoda turi \u0161velnaus u\u017edarymo vyrius, tod\u0117l dureli\u0173 ir stal\u010di\u0173 atidarymas ir u\u017edarymas yra itin lengvas ir malonus. \u201eBalin\u201c komod\u0105 galima derinti su \u012fvairiais kolekcijoje esan\u010diais moduliais. Galite sukurti visapusi\u0161k\u0105 interjero dizain\u0105, kuris puikiai atitiks j\u016bs\u0173 poreikius ir skon\u012f. Trumpai tariant, \u201eBalin\u201c komoda yra ne tik daikt\u0173 laikymo spintel\u0117, bet ir unikalus dekoratyvinis elementas, kuris suteiks j\u016bs\u0173 interjerui elegancijos ir stiliaus. D\u0117l savo talpos, funkcionalumo ir estetikos gausite bald\u0105, kuris atitiks visus j\u016bs\u0173 l\u016bkes\u010dius. Pasirinkite \u201eBalin\u201c komod\u0105 ir m\u0117gaukit\u0117s jos gro\u017eiu bei naudingumu daugel\u012f met\u0173.<\/p>\n<p>Prek\u0117s kodas S365-KOM1D2W2S-DMON\/DCA Simbolis ZM EAN Plotis 160 cm Gylis 45 cm Auk\u0161tis 124,5 cm Kolekcija Balin Spalva vienuolyno \u0105\u017euolas\/juodas \u0105\u017euolas Atspalvis tamsi mediena Stilius modernus Med\u017eiaga laminatas Dureli\u0173 skai\u010dius 3 dur\u0173 Stal\u010di\u0173 skai\u010dius 2 stal\u010diai Rankena su ranken\u0117l\u0117mis Ap\u0161vietimas su ap\u0161vietimu Gamintojas Juoda Raudona Balta Baldo tipas Komodos PVM 23% EAN 5906123927215<\/p>","protected":false},"excerpt":{"rendered":"<p>The Balin Chest of Drawers \u2013 Spacious Storage and Display for Your Treasures. If you&#8217;re looking for a piece of furniture that combines modern design with classic elegance, the Balin collection is perfect for you. The Balin Chest of Drawers is a unique piece that not only attracts attention but also impresses with its functionality. [&hellip;]<\/p>","protected":false},"featured_media":259645,"comment_status":"open","ping_status":"open","template":"","meta":[],"product_brand":[],"product_cat":[9200,1173],"product_tag":[],"class_list":{"0":"post-259644","1":"product","2":"type-product","3":"status-publish","4":"has-post-thumbnail","6":"product_cat-black-red-white","7":"product_cat-chests-of-drawers","9":"first","10":"instock","11":"purchasable","12":"product-type-simple"},"_links":{"self":[{"href":"https:\/\/baldumarket.lt\/lt\/wp-json\/wp\/v2\/product\/259644","targetHints":{"allow":["GET"]}}],"collection":[{"href":"https:\/\/baldumarket.lt\/lt\/wp-json\/wp\/v2\/product"}],"about":[{"href":"https:\/\/baldumarket.lt\/lt\/wp-json\/wp\/v2\/types\/product"}],"replies":[{"embeddable":true,"href":"https:\/\/baldumarket.lt\/lt\/wp-json\/wp\/v2\/comments?post=259644"}],"wp:featuredmedia":[{"embeddable":true,"href":"https:\/\/baldumarket.lt\/lt\/wp-json\/wp\/v2\/media\/259645"}],"wp:attachment":[{"href":"https:\/\/baldumarket.lt\/lt\/wp-json\/wp\/v2\/media?parent=259644"}],"wp:term":[{"taxonomy":"product_brand","embeddable":true,"href":"https:\/\/baldumarket.lt\/lt\/wp-json\/wp\/v2\/product_brand?post=259644"},{"taxonomy":"product_cat","embeddable":true,"href":"https:\/\/baldumarket.lt\/lt\/wp-json\/wp\/v2\/product_cat?post=259644"},{"taxonomy":"product_tag","embeddable":true,"href":"https:\/\/baldumarket.lt\/lt\/wp-json\/wp\/v2\/product_tag?post=259644"}],"curies":[{"name":"wp","href":"https:\/\/api.w.org\/{rel}","templated":true}]}}