{"id":259636,"date":"2026-01-13T22:46:00","date_gmt":"2026-01-13T19:46:00","guid":{"rendered":"https:\/\/baldumarket.lt\/product\/komoda-trzydrzwiowa-z-trzema-szufladami-saturn-135-cm-dab-flagstaff-ciemny\/"},"modified":"2026-02-11T18:29:49","modified_gmt":"2026-02-11T15:29:49","slug":"komoda-trzydrzwiowa-z-trzema-szufladami-saturn-135-cm-dab-flagstaff-ciemny","status":"publish","type":"product","link":"https:\/\/baldumarket.lt\/lt\/product\/komoda-trzydrzwiowa-z-trzema-szufladami-saturn-135-cm-dab-flagstaff-ciemny\/","title":{"rendered":"SATURN komoda su trimis durimis, 135 cm, tamsus \u0105\u017euolas, v\u0117liavos spalvos"},"content":{"rendered":"<p>\u2019Saturn\u201c komoda \u2013 atraskite nauj\u0105 daikt\u0173 laikymo dimensij\u0105. \u0160iomis dienomis bald\u0173 funkcionalumas yra toks pat svarbus kaip ir estetika. \u201eSaturn\u201c komoda yra ne tik eleganti\u0161kas j\u016bs\u0173 interjero papildymas, bet ir modernus po\u017ei\u016bris \u012f daikt\u0173 laikym\u0105. Pasinerkite \u012f nauj\u0105 daikt\u0173 laikymo dimensij\u0105 d\u0117l unikali\u0173 \u0161io baldo savybi\u0173. Korpusas ir priekin\u0117 dalis pagaminti i\u0161 16 mm storio med\u017eio dro\u017eli\u0173 plok\u0161t\u0117s, u\u017etikrinan\u010dios patvarum\u0105 ir lengv\u0105 konstrukcij\u0105. Galima rinktis i\u0161 trij\u0173 spalv\u0173 \u2013 baltos, dirbtinio \u0105\u017euolo ir tamsaus \u0105\u017euolo \u2013 kurios leid\u017eia pritaikyti komod\u0105 pagal j\u016bs\u0173 individualius pageidavimus ir interjero dizaino stili\u0173. Trys varstomi fasadai yra novatori\u0161kas sprendimas, suteikiantis komodai modernumo ir lengvumo. Tai leid\u017eia lengvai ir patogiai pasiekti laikomus daiktus, be to, tai esteti\u0161kai patrauklu. Fasad\u0173 atidarymas ir u\u017edarymas tampa malonumu, o komoda tampa ne tik prakti\u0161ku, bet ir dizaino elementu. Trys stal\u010diai yra dar viena savyb\u0117, pagerinanti \u201eSaturn\u201c komodos funkcionalum\u0105. Jie leid\u017eia sutvarkyti laikomus daiktus, tod\u0117l lengviau palaikyti tvark\u0105 erdv\u0117je. Stal\u010diai taip pat suteikia lengv\u0105 prieig\u0105 prie laikom\u0173 daikt\u0173, o tai labai svarbu kasdieniam naudojimui. Trumpai tariant, \u201eSaturn\u201c komoda yra ne tik daikt\u0173 laikymo spintel\u0117, bet ir moderni funkcionalumo bei estetikos interpretacija. Unikalus dizainas, spalv\u0173 \u012fvairov\u0117 ir novatori\u0161ki sprendimai paver\u010dia daikt\u0173 laikym\u0105 malonumu, tod\u0117l \u201eSaturn\u201c komoda yra nepakei\u010diamas modernios gyvenamosios erdv\u0117s elementas. Atraskite nauj\u0105 daikt\u0173 laikymo dimensij\u0105 su \u201eSaturn\u201c komoda!<\/p>\n<p>Prek\u0117s kodas L141-KOM3D3S-DFC Simbolis ZM EAN Plotis 135 cm Gylis 42 cm Auk\u0161tis 81 cm Kolekcija Saturn Spalva tamsus v\u0117liav\u0117l\u0117s formos \u0105\u017euolas Atspalvis tamsus medis Stilius modernus Med\u017eiaga laminatas Dureli\u0173 skai\u010dius 3 dur\u0173 Stal\u010di\u0173 skai\u010dius 3 stal\u010diai Rankena be ranken\u0117li\u0173 Gamintojas Juoda Raudona Balta Baldo tipas Komodos PVM 23% EAN 5906123603867<\/p>","protected":false},"excerpt":{"rendered":"<p>\u201eSaturn\u201c komoda \u2013 atraskite nauj\u0105 daikt\u0173 laikymo dimensij\u0105. \u0160iomis dienomis bald\u0173 funkcionalumas yra toks pat svarbus kaip ir estetika. \u201eSaturn\u201c komoda yra ne tik eleganti\u0161kas j\u016bs\u0173 interjero papildymas, bet ir modernus po\u017ei\u016bris \u012f daikt\u0173 laikym\u0105. Pasinerkite \u012f nauj\u0105 daikt\u0173 laikymo dimensij\u0105 d\u0117ka unikali\u0173 [\u2026] savybi\u0173.<\/p>","protected":false},"featured_media":259637,"comment_status":"open","ping_status":"open","template":"","meta":[],"product_brand":[],"product_cat":[9200,1173],"product_tag":[],"class_list":{"0":"post-259636","1":"product","2":"type-product","3":"status-publish","4":"has-post-thumbnail","6":"product_cat-black-red-white","7":"product_cat-chests-of-drawers","9":"first","10":"instock","11":"purchasable","12":"product-type-simple"},"_links":{"self":[{"href":"https:\/\/baldumarket.lt\/lt\/wp-json\/wp\/v2\/product\/259636","targetHints":{"allow":["GET"]}}],"collection":[{"href":"https:\/\/baldumarket.lt\/lt\/wp-json\/wp\/v2\/product"}],"about":[{"href":"https:\/\/baldumarket.lt\/lt\/wp-json\/wp\/v2\/types\/product"}],"replies":[{"embeddable":true,"href":"https:\/\/baldumarket.lt\/lt\/wp-json\/wp\/v2\/comments?post=259636"}],"wp:featuredmedia":[{"embeddable":true,"href":"https:\/\/baldumarket.lt\/lt\/wp-json\/wp\/v2\/media\/259637"}],"wp:attachment":[{"href":"https:\/\/baldumarket.lt\/lt\/wp-json\/wp\/v2\/media?parent=259636"}],"wp:term":[{"taxonomy":"product_brand","embeddable":true,"href":"https:\/\/baldumarket.lt\/lt\/wp-json\/wp\/v2\/product_brand?post=259636"},{"taxonomy":"product_cat","embeddable":true,"href":"https:\/\/baldumarket.lt\/lt\/wp-json\/wp\/v2\/product_cat?post=259636"},{"taxonomy":"product_tag","embeddable":true,"href":"https:\/\/baldumarket.lt\/lt\/wp-json\/wp\/v2\/product_tag?post=259636"}],"curies":[{"name":"wp","href":"https:\/\/api.w.org\/{rel}","templated":true}]}}