{"id":259612,"date":"2026-01-13T22:45:40","date_gmt":"2026-01-13T19:45:40","guid":{"rendered":"https:\/\/baldumarket.lt\/product\/komoda-trzydrzwiowa-z-trzema-szufladami-ruso-149-cm-dab-april-perlowy-polysk\/"},"modified":"2026-02-11T18:29:49","modified_gmt":"2026-02-11T15:29:49","slug":"komoda-trzydrzwiowa-z-trzema-szufladami-ruso-149-cm-dab-april-perlowy-polysk","status":"publish","type":"product","link":"https:\/\/baldumarket.lt\/lt\/product\/komoda-trzydrzwiowa-z-trzema-szufladami-ruso-149-cm-dab-april-perlowy-polysk\/","title":{"rendered":"RUSO trij\u0173 dur\u0173 komoda su trimis stal\u010diais, 149 cm, baland\u017eio \u0105\u017euolo spalva \/ perl\u0173 blizgesys"},"content":{"rendered":"<p>\u2019Ruso\u2019 komoda \u2013 maksimali daikt\u0173 saugojimo vieta ir elegancija. Jei ie\u0161kote tobulo daikt\u0173 laikymo bloko savo eleganti\u0161kai svetainei, \u2019Ruso\u201c kolekcija tikrai pateisins j\u016bs\u0173 l\u016bkes\u010dius. \u0160i komoda sujungia paprast\u0105 form\u0105, intriguojan\u010di\u0105 spalv\u0173 gam\u0105 ir subtilias detales, suteikian\u010dias interjerui unikal\u0173 charakter\u012f. \u0160tai kod\u0117l \u201eRuso\u201c komoda nusipelno j\u016bs\u0173 d\u0117mesio: \u201eRuso\u201c komoda yra tikras j\u016bs\u0173 svetain\u0117s puo\u0161muo. Tur\u0117dama tris stal\u010dius smulkiems daiktams ir tris erdvias spinteles, turite neribotas galimybes laikyti \u012fvairius svetain\u0117s daiktus \u2013 nuo knyg\u0173 iki dekoratyvini\u0173 daikt\u0173. Platus komodos stal\u010dius leid\u017eia eksponuoti ak\u012f traukian\u010dius aksesuarus, tokius kaip vazos, fig\u016br\u0117l\u0117s ar nuotrauk\u0173 r\u0117meliai. Tai puiki vieta i\u0161reik\u0161ti savo stili\u0173 ir asmenyb\u0119. Tamsiai matin\u0117s juodos komodos fasadai puikiai dera su sodrios \u201eApril Oak\u201c spalvos korpusu. \u0160is spalv\u0173 derinys suteikia baldui eleganti\u0161k\u0105 ir modern\u0173 poj\u016bt\u012f. Matoma medienos tekst\u016bra ir dekoratyviniai cokoliai suteikia komodai vizualinio patrauklumo. \u012edubimai fasaduose tarnauja kaip unikalios rankenos, ne tik suteikian\u010dios baldui modernumo, bet ir palengvinan\u010dios prieig\u0105 prie jo turinio. Komoda komplektuojama su matin\u0117s lavos spalvos juostele, kuri\u0105 galima \u012fmontuoti \u012f fasad\u0173 \u012fdubas. \u0160i detal\u0117 pagerina baldo estetik\u0105 ir suteikia jam unikali\u0105 i\u0161vaizd\u0105. Komodos priedai, tokie kaip b\u0117geliai ir vyriai, turi \u0161velnaus u\u017edarymo sistem\u0105. Tai leid\u017eia fasadams u\u017esidaryti tyliai, taip padidinant komfort\u0105. Derinkite \u201eRuso\u201c komod\u0105 su kitais \u201eRuso\u201c kolekcijos baldais, kad sukurtum\u0117te unikal\u0173 ir darn\u0173 svetain\u0117s i\u0161d\u0117stym\u0105, puikiai pritaikyt\u0105 j\u016bs\u0173 \u0161eimos poreikiams. Trumpai tariant, \u201eRuso\u201c komoda yra baldas, kuris ne tik u\u017etikrina maksimali\u0105 talp\u0105 daiktams, bet ir suteikia j\u016bs\u0173 svetainei elegancijos bei stiliaus. Puikus dizainas, kruop\u0161ti apdaila ir prakti\u0161ki sprendimai padarys j\u016bs\u0173 erdv\u0119 ne tik funkcionalesn\u0119, bet ir gra\u017eesn\u0119. Su \u201eRuso\u201c kolekcija galite susikurti unikal\u0173 svetain\u0117s i\u0161d\u0117stym\u0105, kuris atspind\u0117s j\u016bs\u0173 unikal\u0173 skon\u012f ir patenkins visus j\u016bs\u0173 \u0161eimos poreikius.<\/p>\n<p>Prek\u0117s kodas S407-KOM3D3S-DARL\/PEP Simbolis ZM EAN Plotis 149 cm Gylis 45,5 cm Auk\u0161tis 98,5 cm Kolekcija Ruso Spalva baland\u017eio spalvos \u0105\u017euolas\/perlamutrinis blizgus Atspalvis tamsi mediena Stilius modernus Med\u017eiaga laminatas Dureli\u0173 skai\u010dius 3 dur\u0173 Stal\u010di\u0173 skai\u010dius 3 stal\u010diai Rankena be ranken\u0117li\u0173 Gamintojas Juoda Raudona Balta Baldo tipas Komodos PVM 23% EAN 5906123944434<\/p>","protected":false},"excerpt":{"rendered":"<p>\u201eRuso\u201c komoda \u2013 maksimali daikt\u0173 saugojimo vieta ir elegancija. Jei ie\u0161kote tobulo daikt\u0173 laikymo bloko savo eleganti\u0161kai svetainei, \u201eRuso\u201c kolekcija tikrai pateisins j\u016bs\u0173 l\u016bkes\u010dius. \u0160i komoda apjungia paprast\u0105 form\u0105, intriguojan\u010di\u0105 spalv\u0173 gam\u0105 ir subtilias detales, suteikian\u010dias interjerui unikal\u0173 charakter\u012f. \u0160tai kod\u0117l [\u2026]<\/p>","protected":false},"featured_media":259613,"comment_status":"open","ping_status":"open","template":"","meta":[],"product_brand":[],"product_cat":[9200,1173],"product_tag":[],"class_list":{"0":"post-259612","1":"product","2":"type-product","3":"status-publish","4":"has-post-thumbnail","6":"product_cat-black-red-white","7":"product_cat-chests-of-drawers","9":"first","10":"instock","11":"purchasable","12":"product-type-simple"},"_links":{"self":[{"href":"https:\/\/baldumarket.lt\/lt\/wp-json\/wp\/v2\/product\/259612","targetHints":{"allow":["GET"]}}],"collection":[{"href":"https:\/\/baldumarket.lt\/lt\/wp-json\/wp\/v2\/product"}],"about":[{"href":"https:\/\/baldumarket.lt\/lt\/wp-json\/wp\/v2\/types\/product"}],"replies":[{"embeddable":true,"href":"https:\/\/baldumarket.lt\/lt\/wp-json\/wp\/v2\/comments?post=259612"}],"wp:featuredmedia":[{"embeddable":true,"href":"https:\/\/baldumarket.lt\/lt\/wp-json\/wp\/v2\/media\/259613"}],"wp:attachment":[{"href":"https:\/\/baldumarket.lt\/lt\/wp-json\/wp\/v2\/media?parent=259612"}],"wp:term":[{"taxonomy":"product_brand","embeddable":true,"href":"https:\/\/baldumarket.lt\/lt\/wp-json\/wp\/v2\/product_brand?post=259612"},{"taxonomy":"product_cat","embeddable":true,"href":"https:\/\/baldumarket.lt\/lt\/wp-json\/wp\/v2\/product_cat?post=259612"},{"taxonomy":"product_tag","embeddable":true,"href":"https:\/\/baldumarket.lt\/lt\/wp-json\/wp\/v2\/product_tag?post=259612"}],"curies":[{"name":"wp","href":"https:\/\/api.w.org\/{rel}","templated":true}]}}