{"id":259596,"date":"2026-01-13T22:45:25","date_gmt":"2026-01-13T19:45:25","guid":{"rendered":"https:\/\/baldumarket.lt\/product\/komoda-trzydrzwiowa-z-trzema-szufladami-romance-1395-cm-modrzew-sibiu-jasny-dab-sanremo-jasny\/"},"modified":"2026-02-11T18:29:49","modified_gmt":"2026-02-11T15:29:49","slug":"komoda-trzydrzwiowa-z-trzema-szufladami-romance-1395-cm-modrzew-sibiu-jasny-dab-sanremo-jasny","status":"publish","type":"product","link":"https:\/\/baldumarket.lt\/lt\/product\/komoda-trzydrzwiowa-z-trzema-szufladami-romance-1395-cm-modrzew-sibiu-jasny-dab-sanremo-jasny\/","title":{"rendered":"Trij\u0173 dur\u0173 komoda su trimis stal\u010diais ROMANCE 139,5 cm \u0161viesus Sibiu maumedis\/\u0161viesus San Remo \u0105\u017euolas"},"content":{"rendered":"<p>\u2019Romance\u2019 komoda \u2013 talpos ir elegancijos harmonija. J\u016bs\u0173 svetain\u0117 \u2013 tai erdv\u0117, kurioje elegancija ir jaukumas susilieja \u012f vien\u0105 darni\u0105 visum\u0105. Skandinavi\u0161ko dizaino \u012fkv\u0117pta \u2019Romance\u201c kolekcija j\u016bs\u0173 svetainei suteiks ne tik stiliaus, bet ir funkcionalumo. \u201eRomance\u201c komoda si\u016blo ne tik daug vietos daiktams susid\u0117ti, bet ir akcent\u0105, kuris i\u0161skirs j\u016bs\u0173 erdv\u0119. Komodos talpa yra vienas i\u0161 daugelio jos privalum\u0173. Prakti\u0161kos spintel\u0117s ir trys patog\u016bs stal\u010diai leid\u017eia efektyviai susisteminti \u012fvairius daiktus, i\u0161laikant interjero estetik\u0105. Ilgas komodos stalvir\u0161is \u2013 puiki vieta eksponuoti \u0161eimos nuotraukas, dekoratyvinius daiktus ar \u0161vie\u017eias g\u0117les. \u201eRomance\u201c kolekcija i\u0161siskiria \u017eaviu \u0161viesi\u0173 Sibiu maumed\u017eio fasad\u0173 ir San Remo \u0105\u017euolu da\u017eyt\u0173 vir\u0161utini\u0173 ir apatini\u0173 kra\u0161t\u0173 deriniu. \u0160is derinys suteikia baldams lengvumo, kartu prid\u0117damas charakterio ir elegancijos. Fasad\u0173 r\u0117mai \u2013 tai detal\u0117s, pabr\u0117\u017eian\u010dios kolekcijos tvirtum\u0105, primenan\u010dios tradicinius \u0160iaur\u0117s Europos baldus. \u0160ie subtilumai paver\u010dia komod\u0105 ne tik prakti\u0161ku baldu, bet ir esteti\u0161ku interjero papildymu. Dizaineri\u0173 sukurti aksesuarai ir paprastos sidabrin\u0117s ranken\u0117l\u0117s u\u017etikrina lengv\u0105 prieig\u0105 prie komodos turinio. Ergonomi\u0161ki sprendimai leid\u017eia ja naudotis patogiai ir intuityviai. Komoda \u201eRomance\u201c yra tik vienas i\u0161 daugelio kolekcijos element\u0173, \u012f kuri\u0105 taip pat \u012feina komodos, knyg\u0173 lentynos, televizoriaus staliukai, lentynos ir veidrod\u017eiai. Sujunkite \u0161iuos elementus, kad sukurtum\u0117te darni\u0105 ir ergonomi\u0161k\u0105 svetain\u0119, kurioje funkcionalumas dera su elegancija. Tegul komoda \u201eRomance\u201c tampa j\u016bs\u0173 svetain\u0117s \u0161irdimi, suteikian\u010dia harmonijos, stiliaus ir tvarkos.<\/p>\n<p>Prek\u0117s kodas S331-KOM3D3S-MSJ\/DSAJ Simbolis ZM EAN Plotis 139,5 cm Gylis 45 cm Auk\u0161tis 88,5 cm Kolekcija Romance Spalva \u0161viesi Sibiu maumedis\/\u0161viesi San Remo \u0105\u017euolas Gaubtas \u0161viesi mediena Stilius modernus Med\u017eiaga laminatas Dureli\u0173 skai\u010dius 3 dur\u0173 Stal\u010di\u0173 skai\u010dius 3 stal\u010diai Rankena su ranken\u0117l\u0117mis Gamintojas Juoda Raudona Balta Baldo tipas Komodos PVM 23% EAN 5906123925891<\/p>","protected":false},"excerpt":{"rendered":"<p>Komoda \u201eRomance\u201c \u2013 talpos ir elegancijos harmonija. J\u016bs\u0173 svetain\u0117 \u2013 tai erdv\u0117, kurioje elegancija ir jaukumas susilieja \u012f vien\u0105 darni\u0105 visum\u0105. Skandinavi\u0161ko dizaino \u012fkv\u0117pta kolekcija \u201eRomance\u201c \u012fne\u0161 \u012f j\u016bs\u0173 svetain\u0119 ne tik stiliaus, bet ir funkcionalumo. Komoda \u201eRomance\u201c si\u016blo ne tik daug vietos daiktams susid\u0117ti [\u2026]<\/p>","protected":false},"featured_media":259597,"comment_status":"open","ping_status":"open","template":"","meta":[],"product_brand":[],"product_cat":[9200,1173],"product_tag":[],"class_list":{"0":"post-259596","1":"product","2":"type-product","3":"status-publish","4":"has-post-thumbnail","6":"product_cat-black-red-white","7":"product_cat-chests-of-drawers","9":"first","10":"instock","11":"purchasable","12":"product-type-simple"},"_links":{"self":[{"href":"https:\/\/baldumarket.lt\/lt\/wp-json\/wp\/v2\/product\/259596","targetHints":{"allow":["GET"]}}],"collection":[{"href":"https:\/\/baldumarket.lt\/lt\/wp-json\/wp\/v2\/product"}],"about":[{"href":"https:\/\/baldumarket.lt\/lt\/wp-json\/wp\/v2\/types\/product"}],"replies":[{"embeddable":true,"href":"https:\/\/baldumarket.lt\/lt\/wp-json\/wp\/v2\/comments?post=259596"}],"wp:featuredmedia":[{"embeddable":true,"href":"https:\/\/baldumarket.lt\/lt\/wp-json\/wp\/v2\/media\/259597"}],"wp:attachment":[{"href":"https:\/\/baldumarket.lt\/lt\/wp-json\/wp\/v2\/media?parent=259596"}],"wp:term":[{"taxonomy":"product_brand","embeddable":true,"href":"https:\/\/baldumarket.lt\/lt\/wp-json\/wp\/v2\/product_brand?post=259596"},{"taxonomy":"product_cat","embeddable":true,"href":"https:\/\/baldumarket.lt\/lt\/wp-json\/wp\/v2\/product_cat?post=259596"},{"taxonomy":"product_tag","embeddable":true,"href":"https:\/\/baldumarket.lt\/lt\/wp-json\/wp\/v2\/product_tag?post=259596"}],"curies":[{"name":"wp","href":"https:\/\/api.w.org\/{rel}","templated":true}]}}