{"id":259592,"date":"2026-01-13T22:45:22","date_gmt":"2026-01-13T19:45:22","guid":{"rendered":"https:\/\/baldumarket.lt\/product\/komoda-trzydrzwiowa-z-trzema-szufladami-hesen-199-cm-grafit-dab-artisan\/"},"modified":"2026-02-11T18:29:49","modified_gmt":"2026-02-11T15:29:49","slug":"komoda-trzydrzwiowa-z-trzema-szufladami-hesen-199-cm-grafit-dab-artisan","status":"publish","type":"product","link":"https:\/\/baldumarket.lt\/lt\/product\/komoda-trzydrzwiowa-z-trzema-szufladami-hesen-199-cm-grafit-dab-artisan\/","title":{"rendered":"HESEN komoda su trimis durimis ir stal\u010diais, 199 cm, grafito spalvos\/dirbtinio \u0105\u017euolo spalvos"},"content":{"rendered":"<p>\u201eHesen\u201c komoda \u2013 paprast\u0173 form\u0173 elegancija j\u016bs\u0173 interjerui. Jei vertinate baldus su paprastomis formomis, i\u0161laikan\u010diomis elegancij\u0105 ir universalum\u0105, \u201eHesen\u201c kolekcija pateisins j\u016bs\u0173 l\u016bkes\u010dius. \u0160ie baldai yra ne tik stilingi, bet ir lengvai prisitaiko prie \u012fvairi\u0173 interjero stili\u0173. Jei m\u0117gstate eksperimentuoti su aksesuarais ir keisti savo dekor\u0105, \u201eHesen\u201c komoda bus puikus fonas j\u016bs\u0173 k\u016brybin\u0117ms transformacijoms. \u201eHesen\u201c komoda yra ne tik eleganti\u0161kas daikt\u0173 laikymo baldas, bet ir dekoratyvinis elementas, suteikiantis j\u016bs\u0173 svetainei \u0161iaurieti\u0161ko stiliaus. Ji suteikia papildomos vietos daiktams susid\u0117ti, o platus stalvir\u0161is \u2013 puiki vieta \u0161eimos nuotraukoms ar kitoms dekoracijoms eksponuoti. Trys prakti\u0161ki stal\u010diai leid\u017eia susitvarkyti ma\u017eesnius daiktus. Viena vien\u0173 dur\u0173 spintel\u0117 suteikia vietos didesniems daiktams. Viena dvidur\u0117 spintel\u0117 suteikia dar daugiau vietos daiktams susid\u0117ti. Trys lentynos padalija spinteles \u012f \u0161e\u0161is prakti\u0161kus skyrius, tod\u0117l erdv\u0117s organizavimas tampa lengvesnis. Paprastas komodos dizainas puikiai papildo eleganti\u0161k\u0105 apdail\u0105. Grafito spalva komodoje gra\u017eiai kontrastuoja su dirbtinio \u0105\u017euolo arba \u0161viesaus Sibiu maumed\u017eio stalvir\u0161iu, o subtilus fasad\u0173 frezavimas ir ma\u017eos, smailios ranken\u0117l\u0117s suteikia baldui subtilumo. Papildomas \u201eHesen\u201c komodos privalumas \u2013 vyriai su \u012fmontuota \u0161velnaus u\u017edarymo sistema, d\u0117l kurios spintel\u0117mis naudotis patogu ir tylu. Stal\u010diai turi pilno i\u0161traukimo b\u0117gelius, tod\u0117l lengva pasiekti j\u0173 turin\u012f. \u201eHesen\u201c komoda yra ne tik prakti\u0161kas baldas, bet ir i\u0161skirtinis interjero elementas. Jei jums svarbus darnus dizainas, apsvarstykite kitus \u201eHesen\u201c kolekcijos baldus, kad sukurtum\u0117te harmoning\u0105 ir stiling\u0105 interjer\u0105 savo svetain\u0117je, miegamajame ar kitame kambaryje. Leiskite \u201eHesen\u201c komodai pad\u0117ti palaikyti tvark\u0105 ir suteikti namams elegancijos.<\/p>\n<p>Prek\u0117s kodas S515-KOM3D3S\/10\/20-GF\/DASN Simbolis ZM EAN Plotis 199 cm Gylis 44 cm Auk\u0161tis 96 cm Kolekcija Hesen Spalva grafito\/artisan \u0105\u017euolo Atspalvis grafito Stilius Skandinavi\u0161kas Dur\u0173 skai\u010dius 3 dur\u0173 Stal\u010di\u0173 skai\u010dius 3 stal\u010diai Rankena su ranken\u0117l\u0117mis Gamintojas Juoda Raudona Balta Baldo tipas Komodos PVM 23% EAN 5906123811880<\/p>","protected":false},"excerpt":{"rendered":"<p>\u201eHesen\u201c komoda \u2013 paprast\u0173 form\u0173 elegancija j\u016bs\u0173 interjerui. Jei vertinate paprast\u0173 form\u0173 baldus, i\u0161laikan\u010dius elegancij\u0105 ir universalum\u0105, \u201eHesen\u201c kolekcija pateisins j\u016bs\u0173 l\u016bkes\u010dius. \u0160ie baldai ne tik stilingi, bet ir lengvai prisitaiko prie \u012fvairi\u0173 interjero stili\u0173. Jei m\u0117gstate eksperimentuoti su aksesuarais ir keisti [\u2026]<\/p>","protected":false},"featured_media":259593,"comment_status":"open","ping_status":"open","template":"","meta":[],"product_brand":[],"product_cat":[9200,1173],"product_tag":[],"class_list":{"0":"post-259592","1":"product","2":"type-product","3":"status-publish","4":"has-post-thumbnail","6":"product_cat-black-red-white","7":"product_cat-chests-of-drawers","9":"first","10":"instock","11":"purchasable","12":"product-type-simple"},"_links":{"self":[{"href":"https:\/\/baldumarket.lt\/lt\/wp-json\/wp\/v2\/product\/259592","targetHints":{"allow":["GET"]}}],"collection":[{"href":"https:\/\/baldumarket.lt\/lt\/wp-json\/wp\/v2\/product"}],"about":[{"href":"https:\/\/baldumarket.lt\/lt\/wp-json\/wp\/v2\/types\/product"}],"replies":[{"embeddable":true,"href":"https:\/\/baldumarket.lt\/lt\/wp-json\/wp\/v2\/comments?post=259592"}],"wp:featuredmedia":[{"embeddable":true,"href":"https:\/\/baldumarket.lt\/lt\/wp-json\/wp\/v2\/media\/259593"}],"wp:attachment":[{"href":"https:\/\/baldumarket.lt\/lt\/wp-json\/wp\/v2\/media?parent=259592"}],"wp:term":[{"taxonomy":"product_brand","embeddable":true,"href":"https:\/\/baldumarket.lt\/lt\/wp-json\/wp\/v2\/product_brand?post=259592"},{"taxonomy":"product_cat","embeddable":true,"href":"https:\/\/baldumarket.lt\/lt\/wp-json\/wp\/v2\/product_cat?post=259592"},{"taxonomy":"product_tag","embeddable":true,"href":"https:\/\/baldumarket.lt\/lt\/wp-json\/wp\/v2\/product_tag?post=259592"}],"curies":[{"name":"wp","href":"https:\/\/api.w.org\/{rel}","templated":true}]}}