{"id":259584,"date":"2026-01-13T22:45:15","date_gmt":"2026-01-13T19:45:15","guid":{"rendered":"https:\/\/baldumarket.lt\/product\/komoda-trzydrzwiowa-z-trzema-szufladami-bergen-156-cm-modrzew-sibiu-zloty\/"},"modified":"2026-02-11T18:29:50","modified_gmt":"2026-02-11T15:29:50","slug":"komoda-trzydrzwiowa-z-trzema-szufladami-bergen-156-cm-modrzew-sibiu-zloty","status":"publish","type":"product","link":"https:\/\/baldumarket.lt\/lt\/product\/komoda-trzydrzwiowa-z-trzema-szufladami-bergen-156-cm-modrzew-sibiu-zloty\/","title":{"rendered":"BERGEN komoda su trimis durimis, 156 cm, Sibiu maumed\u017eio aukso spalvos"},"content":{"rendered":"<p>Bergen komoda \u2013 i\u0161skirtin\u0117 talpa j\u016bs\u0173 poreikiams. Bergen kolekcija \u2013 tai \u017eavus geometrini\u0173 form\u0173, unikali\u0173 detali\u0173 ir prislopint\u0173 spalv\u0173 derinys, puikiai atrodantis tiek svetain\u0117je, tiek miegamajame. Jei ie\u0161kote baldo, kuriame tilps visi j\u016bs\u0173 lobiai, Bergen komoda yra puikus sprendimas, tinkantis ne tik miegamajam, bet ir kitiems kambariams. Joje yra trys erdvios spintel\u0117s ir trys patog\u016bs stal\u010diai, kurie pad\u0117s sutvarkyti erdv\u0119 ir laikyti \u012fvairius daiktus. Paprast\u0105 komodos form\u0105 puo\u0161ia i\u0161skirtinis \u201c\u012fdubimas\u201d \u0161oniniuose kra\u0161tuose, taip pat i\u0161siki\u0161\u0119s, tiesus cokolis ir nuo\u017eulninti priekiniai kra\u0161tai, suteikiantys baldui modern\u0173 ir stiling\u0105 vaizd\u0105. \u0160ilta auksin\u0117 Sibiu maumed\u017eio mediena suteikia interjerui unikali\u0105 atmosfer\u0105 ir yra pagrindas kurti stilingus i\u0161d\u0117stymus. Taip pat vertos d\u0117mesio komodos detal\u0117s \u2013 auk\u0161tos, nuo\u017eulnios kojel\u0117s ir metalin\u0117s rankenos suteikia \u0161iam erdviam baldui charakterio. Siekiant u\u017etikrinti maksimal\u0173 komfort\u0105, komoda apr\u016bpinta firminiais aksesuarais su \u0161velnaus u\u017edarymo sistema. B\u0117gikl\u0117s su specialiais stabd\u017eiais leid\u017eia bald\u0173 fasadams u\u017esidaryti tyliai ir skland\u017eiai, be nereikalingo triuk\u0161mo. \u201eBergen\u201c kolekcijoje taip pat si\u016blomas platus bald\u0173 form\u0173 pasirinkimas, leid\u017eiantis sukurti funkcionalius i\u0161d\u0117stymus, pritaikytus j\u016bs\u0173 \u0161eimos poreikiams. \u0160is lankstus sprendimas leid\u017eia suplanuoti darni\u0105 ir prakti\u0161k\u0105 erdv\u0119. Trumpai tariant, \u201eBergen\u201c komoda yra puikus sprendimas, jei jums reikia vietos daiktams susid\u0117ti. Ji leis viskam b\u016bti ranka pasiekiamam, kartu i\u0161laikant estetin\u012f j\u016bs\u0173 interjero patrauklum\u0105.<\/p>\n<p>Prek\u0117s kodas S359-KOM3D3S-MSZ Simbolis ZM EAN Plotis 156 cm Gylis 47 cm Auk\u0161tis 98 cm Kolekcija Bergen Spalva maumedis sibiu auksinis Atspalvis tamsi mediena Stilius klasikinis Med\u017eiaga laminatas Dureli\u0173 skai\u010dius 3 dur\u0173 Stal\u010di\u0173 skai\u010dius 3 stal\u010diai Rankena su rankenomis Gamintojas Juoda Raudona Balta Baldo tipas Komodos PVM 23% EAN 5906123926638<\/p>","protected":false},"excerpt":{"rendered":"<p>Bergen komoda \u2013 i\u0161skirtin\u0117 talpa j\u016bs\u0173 poreikiams. Bergen kolekcija \u2013 tai \u017eavus geometrini\u0173 form\u0173, unikali\u0173 detali\u0173 ir prislopint\u0173 spalv\u0173 derinys, puikiai atrodantis tiek svetain\u0117je, tiek miegamajame. Jei ie\u0161kote baldo, kuriame tilps visi j\u016bs\u0173 lobiai, Bergen komoda [\u2026]<\/p>","protected":false},"featured_media":259585,"comment_status":"open","ping_status":"open","template":"","meta":[],"product_brand":[],"product_cat":[9200,1173],"product_tag":[],"class_list":{"0":"post-259584","1":"product","2":"type-product","3":"status-publish","4":"has-post-thumbnail","6":"product_cat-black-red-white","7":"product_cat-chests-of-drawers","9":"first","10":"instock","11":"purchasable","12":"product-type-simple"},"_links":{"self":[{"href":"https:\/\/baldumarket.lt\/lt\/wp-json\/wp\/v2\/product\/259584","targetHints":{"allow":["GET"]}}],"collection":[{"href":"https:\/\/baldumarket.lt\/lt\/wp-json\/wp\/v2\/product"}],"about":[{"href":"https:\/\/baldumarket.lt\/lt\/wp-json\/wp\/v2\/types\/product"}],"replies":[{"embeddable":true,"href":"https:\/\/baldumarket.lt\/lt\/wp-json\/wp\/v2\/comments?post=259584"}],"wp:featuredmedia":[{"embeddable":true,"href":"https:\/\/baldumarket.lt\/lt\/wp-json\/wp\/v2\/media\/259585"}],"wp:attachment":[{"href":"https:\/\/baldumarket.lt\/lt\/wp-json\/wp\/v2\/media?parent=259584"}],"wp:term":[{"taxonomy":"product_brand","embeddable":true,"href":"https:\/\/baldumarket.lt\/lt\/wp-json\/wp\/v2\/product_brand?post=259584"},{"taxonomy":"product_cat","embeddable":true,"href":"https:\/\/baldumarket.lt\/lt\/wp-json\/wp\/v2\/product_cat?post=259584"},{"taxonomy":"product_tag","embeddable":true,"href":"https:\/\/baldumarket.lt\/lt\/wp-json\/wp\/v2\/product_tag?post=259584"}],"curies":[{"name":"wp","href":"https:\/\/api.w.org\/{rel}","templated":true}]}}