{"id":259576,"date":"2026-01-13T22:45:09","date_gmt":"2026-01-13T19:45:09","guid":{"rendered":"https:\/\/baldumarket.lt\/product\/komoda-trzydrzwiowa-z-trzema-szufladami-azteca-trio-150-cm-bialy-bialy-polysk\/"},"modified":"2026-02-11T18:29:50","modified_gmt":"2026-02-11T15:29:50","slug":"komoda-trzydrzwiowa-z-trzema-szufladami-azteca-trio-150-cm-bialy-bialy-polysk","status":"publish","type":"product","link":"https:\/\/baldumarket.lt\/lt\/product\/komoda-trzydrzwiowa-z-trzema-szufladami-azteca-trio-150-cm-bialy-bialy-polysk\/","title":{"rendered":"Trij\u0173 dur\u0173 komoda su trimis stal\u010diais AZTECA TRIO 150 cm balta\/balta blizgi spalva"},"content":{"rendered":"<p>\u201eAzteca Trio\u201c komoda \u2013 tobulas sprendimas daiktams laikyti ir eleganti\u0161kai. \u201eAzteca Trio\u201c kolekcija \u2013 tikras lobis tiems, kurie vertina modern\u0173 interjero dizain\u0105 ir prakti\u0161kus daikt\u0173 laikymo sprendimus. \u201eAzteca Trio\u201c komoda yra puikus bald\u0173, kurie ne tik padeda palaikyti tvark\u0105, bet ir suteikia namams elegancijos bei stiliaus, pavyzdys. Jei teikiate pirmenyb\u0119 tvarkai ir organizuotumui, \u201eAzteca Trio\u201c komoda tikrai pateisins j\u016bs\u0173 l\u016bkes\u010dius. Tris spinteles ir tris patogius stal\u010dius turi daug vietos \u012fvairiems daiktams, tokiems kaip stalo \u012frankiai, stalties\u0117s ir kiti nieku\u010diai, laikyti. Be to, erdv\u0173 stalvir\u0161\u012f galima naudoti kaip dekoracij\u0173, vaz\u0173 ar nuotrauk\u0173 viet\u0105, taip suteikiant jiems eksponavimo funkcij\u0105. Vienas i\u0161 i\u0161skirtini\u0173 \u0161ios komodos bruo\u017e\u0173 \u2013 lyg\u016bs, be ranken\u0117li\u0173 fasadai su u\u017eapvalintais kra\u0161tais. Tai suteikia baldui modern\u0173 ir eleganti\u0161k\u0105 vaizd\u0105, kuris puikiai dera prie modernaus interjero. \u201eAzteca Trio\u201c komoda taip pat yra universalus baldas. Balta korpuso ir fasad\u0173 spalv\u0173 gama kartu su blizgia balta apdaila daro \u0161i\u0105 komod\u0105 tinkan\u010di\u0105 \u012fvairiems interjero dizainams. Ta\u010diau j\u016bs galite daryti \u012ftak\u0105 galutinei i\u0161vaizdai, nes pakuot\u0117je yra dekoratyvin\u0117s juostel\u0117s, kurios atlieka ir puo\u0161menos, ir rankenos funkcij\u0105. Galite rinktis i\u0161 trij\u0173 skirting\u0173 spalv\u0173: blizgios baltos, blizgios juodos ir \u201ewenge magic\u201c \u0105\u017euolo. Tai puikus b\u016bdas pritaikyti bald\u0105 pagal savo skon\u012f ir interjero stili\u0173. Patogumas yra svarbus bet kurio baldo aspektas. \u201eAzteca Trio\u201c komoda turi \u0161velnaus u\u017edarymo funkcijas, o tai rei\u0161kia, kad stal\u010di\u0173 ir spinteli\u0173 dureli\u0173 atidarymas ir u\u017edarymas yra sklandus ir tylus, o tai ypa\u010d svarbu svetain\u0117je ar miegamajame. \u0160i komoda puikiai papildys j\u016bs\u0173 garderob\u0105 ir pad\u0117dama laikyti \u012fvairius daiktus. Ta\u010diau ji taip pat gali rasti savo viet\u0105 svetain\u0117je, ypa\u010d apsupta \u201eAzteca Trio\u201c kolekcijos vitrin\u0173, sukuriant darni\u0105 ir eleganti\u0161k\u0105 erdv\u0119. Taip pat verta pamin\u0117ti, kad \u012f kiekvieno \u201eAzteca Trio\u201c kolekcijos baldo kain\u0105 \u012fskai\u010diuotos dvi dekoratyvin\u0117s juostel\u0117s: viena dvipus\u0117 (blizgi balta \/ blizgi juoda) ir viena vienguba (\u201ewenge magic\u201c). \u0160is priedas leid\u017eia dar labiau pritaikyti bald\u0105 pagal savo pageidavimus ir interjero stili\u0173. Trumpai tariant, \u201eAzteca Trio\u201c indauja yra ne tik prakti\u0161kas daikt\u0173 laikymo sprendimas, bet ir eleganti\u0161kas interjero dizaino elementas. D\u0117l savo talpos, funkcionalumo ir pritaikymo galimybi\u0173 tai puikus pasirinkimas \u012fvairiems j\u016bs\u0173 nam\u0173 kambariams. \u0160is baldas derina stili\u0173 ir prakti\u0161kum\u0105, tod\u0117l j\u016bs\u0173 interjeras tampa ir gra\u017eesnis, ir funkcionalesnis.<\/p>\n<p>Prek\u0117s kodas S504-KOM3D3S\/8\/15-BI\/BIP Simbolis ZM EAN Plotis 150 cm Gylis 41 cm Auk\u0161tis 84 cm Kolekcija Azteca Trio Spalva balta\/blizgi balta Gaubtas baltas Stilius modernus Dureli\u0173 skai\u010dius 3 dur\u0173 Stal\u010di\u0173 skai\u010dius 3 stal\u010diai Rankena be ranken\u0117li\u0173 Gamintojas Juoda Raudona Balta Baldo tipas Komodos PVM 23% EAN 5906123714471<\/p>","protected":false},"excerpt":{"rendered":"<p>\u201eAzteca Trio\u201c komoda \u2013 tobulas sprendimas daiktams laikyti ir eleganti\u0161kai atrodyti. \u201eAzteca Trio\u201c kolekcija yra tikras lobis tiems, kurie vertina modern\u0173 interjero dizain\u0105 ir prakti\u0161kus daikt\u0173 laikymo sprendimus. \u201eAzteca Trio\u201c komoda yra puikus bald\u0173, kurie ne tik padeda palaikyti tvark\u0105, bet ir suteikia elegancijos bei [\u2026], pavyzdys.<\/p>","protected":false},"featured_media":259577,"comment_status":"open","ping_status":"open","template":"","meta":[],"product_brand":[],"product_cat":[9200,1173],"product_tag":[],"class_list":{"0":"post-259576","1":"product","2":"type-product","3":"status-publish","4":"has-post-thumbnail","6":"product_cat-black-red-white","7":"product_cat-chests-of-drawers","9":"first","10":"instock","11":"purchasable","12":"product-type-simple"},"_links":{"self":[{"href":"https:\/\/baldumarket.lt\/lt\/wp-json\/wp\/v2\/product\/259576","targetHints":{"allow":["GET"]}}],"collection":[{"href":"https:\/\/baldumarket.lt\/lt\/wp-json\/wp\/v2\/product"}],"about":[{"href":"https:\/\/baldumarket.lt\/lt\/wp-json\/wp\/v2\/types\/product"}],"replies":[{"embeddable":true,"href":"https:\/\/baldumarket.lt\/lt\/wp-json\/wp\/v2\/comments?post=259576"}],"wp:featuredmedia":[{"embeddable":true,"href":"https:\/\/baldumarket.lt\/lt\/wp-json\/wp\/v2\/media\/259577"}],"wp:attachment":[{"href":"https:\/\/baldumarket.lt\/lt\/wp-json\/wp\/v2\/media?parent=259576"}],"wp:term":[{"taxonomy":"product_brand","embeddable":true,"href":"https:\/\/baldumarket.lt\/lt\/wp-json\/wp\/v2\/product_brand?post=259576"},{"taxonomy":"product_cat","embeddable":true,"href":"https:\/\/baldumarket.lt\/lt\/wp-json\/wp\/v2\/product_cat?post=259576"},{"taxonomy":"product_tag","embeddable":true,"href":"https:\/\/baldumarket.lt\/lt\/wp-json\/wp\/v2\/product_tag?post=259576"}],"curies":[{"name":"wp","href":"https:\/\/api.w.org\/{rel}","templated":true}]}}