{"id":259568,"date":"2026-01-13T22:45:00","date_gmt":"2026-01-13T19:45:00","guid":{"rendered":"https:\/\/baldumarket.lt\/product\/komoda-trzydrzwiowa-z-trzema-frontami-szklanymi-ruso-149-cm-dab-april-perlowy-polysk\/"},"modified":"2026-02-11T18:29:50","modified_gmt":"2026-02-11T15:29:50","slug":"komoda-trzydrzwiowa-z-trzema-frontami-szklanymi-ruso-149-cm-dab-april-perlowy-polysk","status":"publish","type":"product","link":"https:\/\/baldumarket.lt\/lt\/product\/komoda-trzydrzwiowa-z-trzema-frontami-szklanymi-ruso-149-cm-dab-april-perlowy-polysk\/","title":{"rendered":"Trij\u0173 dur\u0173 komoda su trimis stikliniais fasadais RUSO 149 cm, baland\u017eio spalvos \u0105\u017euolas\/perlamutrinis blizgesys"},"content":{"rendered":"<p>\u201eRuso\u201c vitrina \u2013 eleganti\u0161ka ekspozicija j\u016bs\u0173 svetainei. Jei norite savo klasikiniam interjerui suteikti elegancijos ir funkcionalumo, \u201eRuso\u201c kolekcija si\u016blo tobul\u0105 aplink\u0105. \u201eRuso\u201c vitrina \u2013 tai baldas, kuris ne tik d\u017eiugins j\u016bs\u0173 akis, bet ir taps j\u016bs\u0173 svetain\u0117s \u0161irdimi. \u0160tai kod\u0117l tur\u0117tum\u0117te apsvarstyti \u0161i\u0105 vitrin\u0105: trij\u0173 dur\u0173 \u201eRuso\u201c vitrina \u2013 puikus sprendimas ma\u017eiems suvenyrams, kolekcijoms ar dekoracijoms eksponuoti. Trys tvirti fasadai apa\u010dioje suteikia papildomos vietos daiktams susid\u0117ti, pad\u0117dami palaikyti tvark\u0105 svetain\u0117je. Platus \u201eRuso\u201c vitrinos vir\u0161us \u2013 puiki vieta eksponuoti \u0161eimos nuotraukas, g\u0117li\u0173 vazas ar kitas m\u0117gstamas dekoracijas, kurios suteiks j\u016bs\u0173 erdvei asmeni\u0161kumo. Jei norite sukurti unikal\u0173 efekt\u0105 savo svetain\u0117je, \u201eRuso\u201c vitrina si\u016blo papildom\u0105 energij\u0105 taupant\u012f LED ap\u0161vietim\u0105. Tai padarys j\u016bs\u0173 ekspozicijas dar \u012fsp\u016bdingesnes. I\u0161skirtin\u0117 medienos tekst\u016bra ir baland\u017eio \u0105\u017euolo apdaila korpusui suteikia skoning\u0105 \u012fr\u0117minim\u0105 eleganti\u0161kiems matin\u0117s juodos spalvos fasadams. \u0160is spalv\u0173 derinys suteikia \u201eRuso\u201c vitrinai elegancijos ir modernumo. Tokios detal\u0117s kaip dekoratyviniai cokoliai ir \u012fdubimai fasaduose pabr\u0117\u017eia \u0161ios erdvios vitrinos charakter\u012f ir suteikia jai unikali\u0105 i\u0161vaizd\u0105. Vitrina komplektuojama su matin\u0117s spalvos juostele, kuri\u0105 galima \u012fmontuoti \u012f \u012fdubimus fasaduose. \u0160i detal\u0117 suteikia baldui unikal\u0173 charakter\u012f. \u201eRuso\u201c vitrina turi \u0161velniai u\u017esidaran\u010dius vyrius ir reguliuojam\u0105 stabdymo j\u0117g\u0105, u\u017etikrinan\u010dius patog\u0173 naudojim\u0105 ir apsaugan\u010dius baldus nuo pa\u017eeidim\u0173. \u201eRuso\u201c kolekcija si\u016blo plat\u0173 moduli\u0173 pasirinkim\u0105, leid\u017eiant\u012f sukurti funkcionali\u0105 ir darni\u0105 svetain\u0119, pritaikyt\u0105 j\u016bs\u0173 poreikiams. Trumpai tariant, \u201eRuso\u201c vitrina yra baldas, kuris ne tik eleganti\u0161kai eksponuoja j\u016bs\u0173 lobius, bet ir yra gra\u017eus j\u016bs\u0173 svetain\u0117s akcentas. Kruop\u0161ti apdaila, funkcionalumas ir stilingos detal\u0117s padarys j\u016bs\u0173 svetain\u0119 ne tik prakti\u0161kesn\u0119, bet ir esteti\u0161kai patrauklesn\u0119. Su \u201eRuso\u201c kolekcija galite sukurti unikal\u0173 i\u0161d\u0117stym\u0105, kuris atspind\u0117s j\u016bs\u0173 skon\u012f ir asmenin\u012f stili\u0173.<\/p>\n<p>Prek\u0117s kodas S407-KOM3W3D-DARL\/PEP Simbolis ZM EAN Plotis 149 cm Gylis 45,5 cm Auk\u0161tis 120,5 cm Kolekcija Ruso Spalva baland\u017eio spalvos \u0105\u017euolas\/perlamutrinis blizgus Atspalvis tamsi mediena Stilius modernus Med\u017eiaga laminatas Dureli\u0173 skai\u010dius daugiaduris Stal\u010di\u0173 skai\u010dius be stal\u010di\u0173 Rankena be ranken\u0117li\u0173 Ap\u0161vietimas pasirenkamas Gamintojas Juoda Raudona Balta Baldo tipas Komodos PVM mokestis 23% EAN 5906123944519<\/p>","protected":false},"excerpt":{"rendered":"<p>\u201eRuso\u201c vitrina \u2013 eleganti\u0161ka ekspozicija j\u016bs\u0173 svetainei. Kai norite savo klasikiniam interjerui suteikti elegancijos ir funkcionalumo, \u201eRuso\u201c kolekcija si\u016blo tobul\u0105 aplink\u0105. \u201eRuso\u201c vitrina \u2013 tai baldas, kuris ne tik d\u017eiugins j\u016bs\u0173 akis, bet ir taps j\u016bs\u0173 svetain\u0117s \u0161irdimi. [\u2026]<\/p>","protected":false},"featured_media":259569,"comment_status":"open","ping_status":"open","template":"","meta":[],"product_brand":[],"product_cat":[9200,1173],"product_tag":[],"class_list":{"0":"post-259568","1":"product","2":"type-product","3":"status-publish","4":"has-post-thumbnail","6":"product_cat-black-red-white","7":"product_cat-chests-of-drawers","9":"first","10":"instock","11":"purchasable","12":"product-type-simple"},"_links":{"self":[{"href":"https:\/\/baldumarket.lt\/lt\/wp-json\/wp\/v2\/product\/259568","targetHints":{"allow":["GET"]}}],"collection":[{"href":"https:\/\/baldumarket.lt\/lt\/wp-json\/wp\/v2\/product"}],"about":[{"href":"https:\/\/baldumarket.lt\/lt\/wp-json\/wp\/v2\/types\/product"}],"replies":[{"embeddable":true,"href":"https:\/\/baldumarket.lt\/lt\/wp-json\/wp\/v2\/comments?post=259568"}],"wp:featuredmedia":[{"embeddable":true,"href":"https:\/\/baldumarket.lt\/lt\/wp-json\/wp\/v2\/media\/259569"}],"wp:attachment":[{"href":"https:\/\/baldumarket.lt\/lt\/wp-json\/wp\/v2\/media?parent=259568"}],"wp:term":[{"taxonomy":"product_brand","embeddable":true,"href":"https:\/\/baldumarket.lt\/lt\/wp-json\/wp\/v2\/product_brand?post=259568"},{"taxonomy":"product_cat","embeddable":true,"href":"https:\/\/baldumarket.lt\/lt\/wp-json\/wp\/v2\/product_cat?post=259568"},{"taxonomy":"product_tag","embeddable":true,"href":"https:\/\/baldumarket.lt\/lt\/wp-json\/wp\/v2\/product_tag?post=259568"}],"curies":[{"name":"wp","href":"https:\/\/api.w.org\/{rel}","templated":true}]}}