{"id":259552,"date":"2026-01-13T22:44:48","date_gmt":"2026-01-13T19:44:48","guid":{"rendered":"https:\/\/baldumarket.lt\/product\/komoda-trzydrzwiowa-z-szuflada-matos-1185-cm-dab-wotan-bialy\/"},"modified":"2026-02-11T18:29:50","modified_gmt":"2026-02-11T15:29:50","slug":"komoda-trzydrzwiowa-z-szuflada-matos-1185-cm-dab-wotan-bialy","status":"publish","type":"product","link":"https:\/\/baldumarket.lt\/lt\/product\/komoda-trzydrzwiowa-z-szuflada-matos-1185-cm-dab-wotan-bialy\/","title":{"rendered":"MATOS trij\u0173 dur\u0173 komoda su stal\u010diumi, 118,5 cm, Wotan \u0105\u017euolas\/balta"},"content":{"rendered":"<p>\u2019Matos\u201c komoda\u201eMatos\u201c kolekcija si\u016blo funkcionalius ir esteti\u0161kai patrauklius sprendimus, puikiai tinkan\u010dius miegamiesiems. B\u016bdama i\u0161samia organizatoriumi, \u201eMatos\u201c komoda puikiai tinka drabu\u017eiams ir aksesuarams laikyti, tuo pa\u010diu u\u017etikrindama esteti\u0161kai patraukl\u0173 interjer\u0105. Trys skirtingos talpos spintel\u0117s ir patogus stal\u010dius leid\u017eia lengvai palaikyti tvark\u0105. Platus komodos stal\u010dius yra puiki vieta suvenyrin\u0117ms nuotraukoms, g\u0117li\u0173 vazai ar kitoms dekoracijoms, suteikian\u010dioms interjerui gaivumo ir \u017eavesio. \u0160ilto Wotano \u0105\u017euolo ir matin\u0117s baltos spalvos fasad\u0173 spalv\u0173 derinys sukuria harmoning\u0105 kompozicij\u0105. Paprastos sidabrin\u0117s ranken\u0117l\u0117s ne tik palengvina spinteli\u0173 atidarym\u0105, bet ir suteikia visai konstrukcijai lengvumo. \u201eMatos\u201c komoda gali b\u016bti naudojama kaip atskiras dizaino elementas, ta\u010diau ji taip pat gerai dera su kitais kolekcijos baldais, leisdama sukurti darni\u0105 ir funkcionali\u0105 miegamojo aplink\u0105.<\/p>\n<p>Prek\u0117s kodas S414-KOM3D1S-DWO\/BI Simbolis ZM EAN Plotis 118,5 cm Gylis 34 cm Auk\u0161tis 78,5 cm Kolekcija Matos Spalva wotan \u0105\u017euolas\/balta Gaubtas \u0161viesi mediena Stilius modernus Med\u017eiaga laminatas Dureli\u0173 skai\u010dius 3 dur\u0173 Stal\u010di\u0173 skai\u010dius 1 stal\u010dius Rankena su ranken\u0117l\u0117mis Gamintojas Juoda Raudona Balta Baldo tipas Komodos PVM 23% EAN 5906123945455<\/p>","protected":false},"excerpt":{"rendered":"<p>The Matos Chest of DrawersThe Matos Collection offers functional and aesthetically pleasing solutions, perfect for bedrooms. As a comprehensive organizer, the Matos chest of drawers is perfect for storing clothes and accessories, while also providing an aesthetically pleasing interior. Three cabinets with varying capacities and a handy drawer make it easy to maintain order. The [&hellip;]<\/p>","protected":false},"featured_media":259553,"comment_status":"open","ping_status":"open","template":"","meta":[],"product_brand":[],"product_cat":[9200,1173],"product_tag":[],"class_list":{"0":"post-259552","1":"product","2":"type-product","3":"status-publish","4":"has-post-thumbnail","6":"product_cat-black-red-white","7":"product_cat-chests-of-drawers","9":"first","10":"instock","11":"purchasable","12":"product-type-simple"},"_links":{"self":[{"href":"https:\/\/baldumarket.lt\/lt\/wp-json\/wp\/v2\/product\/259552","targetHints":{"allow":["GET"]}}],"collection":[{"href":"https:\/\/baldumarket.lt\/lt\/wp-json\/wp\/v2\/product"}],"about":[{"href":"https:\/\/baldumarket.lt\/lt\/wp-json\/wp\/v2\/types\/product"}],"replies":[{"embeddable":true,"href":"https:\/\/baldumarket.lt\/lt\/wp-json\/wp\/v2\/comments?post=259552"}],"wp:featuredmedia":[{"embeddable":true,"href":"https:\/\/baldumarket.lt\/lt\/wp-json\/wp\/v2\/media\/259553"}],"wp:attachment":[{"href":"https:\/\/baldumarket.lt\/lt\/wp-json\/wp\/v2\/media?parent=259552"}],"wp:term":[{"taxonomy":"product_brand","embeddable":true,"href":"https:\/\/baldumarket.lt\/lt\/wp-json\/wp\/v2\/product_brand?post=259552"},{"taxonomy":"product_cat","embeddable":true,"href":"https:\/\/baldumarket.lt\/lt\/wp-json\/wp\/v2\/product_cat?post=259552"},{"taxonomy":"product_tag","embeddable":true,"href":"https:\/\/baldumarket.lt\/lt\/wp-json\/wp\/v2\/product_tag?post=259552"}],"curies":[{"name":"wp","href":"https:\/\/api.w.org\/{rel}","templated":true}]}}