{"id":25955,"date":"2025-11-14T17:08:10","date_gmt":"2025-11-14T14:08:10","guid":{"rendered":"https:\/\/baldumarket.lt\/product\/elise\/"},"modified":"2026-03-24T16:38:34","modified_gmt":"2026-03-24T13:38:34","slug":"elise","status":"publish","type":"product","link":"https:\/\/baldumarket.lt\/lt\/product\/elise\/","title":{"rendered":"Elise"},"content":{"rendered":"<p>\u201eElise\u201c \u2013 tai labai patogi, funkcionali ir patraukli sofa, kurios matmenys \u2013 250 x 95 x 90 centimetr\u0173, tod\u0117l ji puikiai tiks bet kurio stilingo svetain\u0117s kambario pagrindiniam akcentui. Ji neabejotinai patraukia d\u0117mes\u012f skoninga atlo\u0161o ir \u0161on\u0173 apdaila. I\u0161skirtiniai \u201eElise\u201c sofos bruo\u017eai \u2013 unikali s\u0117dyn\u0117, unikalios si\u016bl\u0117s, didel\u0117s pagalv\u0117l\u0117s ir platus spalv\u0173 pasirinkimas. Sof\u0105 galima greitai, lengvai ir intuityviai transformuoti \u012f lov\u0105 su 215 x 145 centimetr\u0173 miegamuoju pavir\u0161iumi, naudojant automatin\u0119 DL atlo\u0161o sistem\u0105. Taip pat komplekte yra patalyn\u0117s d\u0117\u017e\u0117, kuri tikrai pad\u0117s palaikyti tvark\u0105 namuose. Taip pat verta apsvarstyti s\u0117dyn\u0119 ir atlo\u0161\u0105. Siekiant maksimalaus komforto, m\u016bs\u0173 sofa u\u017epildyta vingiuot\u0173 spyruokli\u0173 ir HR+T25 put\u0173 deriniu. Patogi, funkcionali ir stilinga \u201eElise\u201c sofa suteiks j\u016bs\u0173 svetainei i\u0161ties \u012fsp\u016bding\u0105 i\u0161vaizd\u0105. Verta j\u0105 tur\u0117ti savo namuose.<\/p>","protected":false},"excerpt":{"rendered":"<p>\u201eElise\u201c \u2013 tai labai patogi, funkcionali ir patraukli sofa, kurios matmenys \u2013 250 x 95 x 90 centimetr\u0173, tod\u0117l ji puikiai tiks bet kurios stilingos svetain\u0117s centriniam elementui. Ji neabejotinai patraukia d\u0117mes\u012f skoninga atlo\u0161o ir \u0161on\u0173 apdaila. I\u0161skirtiniai \u201eElise\u201c sofos bruo\u017eai \u2013 unikali s\u0117dyn\u0117, unikalios si\u016bl\u0117s, didel\u0117s pagalv\u0117l\u0117s, [\u2026]<\/p>","protected":false},"featured_media":25956,"comment_status":"open","ping_status":"open","template":"","meta":[],"product_brand":[],"product_cat":[2012,9170,560],"product_tag":[],"class_list":{"0":"post-25955","1":"product","2":"type-product","3":"status-publish","4":"has-post-thumbnail","6":"product_cat-eltap","7":"product_cat-sofy-i-kanapy-eltap","8":"product_cat-sofas-and-couches","10":"first","11":"instock","12":"purchasable","13":"product-type-variable","14":"wvs-archive-product-wrapper"},"_links":{"self":[{"href":"https:\/\/baldumarket.lt\/lt\/wp-json\/wp\/v2\/product\/25955","targetHints":{"allow":["GET"]}}],"collection":[{"href":"https:\/\/baldumarket.lt\/lt\/wp-json\/wp\/v2\/product"}],"about":[{"href":"https:\/\/baldumarket.lt\/lt\/wp-json\/wp\/v2\/types\/product"}],"replies":[{"embeddable":true,"href":"https:\/\/baldumarket.lt\/lt\/wp-json\/wp\/v2\/comments?post=25955"}],"wp:featuredmedia":[{"embeddable":true,"href":"https:\/\/baldumarket.lt\/lt\/wp-json\/wp\/v2\/media\/25956"}],"wp:attachment":[{"href":"https:\/\/baldumarket.lt\/lt\/wp-json\/wp\/v2\/media?parent=25955"}],"wp:term":[{"taxonomy":"product_brand","embeddable":true,"href":"https:\/\/baldumarket.lt\/lt\/wp-json\/wp\/v2\/product_brand?post=25955"},{"taxonomy":"product_cat","embeddable":true,"href":"https:\/\/baldumarket.lt\/lt\/wp-json\/wp\/v2\/product_cat?post=25955"},{"taxonomy":"product_tag","embeddable":true,"href":"https:\/\/baldumarket.lt\/lt\/wp-json\/wp\/v2\/product_tag?post=25955"}],"curies":[{"name":"wp","href":"https:\/\/api.w.org\/{rel}","templated":true}]}}