{"id":259544,"date":"2026-01-13T22:44:42","date_gmt":"2026-01-13T19:44:42","guid":{"rendered":"https:\/\/baldumarket.lt\/product\/komoda-trzydrzwiowa-z-szuflada-loksa-148-cm-andersen-pine-white\/"},"modified":"2026-02-11T18:29:50","modified_gmt":"2026-02-11T15:29:50","slug":"komoda-trzydrzwiowa-z-szuflada-loksa-148-cm-andersen-pine-white","status":"publish","type":"product","link":"https:\/\/baldumarket.lt\/lt\/product\/komoda-trzydrzwiowa-z-szuflada-loksa-148-cm-andersen-pine-white\/","title":{"rendered":"LOKSA trij\u0173 dur\u0173 komoda, 148 cm, anderseno pu\u0161is, balta"},"content":{"rendered":"<p>\u201eLoksa\u201c komoda \u2013 tobula skandinavi\u0161ko stiliaus organizacija. Jei norite sukurti skandinavi\u0161k\u0105 atmosfer\u0105 savo svetain\u0117je ar prie\u0161kambaryje, \u201eLoksa\u201c kolekcija yra puikus pasirinkimas. \u0160ioje kolekcijoje derinamos prislopintos spalvos, minimalistin\u0117s formos ir ry\u0161k\u016bs akcentai, tokie kaip dizaineri\u0173 rankenos, suteikiantys interjerui unikal\u0173 charakter\u012f. \u201eLoksa\u201c komoda \u2013 tai baldas, kuris puikiai tarnauja kaip pagrindinis akcentas. Viduje rasite daugyb\u0119 lentyn\u0173, pasl\u0117pt\u0173 u\u017e trij\u0173 spinteli\u0173, ir kompakti\u0161k\u0105 stal\u010di\u0173, puikiai tinkant\u012f smulkiems daiktams laikyti. Tai vieta raktams, \u0161alikams, servet\u0117l\u0117ms ar kitiems b\u016btiniausiems daiktams susid\u0117ti. Platus stalvir\u0161is taip pat suteikia puiki\u0105 viet\u0105 eksponuoti norimus pabr\u0117\u017eti daiktus, tokius kaip \u017evak\u0117s, \u017eibintai, \u0161eimos nuotraukos ar gra\u017ei vaza. Spalv\u0173 gama yra subtili ir harmoninga \u2013 \u0161viesiai baltas \u201eAndersen\u201c pu\u0161ies korpusas puikiai dera su \u201eGrandson\u201c \u0105\u017euolo stalvir\u0161iu. \u0160\u012f paprast\u0105 spalv\u0173 derin\u012f pary\u0161kina stilingos rankenos ir dekoratyviniai r\u0117meliai fasaduose. \u0160ios detal\u0117s suteikia komodai unikali\u0105, skandinavi\u0161ko stiliaus i\u0161vaizd\u0105. \u0160i erdvi komoda svetainei yra ne tik esteti\u0161kai patrauklus dekoratyvinis elementas, bet ir, svarbiausia, patikimas vis\u0173 j\u016bs\u0173 kasdieni\u0173 daikt\u0173 organizatorius. \u201eLoksa\u201c komoda leid\u017eia laikyti indus, papuo\u0161alus ir g\u0117rimus, m\u0117gaujantis gra\u017eiu ir funkcionaliu interjeru. \u0160is baldas puikiai dera prie skandinavi\u0161ko stiliaus, suteikdamas prakti\u0161kus daikt\u0173 laikymo ir eksponavimo sprendimus.<\/p>\n<p>Prek\u0117s kodas S455-KOM3D1S-APW Simbolis ZM EAN Plotis 148 cm Gylis 42,5 cm Auk\u0161tis 98,5 cm Kolekcija Loksa Spalva andersen pu\u0161is balta Atspalvis \u0161viesus medis Stilius Skandinavi\u0161kas Med\u017eiaga laminatas Dureli\u0173 skai\u010dius 3 dur\u0173 Stal\u010di\u0173 skai\u010dius 1 stal\u010dius Rankena su ranken\u0117l\u0117mis Gamintojas Juoda Raudona Balta Baldo tipas Komodos PVM 23% EAN 5906123607384<\/p>","protected":false},"excerpt":{"rendered":"<p>\u201eLoksa\u201c komoda \u2013 tobula skandinavi\u0161ko stiliaus organizacija. Jei norite sukurti skandinavi\u0161k\u0105 atmosfer\u0105 savo svetain\u0117je ar prie\u0161kambaryje, \u201eLoksa\u201c kolekcija yra puikus pasirinkimas. \u0160ioje kolekcijoje derinamos prislopintos spalvos, minimalistin\u0117s formos ir ry\u0161k\u016bs akcentai, pavyzd\u017eiui, dizaineri\u0173 ranken\u0117l\u0117s, suteikian\u010dios interjerui unikal\u0173 charakter\u012f. \u201eLoksa\u201c komoda [\u2026]<\/p>","protected":false},"featured_media":259545,"comment_status":"open","ping_status":"open","template":"","meta":[],"product_brand":[],"product_cat":[9200,1173],"product_tag":[],"class_list":{"0":"post-259544","1":"product","2":"type-product","3":"status-publish","4":"has-post-thumbnail","6":"product_cat-black-red-white","7":"product_cat-chests-of-drawers","9":"first","10":"instock","11":"purchasable","12":"product-type-simple"},"_links":{"self":[{"href":"https:\/\/baldumarket.lt\/lt\/wp-json\/wp\/v2\/product\/259544","targetHints":{"allow":["GET"]}}],"collection":[{"href":"https:\/\/baldumarket.lt\/lt\/wp-json\/wp\/v2\/product"}],"about":[{"href":"https:\/\/baldumarket.lt\/lt\/wp-json\/wp\/v2\/types\/product"}],"replies":[{"embeddable":true,"href":"https:\/\/baldumarket.lt\/lt\/wp-json\/wp\/v2\/comments?post=259544"}],"wp:featuredmedia":[{"embeddable":true,"href":"https:\/\/baldumarket.lt\/lt\/wp-json\/wp\/v2\/media\/259545"}],"wp:attachment":[{"href":"https:\/\/baldumarket.lt\/lt\/wp-json\/wp\/v2\/media?parent=259544"}],"wp:term":[{"taxonomy":"product_brand","embeddable":true,"href":"https:\/\/baldumarket.lt\/lt\/wp-json\/wp\/v2\/product_brand?post=259544"},{"taxonomy":"product_cat","embeddable":true,"href":"https:\/\/baldumarket.lt\/lt\/wp-json\/wp\/v2\/product_cat?post=259544"},{"taxonomy":"product_tag","embeddable":true,"href":"https:\/\/baldumarket.lt\/lt\/wp-json\/wp\/v2\/product_tag?post=259544"}],"curies":[{"name":"wp","href":"https:\/\/api.w.org\/{rel}","templated":true}]}}