{"id":259536,"date":"2026-01-13T22:44:36","date_gmt":"2026-01-13T19:44:36","guid":{"rendered":"https:\/\/baldumarket.lt\/product\/komoda-trzydrzwiowa-z-szuflada-kent-153-cm-kasztan\/"},"modified":"2026-02-11T18:29:50","modified_gmt":"2026-02-11T15:29:50","slug":"komoda-trzydrzwiowa-z-szuflada-kent-153-cm-kasztan","status":"publish","type":"product","link":"https:\/\/baldumarket.lt\/lt\/product\/komoda-trzydrzwiowa-z-szuflada-kent-153-cm-kasztan\/","title":{"rendered":"KENT trij\u0173 dur\u0173 komoda su stal\u010diais, 153 cm, ka\u0161tonin\u0117"},"content":{"rendered":"<p>Kent komoda \u2013 prakti\u0161ka ir erdvi. Pagrindiniai klasikin\u0117s Kent modulin\u0117s kolekcijos bruo\u017eai \u2013 eleganti\u0161ka i\u0161vaizda ir nesenstantis gro\u017eis. Kent komoda \u2013 puiki vieta \u012fvairiems daiktams laikyti. Viduje yra trys erdvios lentynos ir patogus stal\u010dius smulkiems daiktams.<br \/>\nErdvus stalvir\u0161is suteikia vietos dekoracijoms ir \u0161eimos nuotraukoms eksponuoti, sukuriant jauki\u0105 ir nam\u0173 atmosfer\u0105.<br \/>\nI\u0161skirtinis faneruot\u0117s sluoksnis, atitinkantis kolekcij\u0105, puikiai perteikia nat\u016bral\u0173 medienos charakter\u012f ir strukt\u016br\u0105, o stulbinantis efektas pasiekiamas d\u0117l \u0161ilto ka\u0161tono atspalvio.<br \/>\nKomoda spinduliuoja nesenstant\u012f stili\u0173 d\u0117l rai\u017eyt\u0173 cokoli\u0173, fasad\u0173 ir originali\u0173, dekoratyvini\u0173 ranken\u0117li\u0173, kurios padidina kambario presti\u017e\u0105 ir patraukia d\u0117mes\u012f.<br \/>\nSiekiant didesnio patogumo, firminiai vyriai leid\u017eia tiksliai trima\u010diai reguliuoti fasadus.<br \/>\n\u0160i komoda puikiai papildys stilingos svetain\u0117s dizain\u0105. Kartu su kitais \u201eKent\u201c modulin\u0117s kolekcijos elementais ji sukurs unikalius eleganti\u0161ko valgomojo, darbo kambario ar jaukios miegamojo i\u0161d\u0117stymus.<\/p>\n<p>Prek\u0117s kodas S10-EKOM3D1S-KA Simbolis ZM EAN Plotis 153,5 cm Gylis 45 cm Auk\u0161tis 90,5 cm Kolekcija Kent Spalva ka\u0161tonin\u0117 Atspalvis tamsi mediena Stilius klasikinis Med\u017eiaga laminatas Dureli\u0173 skai\u010dius 3 dur\u0173 Stal\u010di\u0173 skai\u010dius 1 stal\u010dius Rankena su rankenomis Gamintojas Juoda Raudona Balta Baldo tipas Komodos PVM 23% EAN 5906123882026<\/p>","protected":false},"excerpt":{"rendered":"<p>Kent Chest of Drawers \u2013 Practical and Spacious. The key features of the classic Kent modular collection are its elegant appearance and timeless beauty. The Kent chest of drawers is the perfect storage space for a variety of items. The interior features three spacious shelves and a convenient drawer for small items. The spacious top [&hellip;]<\/p>","protected":false},"featured_media":259537,"comment_status":"open","ping_status":"open","template":"","meta":[],"product_brand":[],"product_cat":[9200,1173],"product_tag":[],"class_list":{"0":"post-259536","1":"product","2":"type-product","3":"status-publish","4":"has-post-thumbnail","6":"product_cat-black-red-white","7":"product_cat-chests-of-drawers","9":"first","10":"instock","11":"purchasable","12":"product-type-simple"},"_links":{"self":[{"href":"https:\/\/baldumarket.lt\/lt\/wp-json\/wp\/v2\/product\/259536","targetHints":{"allow":["GET"]}}],"collection":[{"href":"https:\/\/baldumarket.lt\/lt\/wp-json\/wp\/v2\/product"}],"about":[{"href":"https:\/\/baldumarket.lt\/lt\/wp-json\/wp\/v2\/types\/product"}],"replies":[{"embeddable":true,"href":"https:\/\/baldumarket.lt\/lt\/wp-json\/wp\/v2\/comments?post=259536"}],"wp:featuredmedia":[{"embeddable":true,"href":"https:\/\/baldumarket.lt\/lt\/wp-json\/wp\/v2\/media\/259537"}],"wp:attachment":[{"href":"https:\/\/baldumarket.lt\/lt\/wp-json\/wp\/v2\/media?parent=259536"}],"wp:term":[{"taxonomy":"product_brand","embeddable":true,"href":"https:\/\/baldumarket.lt\/lt\/wp-json\/wp\/v2\/product_brand?post=259536"},{"taxonomy":"product_cat","embeddable":true,"href":"https:\/\/baldumarket.lt\/lt\/wp-json\/wp\/v2\/product_cat?post=259536"},{"taxonomy":"product_tag","embeddable":true,"href":"https:\/\/baldumarket.lt\/lt\/wp-json\/wp\/v2\/product_tag?post=259536"}],"curies":[{"name":"wp","href":"https:\/\/api.w.org\/{rel}","templated":true}]}}