{"id":259532,"date":"2026-01-13T22:44:33","date_gmt":"2026-01-13T19:44:33","guid":{"rendered":"https:\/\/baldumarket.lt\/product\/komoda-trzydrzwiowa-z-szuflada-horton-170-cm-dab-zloty-grandson-bialy-polysk\/"},"modified":"2026-02-11T18:29:50","modified_gmt":"2026-02-11T15:29:50","slug":"komoda-trzydrzwiowa-z-szuflada-horton-170-cm-dab-zloty-grandson-bialy-polysk","status":"publish","type":"product","link":"https:\/\/baldumarket.lt\/lt\/product\/komoda-trzydrzwiowa-z-szuflada-horton-170-cm-dab-zloty-grandson-bialy-polysk\/","title":{"rendered":"HORTON trij\u0173 dur\u0173 komoda su stal\u010diais, 170 cm, auksinio \u0105\u017euolo \u201eGrandson\u201c \/ baltos blizgios spalvos"},"content":{"rendered":"<p>\u201eHorton\u201c komoda \u2013 stiliaus ir funkcionalumo derinys. Svarstote, kaip susikurti komod\u0105, kurioje ne tik tilpt\u0173 viskas, ko jums reikia, bet ir papuo\u0161t\u0173 j\u016bs\u0173 interjer\u0105? Daugiau neie\u0161kokite \u2013 m\u016bs\u0173 komoda yra puikus sprendimas, derinantis auk\u0161t\u0105 kokyb\u0119 su funkcionalumu, kurio ie\u0161kote. M\u016bs\u0173 komoda, kuri\u0105 galima \u012fsigyti su blizgia balta apdaila ir \u201eGrandson\u201c \u0105\u017euolu, ne tik puikiai atliks savo paskirt\u012f, bet ir suteiks j\u016bs\u0173 interjerui modernaus dizaino akcent\u0105. Blizgios baltos spalvos ir nat\u016bralios medienos derinys leid\u017eia komodai harmoningai \u012fsilieti \u012f \u012fvairius stilius \u2013 nuo modernaus iki skandinavi\u0161ko ar retro. D\u0117l universali\u0173 matmen\u0173 ji puikiai tinka didesn\u0117ms erdv\u0117ms, tokioms kaip miegamasis, jaunimo kambarys, svetain\u0117 ar prie\u0161kambaris. Trys erdvios spintel\u0117s su vidin\u0117mis lentynomis ir papildomas stal\u010dius vir\u0161utin\u0117je dalyje \u2013 prakti\u0161kas sprendimas, pad\u0117siantis sutvarkyti erdv\u0119. \u0160velnaus u\u017edarymo vyriai ir kreipian\u010diosios u\u017etikrina skland\u0173 ir tyl\u0173 veikim\u0105, o tai ypa\u010d svarbu kasdieniam naudojimui. Erdvus stalvir\u0161is suteikia papildomos vietos daiktams eksponuoti ar laikyti. Nepamir\u0161ome ir detali\u0173 \u2013 m\u016bs\u0173 komoda apr\u016bpinta LED ap\u0161vietimu, kuris suteikia elegancijos ir funkcionalumo. Pasirinkdami m\u016bs\u0173 baldus, investuojate ne tik \u012f prakti\u0161k\u0105 daikt\u0173 laikymo viet\u0105, bet ir \u012f stiling\u0105 nam\u0173 dekoro element\u0105. M\u0117gaukit\u0117s harmonija ir elegancija su m\u016bs\u0173 eleganti\u0161ka komoda!<\/p>\n<p>Prek\u0117s kodas S488-KOM3D1S-BI\/DZG\/BIP Simbolis ZM EAN Plotis 170 cm Gylis 42 cm Auk\u0161tis 90 cm Kolekcija Horton Spalva balta\/grandson auksinis \u0105\u017euolas\/blizgi balta Atspalvis baltas Stilius modernus Med\u017eiaga laminatas Dureli\u0173 skai\u010dius 3 dur\u0173 Stal\u010di\u0173 skai\u010dius 1 stal\u010dius Rankena su ranken\u0117l\u0117mis Gamintojas Juoda Raudona Balta Baldo tipas Komodos PVM 23% EAN 5906123709040<\/p>","protected":false},"excerpt":{"rendered":"<p>Horton Chest of Drawers &#8211; A Combination of Style and Functionality. Wondering how to create a chest of drawers that not only holds everything you need but also enhances your interior? Look no further \u2013 our chest of drawers is the perfect solution, combining high quality with the functionality you&#8217;re looking for. Available in a [&hellip;]<\/p>","protected":false},"featured_media":259533,"comment_status":"open","ping_status":"open","template":"","meta":[],"product_brand":[],"product_cat":[9200,1173],"product_tag":[],"class_list":{"0":"post-259532","1":"product","2":"type-product","3":"status-publish","4":"has-post-thumbnail","6":"product_cat-black-red-white","7":"product_cat-chests-of-drawers","9":"first","10":"instock","11":"purchasable","12":"product-type-simple"},"_links":{"self":[{"href":"https:\/\/baldumarket.lt\/lt\/wp-json\/wp\/v2\/product\/259532","targetHints":{"allow":["GET"]}}],"collection":[{"href":"https:\/\/baldumarket.lt\/lt\/wp-json\/wp\/v2\/product"}],"about":[{"href":"https:\/\/baldumarket.lt\/lt\/wp-json\/wp\/v2\/types\/product"}],"replies":[{"embeddable":true,"href":"https:\/\/baldumarket.lt\/lt\/wp-json\/wp\/v2\/comments?post=259532"}],"wp:featuredmedia":[{"embeddable":true,"href":"https:\/\/baldumarket.lt\/lt\/wp-json\/wp\/v2\/media\/259533"}],"wp:attachment":[{"href":"https:\/\/baldumarket.lt\/lt\/wp-json\/wp\/v2\/media?parent=259532"}],"wp:term":[{"taxonomy":"product_brand","embeddable":true,"href":"https:\/\/baldumarket.lt\/lt\/wp-json\/wp\/v2\/product_brand?post=259532"},{"taxonomy":"product_cat","embeddable":true,"href":"https:\/\/baldumarket.lt\/lt\/wp-json\/wp\/v2\/product_cat?post=259532"},{"taxonomy":"product_tag","embeddable":true,"href":"https:\/\/baldumarket.lt\/lt\/wp-json\/wp\/v2\/product_tag?post=259532"}],"curies":[{"name":"wp","href":"https:\/\/api.w.org\/{rel}","templated":true}]}}