{"id":259516,"date":"2026-01-13T22:44:21","date_gmt":"2026-01-13T19:44:21","guid":{"rendered":"https:\/\/baldumarket.lt\/product\/komoda-trzydrzwiowa-z-dwoma-szufladami-yamael-139-cm-bialy-dab-artisan\/"},"modified":"2026-02-11T18:29:50","modified_gmt":"2026-02-11T15:29:50","slug":"komoda-trzydrzwiowa-z-dwoma-szufladami-yamael-139-cm-bialy-dab-artisan","status":"publish","type":"product","link":"https:\/\/baldumarket.lt\/lt\/product\/komoda-trzydrzwiowa-z-dwoma-szufladami-yamael-139-cm-bialy-dab-artisan\/","title":{"rendered":"YAMAEL komoda su trimis durimis ir dviem stal\u010diais, 139 cm, balta\/dirbtinio \u0105\u017euolo spalvos"},"content":{"rendered":"<p>\u201eYamael\u201c komoda \u2013 sukurkite unikali\u0105 atmosfer\u0105 savo interjere. \u201eYamael\u201c komoda yra daugiau nei baldas; tai unikalus gaminys, kuriame dera nat\u016brali dirbtinio \u0105\u017euolo \u0161iluma ir matin\u0117s baltos spalvos modernumas. \u0160is unikalus dizainas suteikia interjerui nat\u016bralaus \u017eavesio ir sukuria jauki\u0105 atmosfer\u0105. Balti \u0161onai ir fasadai suteikia komodai lengvumo, sukurdami subtil\u0173 erdv\u0117s poj\u016bt\u012f. Sukurta galvojant apie prakti\u0161k\u0105 daikt\u0173 saugojim\u0105, \u201eYamael\u201c komoda turi du erdvius stal\u010dius ir tris dureles, kuri\u0173 kiekvienoje yra erdvios lentynos. Tai puikus sprendimas tiems, kurie vertina tvark\u0105 ir organizuotum\u0105 savo gyvenamojoje erdv\u0117je. Tradicini\u0173 ranken\u0117li\u0173 nebuvimas suteikia \u201eYamael\u201c komodai modern\u0173 vaizd\u0105. Stal\u010diai su nuo\u017eulniais kra\u0161tais ir mygtuko mechanizmu fasadai yra minimalistinio dizaino elementai, kurie tikrai pritrauks estetinio paprastumo ie\u0161kan\u010di\u0173j\u0173 d\u0117mes\u012f. Baldai apr\u016bpinti \u0161velnaus u\u017edarymo b\u0117geliais ir vyriais, kurie padidina kasdienio naudojimo patogum\u0105. Komodos atidarymas ir u\u017edarymas tampa sklandus ir lengvas, dar labiau pabr\u0117\u017eiant auk\u0161t\u0105 jos meistri\u0161kumo kokyb\u0119. Stabilus stalvir\u0161is \u2013 puiki vieta eksponuoti m\u0117gstamiausius aksesuarus, \u0161eimos relikvijas ar kitus daiktus, kurie papuo\u0161 interjer\u0105. \u201eYamael\u201c komoda puikiai atrodys tiek svetain\u0117je, tiek miegamajame, suteikdama erdvei eleganti\u0161k\u0105 ir funkcional\u0173 stili\u0173. Sukurkite tobul\u0105 erdv\u0119 poilsiui, derindami \u201eYamael\u201c komod\u0105 su kitais \u0161ios serijos baldais. Paverskite savo interjer\u0105 eleganti\u0161ka, harmonijos ir stiliaus oaze.<\/p>\n<p>Prek\u0117s kodas S570-KOM3D2S-BI\/DASN Simbolis ZM EAN Plotis 139 cm Gylis 42 cm Auk\u0161tis 93 cm Kolekcija \u201eYamael\u201c Spalva balta\/artisan \u0105\u017euolas Atspalvis baltas Stilius modernus Med\u017eiaga laminatas Dureli\u0173 skai\u010dius 3 dur\u0173 Stal\u010di\u0173 skai\u010dius 2 stal\u010diai Rankena be ranken\u0117li\u0173 Gamintojas Juoda Raudona Balta Baldo tipas Komodos PVM 23% EAN 5906123813617<\/p>","protected":false},"excerpt":{"rendered":"<p>\u201eYamael\u201c komoda \u2013 sukurkite unikali\u0105 atmosfer\u0105 savo interjere. \u201eYamael\u201c komoda yra daugiau nei baldas; tai unikalus gaminys, kuriame dera nat\u016brali dirbtinio \u0105\u017euolo \u0161iluma ir matin\u0117s baltos spalvos modernumas. \u0160is unikalus dizainas suteikia interjerui nat\u016bralaus \u017eavesio ir kartu sukuria [\u2026]<\/p>","protected":false},"featured_media":259517,"comment_status":"open","ping_status":"open","template":"","meta":[],"product_brand":[],"product_cat":[9200,1173],"product_tag":[],"class_list":{"0":"post-259516","1":"product","2":"type-product","3":"status-publish","4":"has-post-thumbnail","6":"product_cat-black-red-white","7":"product_cat-chests-of-drawers","9":"first","10":"instock","11":"purchasable","12":"product-type-simple"},"_links":{"self":[{"href":"https:\/\/baldumarket.lt\/lt\/wp-json\/wp\/v2\/product\/259516","targetHints":{"allow":["GET"]}}],"collection":[{"href":"https:\/\/baldumarket.lt\/lt\/wp-json\/wp\/v2\/product"}],"about":[{"href":"https:\/\/baldumarket.lt\/lt\/wp-json\/wp\/v2\/types\/product"}],"replies":[{"embeddable":true,"href":"https:\/\/baldumarket.lt\/lt\/wp-json\/wp\/v2\/comments?post=259516"}],"wp:featuredmedia":[{"embeddable":true,"href":"https:\/\/baldumarket.lt\/lt\/wp-json\/wp\/v2\/media\/259517"}],"wp:attachment":[{"href":"https:\/\/baldumarket.lt\/lt\/wp-json\/wp\/v2\/media?parent=259516"}],"wp:term":[{"taxonomy":"product_brand","embeddable":true,"href":"https:\/\/baldumarket.lt\/lt\/wp-json\/wp\/v2\/product_brand?post=259516"},{"taxonomy":"product_cat","embeddable":true,"href":"https:\/\/baldumarket.lt\/lt\/wp-json\/wp\/v2\/product_cat?post=259516"},{"taxonomy":"product_tag","embeddable":true,"href":"https:\/\/baldumarket.lt\/lt\/wp-json\/wp\/v2\/product_tag?post=259516"}],"curies":[{"name":"wp","href":"https:\/\/api.w.org\/{rel}","templated":true}]}}