{"id":259508,"date":"2026-01-13T22:44:14","date_gmt":"2026-01-13T19:44:14","guid":{"rendered":"https:\/\/baldumarket.lt\/product\/komoda-trzydrzwiowa-z-dwoma-szufladami-ronda-158-cm-dab-flagstaff-jasny-bialy\/"},"modified":"2026-02-11T18:29:50","modified_gmt":"2026-02-11T15:29:50","slug":"komoda-trzydrzwiowa-z-dwoma-szufladami-ronda-158-cm-dab-flagstaff-jasny-bialy","status":"publish","type":"product","link":"https:\/\/baldumarket.lt\/lt\/product\/komoda-trzydrzwiowa-z-dwoma-szufladami-ronda-158-cm-dab-flagstaff-jasny-bialy\/","title":{"rendered":"RONDA komoda su trimis durimis ir dviem stal\u010diais, 158 cm, v\u0117liavos spalvos, \u0161viesus \u0105\u017euolas\/balta"},"content":{"rendered":"<p>\u201eRonda\u201c komoda \u2013 erdvus baldas tobulam daikt\u0173 laikymui. \u201eRonda\u201c komoda \u2013 patikimas sprendimas tiems, kurie vertina funkcionalum\u0105, stili\u0173 ir puik\u0173 meistri\u0161kum\u0105. Leiskite man pristatyti \u0161io erdvaus daikt\u0173 laikymo bloko ypatybes: 1. Korpusas: 16 mm med\u017eio dro\u017eli\u0173 plok\u0161t\u0117 \/ matin\u0117 balta \/ \u0161viesus \u201eFlagstaff\u201c \u0105\u017euolas. Vidus \u2013 harmoningas matin\u0117s baltos ir \u0161viesaus \u0105\u017euolo derinys suteikia komodai modern\u0173 charakter\u012f, i\u0161laikant subtil\u0173 akcent\u0105. 2. Priekin\u0117 dalis: 16 mm med\u017eio dro\u017eli\u0173 plok\u0161t\u0117 \/ matin\u0117 balta \u2013 matin\u0117 balta priekin\u0117 dalis suteikia komodai elegancijos ir dera su \u012fvairiais interjero dizainais. 3. Vir\u0161us: 28 mm med\u017eio dro\u017eli\u0173 plok\u0161t\u0117 \u2013 vientisas stalvir\u0161is ne tik suteikia patogi\u0105 viet\u0105 daiktams laikyti, bet ir suteikia komodai charakterio. 4. Kampin\u0117s juostel\u0117s \u0105\u017euolo masyvo korpuse \u2013 vientisos medienos elementai suteikia komodai patvarumo ir nat\u016bralaus \u017eavesio. 5. 3 atver\u010diami fasadai \u2013 prakti\u0161kas sprendimas, leid\u017eiantis lengvai pasiekti laikomus daiktus. 6. 2 stal\u010diai (\u0161velniai u\u017esidarantys) \u2013 komoda naudojama skland\u017eiai ir tyliai, o tai visada malonu kasdien naudojant. 7. 4 lentynos \u2013 erdvi erdv\u0117, leid\u017eianti tvarkingai susid\u0117ti ir laikyti \u012fvairius daiktus. 8. Medin\u0117s rankenos \u2013 medin\u0117s rankenos suteikia komodai nat\u016bralumo ir puikiai dera su kitais baldais. Komoda \u201eRonda\u201c yra ne tik daikt\u0173 laikymo spintel\u0117, bet ir dekoratyvinis elementas, lengvai \u012fsiliejantis \u012f \u012fvairius interjero dizainus. Erdvumas, stilius ir patvarumas daro \u0161i\u0105 komod\u0105 puikiai tinkan\u010dia tiems, kurie ie\u0161ko ne tik prakti\u0161ko, bet ir esteti\u0161ko laikymo sprendimo.<\/p>\n<p>Prek\u0117s kodas S612-KOM3D2S\/B-DFJ\/BI Simbolis ZM EAN Plotis 158 cm Gylis 39 cm Auk\u0161tis 91 cm Kolekcija Ronda Spalva v\u0117liav\u0117l\u0117s stiebo \u0105\u017euolas \u0161viesus\/balta Gaubtas baltas Stilius modernus Med\u017eiaga laminatas Dureli\u0173 skai\u010dius 3 dur\u0173 Stal\u010di\u0173 skai\u010dius 2 stal\u010diai Rankena su ranken\u0117l\u0117mis Gamintojas Juoda Raudona Balta Baldo tipas Komodos PVM 23% EAN 5906123814553<\/p>","protected":false},"excerpt":{"rendered":"<p>\u201eRonda\u201c komoda \u2013 erdvus baldas tobulam daikt\u0173 laikymui. \u201eRonda\u201c komoda yra patikimas sprendimas tiems, kurie vertina funkcionalum\u0105, stili\u0173 ir puik\u0173 meistri\u0161kum\u0105. Leiskite man pristatyti jums \u0161io erdvaus daikt\u0173 laikymo bloko ypatybes: 1. Korpusas: 16 mm med\u017eio dro\u017eli\u0173 plok\u0161t\u0117 \/ matin\u0117 balta \/ \u0161viesus \u0105\u017euolo v\u0117liavos spalvos [\u2026]<\/p>","protected":false},"featured_media":259509,"comment_status":"open","ping_status":"open","template":"","meta":[],"product_brand":[],"product_cat":[9200,1173],"product_tag":[],"class_list":{"0":"post-259508","1":"product","2":"type-product","3":"status-publish","4":"has-post-thumbnail","6":"product_cat-black-red-white","7":"product_cat-chests-of-drawers","9":"first","10":"instock","11":"purchasable","12":"product-type-simple"},"_links":{"self":[{"href":"https:\/\/baldumarket.lt\/lt\/wp-json\/wp\/v2\/product\/259508","targetHints":{"allow":["GET"]}}],"collection":[{"href":"https:\/\/baldumarket.lt\/lt\/wp-json\/wp\/v2\/product"}],"about":[{"href":"https:\/\/baldumarket.lt\/lt\/wp-json\/wp\/v2\/types\/product"}],"replies":[{"embeddable":true,"href":"https:\/\/baldumarket.lt\/lt\/wp-json\/wp\/v2\/comments?post=259508"}],"wp:featuredmedia":[{"embeddable":true,"href":"https:\/\/baldumarket.lt\/lt\/wp-json\/wp\/v2\/media\/259509"}],"wp:attachment":[{"href":"https:\/\/baldumarket.lt\/lt\/wp-json\/wp\/v2\/media?parent=259508"}],"wp:term":[{"taxonomy":"product_brand","embeddable":true,"href":"https:\/\/baldumarket.lt\/lt\/wp-json\/wp\/v2\/product_brand?post=259508"},{"taxonomy":"product_cat","embeddable":true,"href":"https:\/\/baldumarket.lt\/lt\/wp-json\/wp\/v2\/product_cat?post=259508"},{"taxonomy":"product_tag","embeddable":true,"href":"https:\/\/baldumarket.lt\/lt\/wp-json\/wp\/v2\/product_tag?post=259508"}],"curies":[{"name":"wp","href":"https:\/\/api.w.org\/{rel}","templated":true}]}}