{"id":259501,"date":"2026-01-13T22:44:02","date_gmt":"2026-01-13T19:44:02","guid":{"rendered":"https:\/\/baldumarket.lt\/product\/komoda-trzydrzwiowa-z-dwoma-szufladami-noeda-106-cm-grafit\/"},"modified":"2026-02-11T18:29:50","modified_gmt":"2026-02-11T15:29:50","slug":"komoda-trzydrzwiowa-z-dwoma-szufladami-noeda-106-cm-grafit","status":"publish","type":"product","link":"https:\/\/baldumarket.lt\/lt\/product\/komoda-trzydrzwiowa-z-dwoma-szufladami-noeda-106-cm-grafit\/","title":{"rendered":"NOEDA trij\u0173 dur\u0173 komoda su dviem stal\u010diais, 106 cm, grafito spalvos"},"content":{"rendered":"<p>\u2019Noeda\u201c komoda \u2013 j\u016bs\u0173 poreikiams pritaikytas daikt\u0173 laikymo \u0161edevras. \u0160i komoda yra ne\u012ftik\u0117tinai universalus baldas, puikiai tinkantis svetain\u0117ms, jaunimo kambariams ar miegamiesiems. \u201eNoeda\u201c kolekcija derina modern\u0173 stili\u0173 su paprasta forma, puikiai tinkan\u010dia moderniam, skandinavi\u0161kam ar minimalistiniam interjerui. Pereikime prie i\u0161skirtini\u0173 \u201eNoeda\u201c komodos savybi\u0173: 1. 2 stal\u010diai priedams \u2013 prakti\u0161ka ma\u017eesni\u0173 daikt\u0173 laikymo vieta, minimalistinio dizaino, u\u017etikrinanti lengv\u0105 prieig\u0105. 2. 2 pla\u010dios lentynos \u2013 puikiai tinka laikyti didesnius daiktus, knygas ar dekoracijas. 3. 1 ma\u017eesn\u0117 spintel\u0117 \u2013 papildoma laikymo vieta, idealiai tinka daiktams, kuriuos norite visada tur\u0117ti po ranka, bet nepastebimai. 4. Subtilios plastikin\u0117s ranken\u0117l\u0117s \u2013 detal\u0117s, kurios suteikia komodai elegancijos, kartu i\u0161laikant minimalistin\u012f baldo stili\u0173. 5. Funkcinis stalvir\u0161is \u2013 papildomas pavir\u0161ius, ant kurio galite eksponuoti dekoracijas, paveikslus ar pakabinti televizori\u0173, tod\u0117l komoda tampa dar universalesn\u0117. 6. Galima rinktis i\u0161 trij\u0173 spalv\u0173: baltos, sonoma \u0105\u017euolo ir grafito. D\u0117l \u012fvairi\u0173 spalv\u0173 komod\u0105 galite priderinti prie savo skonio ir interjero stiliaus. \u201eNoeda\u201c komoda yra ne tik prakti\u0161kas baldas, pritaikytas j\u016bs\u0173 poreikiams, bet ir eleganti\u0161kas dekoratyvinis elementas. Ji supaprastins j\u016bs\u0173 daikt\u0173 laikymo sistem\u0105 ir suteiks j\u016bs\u0173 interjero dizainui harmonijos bei darnos. Sukurkite darni\u0105 erdv\u0119 su \u201eNoeda\u201c kolekcijos baldais ir m\u0117gaukit\u0117s funkcionalumu su moderniu akcentu.<\/p>\n<p>Prek\u0117s kodas S581-KOM3D2S-GF Simbolis ZM EAN Plotis 106 cm Gylis 35 cm Auk\u0161tis 75 cm Kolekcija Noeda Spalva grafito Atspalvis grafito Stilius modernus Med\u017eiaga laminatas Dureli\u0173 skai\u010dius 3 dur\u0173 Stal\u010di\u0173 skai\u010dius 2 stal\u010diai Rankena su ranken\u0117l\u0117mis Gamintojas Juoda Raudona Balta Baldo tipas Komodos PVM 23% EAN 5906123813730<\/p>","protected":false},"excerpt":{"rendered":"<p>The Noeda Chest of Drawers \u2013 a storage masterpiece tailored to your needs. This chest of drawers is an incredibly versatile piece of furniture that&#8217;s perfect for living rooms, youth rooms, or bedrooms. The Noeda collection combines modern styling with a simple form, perfect for modern, Scandinavian, or minimalist interiors. Let&#8217;s move on to the [&hellip;]<\/p>","protected":false},"featured_media":259502,"comment_status":"open","ping_status":"open","template":"","meta":[],"product_brand":[],"product_cat":[9200,1173],"product_tag":[],"class_list":{"0":"post-259501","1":"product","2":"type-product","3":"status-publish","4":"has-post-thumbnail","6":"product_cat-black-red-white","7":"product_cat-chests-of-drawers","9":"first","10":"instock","11":"purchasable","12":"product-type-simple"},"_links":{"self":[{"href":"https:\/\/baldumarket.lt\/lt\/wp-json\/wp\/v2\/product\/259501","targetHints":{"allow":["GET"]}}],"collection":[{"href":"https:\/\/baldumarket.lt\/lt\/wp-json\/wp\/v2\/product"}],"about":[{"href":"https:\/\/baldumarket.lt\/lt\/wp-json\/wp\/v2\/types\/product"}],"replies":[{"embeddable":true,"href":"https:\/\/baldumarket.lt\/lt\/wp-json\/wp\/v2\/comments?post=259501"}],"wp:featuredmedia":[{"embeddable":true,"href":"https:\/\/baldumarket.lt\/lt\/wp-json\/wp\/v2\/media\/259502"}],"wp:attachment":[{"href":"https:\/\/baldumarket.lt\/lt\/wp-json\/wp\/v2\/media?parent=259501"}],"wp:term":[{"taxonomy":"product_brand","embeddable":true,"href":"https:\/\/baldumarket.lt\/lt\/wp-json\/wp\/v2\/product_brand?post=259501"},{"taxonomy":"product_cat","embeddable":true,"href":"https:\/\/baldumarket.lt\/lt\/wp-json\/wp\/v2\/product_cat?post=259501"},{"taxonomy":"product_tag","embeddable":true,"href":"https:\/\/baldumarket.lt\/lt\/wp-json\/wp\/v2\/product_tag?post=259501"}],"curies":[{"name":"wp","href":"https:\/\/api.w.org\/{rel}","templated":true}]}}