{"id":259481,"date":"2026-01-13T22:43:46","date_gmt":"2026-01-13T19:43:46","guid":{"rendered":"https:\/\/baldumarket.lt\/product\/komoda-trzydrzwiowa-z-2-szufladami-vabres-150-cm-dab-artisan-lamele\/"},"modified":"2026-02-11T18:29:51","modified_gmt":"2026-02-11T15:29:51","slug":"komoda-trzydrzwiowa-z-2-szufladami-vabres-150-cm-dab-artisan-lamele","status":"publish","type":"product","link":"https:\/\/baldumarket.lt\/lt\/product\/komoda-trzydrzwiowa-z-2-szufladami-vabres-150-cm-dab-artisan-lamele\/","title":{"rendered":"Vabres trij\u0173 dur\u0173 komoda su 2 stal\u010diais, 150 cm, meni\u0161ko \u0105\u017euolo lamel\u0117s"},"content":{"rendered":"<p>\u2019Vabres\u201c komoda \u2013 erdvi komoda su grotel\u0117mis. \u201eVabres\u201c komoda \u2013 tai stilingas baldas, unikaliai derinantis mading\u0105 groteli\u0173 dizain\u0105 su \u0161ilta, med\u017eio imitacijos spalva. \u0160is baldas puikiai tinka tiek grie\u017etam lofto interjerui, tiek klasikiniam dizainui, suteikdamas jaukumo ir elegancijos. Med\u017eiaga ir spalvos: \u201eVabres\u201c komodos korpusas ir fasadai apdailinti meni\u0161ko \u0105\u017euolo apdaila, kuri realisti\u0161kai atkuria med\u017eio tekst\u016br\u0105 ir suteikia interjerui nat\u016bralumo. I\u0161skirtiniai komodos bruo\u017eai \u2013 i\u0161 MDF plok\u0161\u010di\u0173 pagamintos grotel\u0117s, suteikian\u010dios modernumo, ir subtilus juodas akcentas. Minimalistin\u0117s juodos ranken\u0117l\u0117s papildo bendr\u0105 dizain\u0105, harmoningai \u012fsiliejdamos \u012f lofto stili\u0173. Funkcionalumas: \u201eVabres\u201c komoda sukurta atsi\u017evelgiant \u012f maksimali\u0105 daikt\u0173 saugojimo erdv\u0119. Joje yra du erdv\u016bs stal\u010diai ir lentynos, pasl\u0117ptos u\u017e tvirt\u0173 fasad\u0173, tod\u0117l patogu laikyti \u012fvairius daiktus. Platus 150,5 cm stalvir\u0161is gali b\u016bti naudojamas kaip dekoratyvinis pavir\u0161ius \u2013 jis puikiai tinka eksponuoti grafik\u0105, nuotraukas juodais r\u0117meliais ar vazoninius augalus, suteikiant interjerui gaivumo. Ypatyb\u0117s: Dekoratyvin\u0117s MDF juosteli\u0173 lentos, atitinkan\u010dios naujausias dizaino tendencijas. Meni\u0161ko \u0105\u017euolo apdaila, realisti\u0161kai imituojanti medien\u0105. Minimalistin\u0117s juodos ranken\u0117l\u0117s pabr\u0117\u017eia modern\u0173 stili\u0173. Du erdv\u016bs stal\u010diai ir lentynos u\u017e tvirt\u0173 fasad\u0173. Platus 150,5 cm stalvir\u0161is idealiai tinka dekoracijoms eksponuoti. Universalus dizainas, tinkantis lofto, industriniam ir klasikiniam interjerui. Santrauka: \u201eVabres\u201c komoda yra puikus pasirinkimas m\u0117gstantiems modernius sprendimus ir nat\u016bralius akcentus interjere. Derinant \u0161ilt\u0105 spalv\u0105 su madingu lenteli\u0173 ra\u0161tu, komoda suteikia interjerui jaukumo ir pabr\u0117\u017eia jo charakter\u012f. Ji puikiai dera su kitais \u201eVabres\u201c kolekcijos baldais, sukurdama darn\u0173 ir stiling\u0105 i\u0161d\u0117stym\u0105 miegamajame ar svetain\u0117je.<\/p>\n<p>Prek\u0117s kodas S620-KOM3D2S-DASN\/DASN\/CA Plotis 150,5 cm Gylis 40 cm Auk\u0161tis 87 cm Kolekcija Vabres Spalva meni\u0161kas \u0105\u017euolas\/juoda Gaubtas \u0161viesus medis Stilius modernus Med\u017eiaga laminatas Dureli\u0173 skai\u010dius 3 dur\u0173 Stal\u010di\u0173 skai\u010dius 2 stal\u010diai Rankena su rankenomis Gamintojas Juoda Raudona Balta Baldo tipas Komodos PVM 23% EAN 5906123049962<\/p>","protected":false},"excerpt":{"rendered":"<p>\u201eVabres\u201c komoda \u2013 erdvi komoda su grotel\u0117mis. \u201eVabres\u201c komoda \u2013 tai stilingas baldas, unikaliai derinantis mading\u0105 groteli\u0173 dizain\u0105 su \u0161ilta, med\u017eio imitacijos spalva. \u0160is baldas puikiai tinka tiek grie\u017etiems lofto interjerams, tiek klasikinio dizaino patalpoms, suteikdamas joms jaukumo ir [\u2026]<\/p>","protected":false},"featured_media":259482,"comment_status":"open","ping_status":"open","template":"","meta":[],"product_brand":[],"product_cat":[9200,1173],"product_tag":[],"class_list":{"0":"post-259481","1":"product","2":"type-product","3":"status-publish","4":"has-post-thumbnail","6":"product_cat-black-red-white","7":"product_cat-chests-of-drawers","9":"first","10":"instock","11":"purchasable","12":"product-type-simple"},"_links":{"self":[{"href":"https:\/\/baldumarket.lt\/lt\/wp-json\/wp\/v2\/product\/259481","targetHints":{"allow":["GET"]}}],"collection":[{"href":"https:\/\/baldumarket.lt\/lt\/wp-json\/wp\/v2\/product"}],"about":[{"href":"https:\/\/baldumarket.lt\/lt\/wp-json\/wp\/v2\/types\/product"}],"replies":[{"embeddable":true,"href":"https:\/\/baldumarket.lt\/lt\/wp-json\/wp\/v2\/comments?post=259481"}],"wp:featuredmedia":[{"embeddable":true,"href":"https:\/\/baldumarket.lt\/lt\/wp-json\/wp\/v2\/media\/259482"}],"wp:attachment":[{"href":"https:\/\/baldumarket.lt\/lt\/wp-json\/wp\/v2\/media?parent=259481"}],"wp:term":[{"taxonomy":"product_brand","embeddable":true,"href":"https:\/\/baldumarket.lt\/lt\/wp-json\/wp\/v2\/product_brand?post=259481"},{"taxonomy":"product_cat","embeddable":true,"href":"https:\/\/baldumarket.lt\/lt\/wp-json\/wp\/v2\/product_cat?post=259481"},{"taxonomy":"product_tag","embeddable":true,"href":"https:\/\/baldumarket.lt\/lt\/wp-json\/wp\/v2\/product_tag?post=259481"}],"curies":[{"name":"wp","href":"https:\/\/api.w.org\/{rel}","templated":true}]}}