{"id":259374,"date":"2026-01-13T22:42:08","date_gmt":"2026-01-13T19:42:08","guid":{"rendered":"https:\/\/baldumarket.lt\/product\/komoda-trzydrzwiowa-nandu-90-cm-jasny-szary-dab-polski-bialy-polysk\/"},"modified":"2026-02-11T18:29:52","modified_gmt":"2026-02-11T15:29:52","slug":"komoda-trzydrzwiowa-nandu-90-cm-jasny-szary-dab-polski-bialy-polysk","status":"publish","type":"product","link":"https:\/\/baldumarket.lt\/lt\/product\/komoda-trzydrzwiowa-nandu-90-cm-jasny-szary-dab-polski-bialy-polysk\/","title":{"rendered":"NANDU komoda su trimis durimis, 90 cm, \u0161viesiai pilka\/poliruoto \u0105\u017euolo spalva\/blizgi balta spalva"},"content":{"rendered":"<p>\u2019Nandu\u201c komoda \u2013 tvarka ir stilius ranka pasiekiami. Moderni \u201eNandu\u201c kolekcija yra raktas \u012f lengv\u0105 studento ar paauglio kambario sutvarkym\u0105, o \u201eNandu\u201c komoda yra nepakei\u010diamas elementas, leid\u017eiantis palaikyti tvark\u0105 ranka pasiekiamu atstumu ir kartu suteikiantis stiling\u0105 estetik\u0105. Jei ie\u0161kote vietos \u017eaislams, drabu\u017eiams ar mokyklin\u0117ms prek\u0117ms laikyti, \u201eNandu\u201c komoda yra puikus sprendimas. Trys erdv\u016bs stal\u010diai ir dvi atviros erdv\u0117s si\u016blo lanks\u010dias organizavimo galimybes, pritaikytas j\u016bs\u0173 individualiems poreikiams. Tai vieta, kur viskas ras savo nuolatinius namus, tod\u0117l tvarkos palaikymas bus lengvesnis nei bet kada anks\u010diau. Prakti\u0161kas komodos stal\u010dius suteikia papildomos naudingos erdv\u0117s. Ant jo pad\u0117kite dekoratyvinius ir edukacinius aksesuarus, tokius kaip gaublys ar saul\u0117s sistema, kurie \u012f j\u016bs\u0173 vaiko kasdien\u0119 aplink\u0105 \u012fne\u0161a edukacini\u0173 element\u0173. \u0160viesiai pilkos ir \u0161iltos lenki\u0161ko \u0105\u017euolo spalvos korpuso su baltai blizgiais fasadais derinys sukuria harmoning\u0105 pagrind\u0105. Pasirinktinai vir\u0161utin\u012f stal\u010di\u0173 galite pakeisti skaitmeniniu atspaudu, kuris yra dviej\u0173 variant\u0173, pavyzd\u017eiui, komikso stiliaus, kuris suteikia \u017eaismingumo ir asmeninio \u017eavesio. Fasadai be ranken\u0117li\u0173 yra ne tik modernus dizaino elementas, bet ir prakti\u0161kas sprendimas, pabr\u0117\u017eiantis \u0161ios jaunimo komodos minimalistin\u012f charakter\u012f. Su pla\u010dia \u201eNandu\u201c kolekcija galite sukurti erdv\u0119, kuri skatina mokym\u0105si ir \u017eaidim\u0105. I\u0161naudokite \u201eNandu\u201c komodos potencial\u0105 derindami j\u0105 su kitais kolekcijos elementais ir pritaikykite kambar\u012f unikaliems savo vaiko poreikiams.<\/p>\n<p>Prek\u0117s kodas S441-KOM3S-JSZ\/DP\/BIP Simbolis ZM EAN Plotis 90 cm Gylis 39 cm Auk\u0161tis 91 cm Kolekcija Nandu Spalva \u0161viesiai pilka\/poliruoto \u0105\u017euolo\/blizgi balta Pilkos spalvos atspalvis Stilius modernus Med\u017eiaga laminatas Dureli\u0173 skai\u010dius be dureli\u0173 Stal\u010di\u0173 skai\u010dius 3 stal\u010diai Rankena be ranken\u0117li\u0173 Gamintojas Juoda Raudona Balta Baldo tipas Komodos PVM 23% EAN 5906123952415<\/p>","protected":false},"excerpt":{"rendered":"<p>\u201eNandu\u201c komodos \u2013 tvarka ir stilius ranka pasiekiami. Moderni \u201eNandu\u201c kolekcija yra raktas \u012f lengv\u0105 studento ar paauglio kambario sutvarkym\u0105, o \u201eNandu\u201c komoda yra nepakei\u010diamas elementas, leid\u017eiantis palaikyti tvark\u0105 ranka pasiekiamoje vietoje ir suteikiantis stiling\u0105 estetik\u0105. Jei ie\u0161kote vietos daiktams laikyti [\u2026]<\/p>","protected":false},"featured_media":259375,"comment_status":"open","ping_status":"open","template":"","meta":[],"product_brand":[],"product_cat":[9200,1173],"product_tag":[],"class_list":{"0":"post-259374","1":"product","2":"type-product","3":"status-publish","4":"has-post-thumbnail","6":"product_cat-black-red-white","7":"product_cat-chests-of-drawers","9":"first","10":"instock","11":"purchasable","12":"product-type-simple"},"_links":{"self":[{"href":"https:\/\/baldumarket.lt\/lt\/wp-json\/wp\/v2\/product\/259374","targetHints":{"allow":["GET"]}}],"collection":[{"href":"https:\/\/baldumarket.lt\/lt\/wp-json\/wp\/v2\/product"}],"about":[{"href":"https:\/\/baldumarket.lt\/lt\/wp-json\/wp\/v2\/types\/product"}],"replies":[{"embeddable":true,"href":"https:\/\/baldumarket.lt\/lt\/wp-json\/wp\/v2\/comments?post=259374"}],"wp:featuredmedia":[{"embeddable":true,"href":"https:\/\/baldumarket.lt\/lt\/wp-json\/wp\/v2\/media\/259375"}],"wp:attachment":[{"href":"https:\/\/baldumarket.lt\/lt\/wp-json\/wp\/v2\/media?parent=259374"}],"wp:term":[{"taxonomy":"product_brand","embeddable":true,"href":"https:\/\/baldumarket.lt\/lt\/wp-json\/wp\/v2\/product_brand?post=259374"},{"taxonomy":"product_cat","embeddable":true,"href":"https:\/\/baldumarket.lt\/lt\/wp-json\/wp\/v2\/product_cat?post=259374"},{"taxonomy":"product_tag","embeddable":true,"href":"https:\/\/baldumarket.lt\/lt\/wp-json\/wp\/v2\/product_tag?post=259374"}],"curies":[{"name":"wp","href":"https:\/\/api.w.org\/{rel}","templated":true}]}}