{"id":259370,"date":"2026-01-13T22:42:04","date_gmt":"2026-01-13T19:42:04","guid":{"rendered":"https:\/\/baldumarket.lt\/product\/komoda-trzydrzwiowa-horton-170-cm-dab-zloty-grandson-bialy-polysk\/"},"modified":"2026-02-11T18:29:52","modified_gmt":"2026-02-11T15:29:52","slug":"komoda-trzydrzwiowa-horton-170-cm-dab-zloty-grandson-bialy-polysk","status":"publish","type":"product","link":"https:\/\/baldumarket.lt\/lt\/product\/komoda-trzydrzwiowa-horton-170-cm-dab-zloty-grandson-bialy-polysk\/","title":{"rendered":"HORTON komoda su trimis durimis, 170 cm, auksinio \u0105\u017euolo \u201eGrandson\u201c spalva \/ balta blizgi spalva"},"content":{"rendered":"<p>\u201eHorton\u201c komoda \u2013 erdvi spintel\u0117 j\u016bs\u0173 namams. Prie\u0161 nuspr\u0119sdami pirkti spintel\u0119 savo namams, verta apsvarstyti m\u016bs\u0173 pasirinkim\u0105, kuriame dera ne tik funkcionalumas, bet ir unikalus stilius. M\u016bs\u0173 spintel\u0117 \u2013 puikus sprendimas tiems, kurie nori eleganti\u0161kai laikyti savo daiktus. Blizgios baltos spalvos su \u201eGrandson\u201c \u0105\u017euolo apdaila, m\u016bs\u0173 spintel\u0117 ne tik u\u017etikrina prakti\u0161k\u0105 daikt\u0173 laikym\u0105, bet ir tampa ry\u0161kiu j\u016bs\u0173 interjero elementu. D\u0117l \u012fsp\u016bdingo dyd\u017eio ji puikiai tinka erdviems miegamiesiems, svetain\u0117ms ar koridoriams. \u0160is stilingas baldas puikiai papildys modern\u0173, skandinavi\u0161k\u0105 ir retro interjer\u0105. Trys durel\u0117s su \u0161velniai u\u017esidaran\u010diais vyriais ir metalin\u0117mis rankenomis yra ne tik funkcionalios, bet ir suteikia spintelei charakterio. Erdvios lentynos leid\u017eia efektyviai sutvarkyti drabu\u017eius ir aksesuarus, u\u017etikrinant, kad viskas b\u016bt\u0173 lengvai pasiekiama. Tvirtas stalvir\u0161is ne tik suteikia elegancijos, bet ir suteikia papildomos vietos b\u016btiniausi\u0173 daikt\u0173 eksponavimui ar laikymui. Nepamir\u0161ome ir detali\u0173, tod\u0117l m\u016bs\u0173 spintel\u0117je yra LED ap\u0161vietimas, kuris sustiprina jos stiling\u0105 charakter\u012f. Pasirinkdami m\u016bs\u0173 baldus, j\u016bs suderinate prakti\u0161k\u0105 daikt\u0173 laikym\u0105 su dizainerio prisilietimu. Atraskite stiliaus ir funkcionalumo harmonij\u0105 su m\u016bs\u0173 erdvia spintele!<\/p>\n<p>Prek\u0117s kodas S488-KOM3D-BI\/DZG\/BIP Simbolis ZM EAN Plotis 170 cm Gylis 42 cm Auk\u0161tis 90 cm Kolekcija Horton Spalva balta\/grandson auksinis \u0105\u017euolas\/blizgi balta Atspalvis baltas Stilius modernus Med\u017eiaga laminatas Dureli\u0173 skai\u010dius 3 dur\u0173 Stal\u010di\u0173 skai\u010dius be stal\u010di\u0173 Rankena su rankenomis Gamintojas Juoda Raudona Balta Baldo tipas Komodos PVM 23% EAN 5906123709064<\/p>","protected":false},"excerpt":{"rendered":"<p>\u201eHorton\u201c komoda \u2013 erdvi spintel\u0117 j\u016bs\u0173 namams. Prie\u0161 nuspr\u0119sdami pirkti spintel\u0119 savo namams, verta apsvarstyti m\u016bs\u0173 pasirinkim\u0105, kuriame dera ne tik funkcionalumas, bet ir unikalus stilius. M\u016bs\u0173 spintel\u0117 \u2013 puikus sprendimas tiems, kurie nori eleganti\u0161kai laikyti savo daiktus. Apdaila blizgi balta spalva su \u201eGrandson\u201c [\u2026]<\/p>","protected":false},"featured_media":259371,"comment_status":"open","ping_status":"open","template":"","meta":[],"product_brand":[],"product_cat":[9200,1173],"product_tag":[],"class_list":{"0":"post-259370","1":"product","2":"type-product","3":"status-publish","4":"has-post-thumbnail","6":"product_cat-black-red-white","7":"product_cat-chests-of-drawers","9":"first","10":"instock","11":"purchasable","12":"product-type-simple"},"_links":{"self":[{"href":"https:\/\/baldumarket.lt\/lt\/wp-json\/wp\/v2\/product\/259370","targetHints":{"allow":["GET"]}}],"collection":[{"href":"https:\/\/baldumarket.lt\/lt\/wp-json\/wp\/v2\/product"}],"about":[{"href":"https:\/\/baldumarket.lt\/lt\/wp-json\/wp\/v2\/types\/product"}],"replies":[{"embeddable":true,"href":"https:\/\/baldumarket.lt\/lt\/wp-json\/wp\/v2\/comments?post=259370"}],"wp:featuredmedia":[{"embeddable":true,"href":"https:\/\/baldumarket.lt\/lt\/wp-json\/wp\/v2\/media\/259371"}],"wp:attachment":[{"href":"https:\/\/baldumarket.lt\/lt\/wp-json\/wp\/v2\/media?parent=259370"}],"wp:term":[{"taxonomy":"product_brand","embeddable":true,"href":"https:\/\/baldumarket.lt\/lt\/wp-json\/wp\/v2\/product_brand?post=259370"},{"taxonomy":"product_cat","embeddable":true,"href":"https:\/\/baldumarket.lt\/lt\/wp-json\/wp\/v2\/product_cat?post=259370"},{"taxonomy":"product_tag","embeddable":true,"href":"https:\/\/baldumarket.lt\/lt\/wp-json\/wp\/v2\/product_tag?post=259370"}],"curies":[{"name":"wp","href":"https:\/\/api.w.org\/{rel}","templated":true}]}}