{"id":259366,"date":"2026-01-13T22:42:00","date_gmt":"2026-01-13T19:42:00","guid":{"rendered":"https:\/\/baldumarket.lt\/product\/komoda-pieciodrzwiowa-z-dwoma-szufladami-i-trzema-frontami-szklanymi-hesen-186-cm-grafit-dab-artisan\/"},"modified":"2026-02-11T18:29:52","modified_gmt":"2026-02-11T15:29:52","slug":"komoda-pieciodrzwiowa-z-dwoma-szufladami-i-trzema-frontami-szklanymi-hesen-186-cm-grafit-dab-artisan","status":"publish","type":"product","link":"https:\/\/baldumarket.lt\/lt\/product\/komoda-pieciodrzwiowa-z-dwoma-szufladami-i-trzema-frontami-szklanymi-hesen-186-cm-grafit-dab-artisan\/","title":{"rendered":"Penki\u0173 dur\u0173 komoda su dviem stal\u010diais ir trimis stikliniais fasadais HESEN 186 cm grafito\/artistinio \u0105\u017euolo spalvos"},"content":{"rendered":"<p>\u2019Hesen\u201c komoda \u2013 elegancija j\u016bs\u0173 minimalistiniam svetainei ir ne tik. \u201eHesen\u201c kolekcija \u2013 puikus b\u016bdas sukurti atsipalaidavimo, ilg\u0173 pokalbi\u0173 ir \u0161eimos laiko atmosfer\u0105 j\u016bs\u0173 svetain\u0117je. Nesvarbu, ar j\u016bs\u0173 svetain\u0117 skirta stalo \u017eaidimams, pokalbiams ar socialiniams susib\u016brimams, \u201eHesen\u201c bald\u0173 serija i\u0161saugos ram\u0173 interjero charakter\u012f ir sukurs maloni\u0105 atmosfer\u0105. \u201eHesen\u201c komoda yra ne tik prakti\u0161kas daikt\u0173 laikymo sprendimas, bet ir dekoratyvinis elementas, suteikiantis j\u016bs\u0173 svetainei elegancijos. Jei svajojate apie savo svetain\u0119, u\u017epildyt\u0105 stilingais akcentais, \u201eHesen\u201c komoda tikrai pateisins j\u016bs\u0173 l\u016bkes\u010dius. U\u017e stiklini\u0173 dureli\u0173 galite eksponuoti \u012fdomius nieku\u010dius, tokius kaip porcelianas, kri\u0161tolas ar stiklo dirbiniai, kurie pritrauks d\u0117mes\u012f. 186 x 126 cm komoda si\u016blo daugyb\u0119 daikt\u0173 laikymo ir eksponavimo galimybi\u0173. Jos viduje yra: \u2013 2 prakti\u0161ki stal\u010diai ma\u017eesniems daiktams susid\u0117ti. \u2013 3 vir\u0161utin\u0117s spintel\u0117s su gr\u016bdinto stiklo fasadais, idealiai tinkantys dekoratyviniams daiktams eksponuoti. \u2013 2 apatin\u0117s spintel\u0117s su \u012fmontuotais fasadais, kuriuose pasl\u0117pti didesni daiktai. \u2013 5 lentynos, kurios padalija spinteles \u012f 10 prakti\u0161k\u0173 skyri\u0173, tod\u0117l erdv\u0117 tampa lengviau sutvarkoma. Papildomas \u201eHesen\u201c komodos privalumas \u2013 LED ap\u0161vietimas, skirtas spintel\u0117ms su skaidriais fasadais. \u0160is ap\u0161vietimas leid\u017eia dar labiau i\u0161ry\u0161kinti dekoracijas ir aksesuarus. \u0160i komoda \u017eavi ne tik funkcionalumu, bet ir dizainu. Komodos grafito spalv\u0105 pary\u0161kina subtiliai apdirbti fasad\u0173 frezavimai, o dirbtinio \u0105\u017euolo arba \u0161viesaus Sibiu maumed\u017eio stalvir\u0161is suteikia baldui elegancijos ir nat\u016bralumo. Smailios ranken\u0117l\u0117s suteikia baldui subtilumo. \u201eHesen\u201c komoda taip pat gali pasigirti praktin\u0117mis savyb\u0117mis, tokiomis kaip \u0161velniai u\u017esidarantys vyriai ir pilno i\u0161traukimo stal\u010di\u0173 b\u0117geliai. Jei ie\u0161kote darnaus dizaino, apsvarstykite galimyb\u0119 papildyti kitus \u201eHesen\u201c kolekcijos baldus, kad sukurtum\u0117te harmoning\u0105 interjer\u0105 savo svetain\u0117je, miegamajame ar kitame kambaryje. Leiskite \u201eHesen\u201c komodai pad\u0117ti palaikyti tvark\u0105 ir suteikti j\u016bs\u0173 namams elegancijos.<\/p>\n<p>Prek\u0117s kodas S515-KOM3W2D2S\/13\/19-GF\/DASN Simbolis ZM EAN Plotis 186 cm Gylis 44 cm Auk\u0161tis 126 cm Kolekcija Hesen Spalva grafito\/artisan \u0105\u017euolo Atspalvis grafito Stilius Skandinavi\u0161kas Dureli\u0173 skai\u010dius daugiaduris Stal\u010di\u0173 skai\u010dius 2 stal\u010diai Rankena su ranken\u0117l\u0117mis Ap\u0161vietimas su ap\u0161vietimu Gamintojas Juoda Raudona Balta Baldo tipas Komodos PVM 23% EAN 5906123811941<\/p>","protected":false},"excerpt":{"rendered":"<p>The Hesen Chest of Drawers \u2013 Elegance for Your Minimalist Living Room and Beyond. The Hesen collection is the perfect way to create an atmosphere of relaxation, long conversations, and family time in your living room. Whether your living room is a place for board games, conversations, or social gatherings, the Hesen furniture series will [&hellip;]<\/p>","protected":false},"featured_media":259367,"comment_status":"open","ping_status":"open","template":"","meta":[],"product_brand":[],"product_cat":[9200,1173],"product_tag":[],"class_list":{"0":"post-259366","1":"product","2":"type-product","3":"status-publish","4":"has-post-thumbnail","6":"product_cat-black-red-white","7":"product_cat-chests-of-drawers","9":"first","10":"instock","11":"purchasable","12":"product-type-simple"},"_links":{"self":[{"href":"https:\/\/baldumarket.lt\/lt\/wp-json\/wp\/v2\/product\/259366","targetHints":{"allow":["GET"]}}],"collection":[{"href":"https:\/\/baldumarket.lt\/lt\/wp-json\/wp\/v2\/product"}],"about":[{"href":"https:\/\/baldumarket.lt\/lt\/wp-json\/wp\/v2\/types\/product"}],"replies":[{"embeddable":true,"href":"https:\/\/baldumarket.lt\/lt\/wp-json\/wp\/v2\/comments?post=259366"}],"wp:featuredmedia":[{"embeddable":true,"href":"https:\/\/baldumarket.lt\/lt\/wp-json\/wp\/v2\/media\/259367"}],"wp:attachment":[{"href":"https:\/\/baldumarket.lt\/lt\/wp-json\/wp\/v2\/media?parent=259366"}],"wp:term":[{"taxonomy":"product_brand","embeddable":true,"href":"https:\/\/baldumarket.lt\/lt\/wp-json\/wp\/v2\/product_brand?post=259366"},{"taxonomy":"product_cat","embeddable":true,"href":"https:\/\/baldumarket.lt\/lt\/wp-json\/wp\/v2\/product_cat?post=259366"},{"taxonomy":"product_tag","embeddable":true,"href":"https:\/\/baldumarket.lt\/lt\/wp-json\/wp\/v2\/product_tag?post=259366"}],"curies":[{"name":"wp","href":"https:\/\/api.w.org\/{rel}","templated":true}]}}