{"id":259365,"date":"2026-01-13T22:41:59","date_gmt":"2026-01-13T19:41:59","guid":{"rendered":"https:\/\/baldumarket.lt\/product\/komoda-narozna-kent-60-cm-kasztan\/"},"modified":"2026-02-11T18:29:52","modified_gmt":"2026-02-11T15:29:52","slug":"komoda-narozna-kent-60-cm-kasztan","status":"publish","type":"product","link":"https:\/\/baldumarket.lt\/lt\/product\/komoda-narozna-kent-60-cm-kasztan\/","title":{"rendered":"KENT kampin\u0117 komoda 60 cm ka\u0161tonin\u0117"},"content":{"rendered":"<p>Kent komoda \u2013 kampin\u0117 saugykla Kent komoda \u2013 puikus kampin\u0117s saugyklos sprendimas. Rafinuota i\u0161vaizda ir nesenstanti elegancija yra pagrindiniai \u0161ios klasikin\u0117s modulin\u0117s kolekcijos privalumai. Kampin\u0117 Kent komoda idealiai tinka ma\u017eoms erdv\u0117ms, nes leid\u017eia prakti\u0161kai i\u0161naudoti sunkiai prieinamus kampus. Vidin\u0117 lentyna ir funkcionalus stal\u010dius sukuria patogi\u0105 viet\u0105 svarbiausiems aksesuarams laikyti. Sistemoje naudojama i\u0161skirtin\u0117 fanera puikiai perteikia nat\u016bral\u0173 medienos charakter\u012f, i\u0161saugodama jos strukt\u016br\u0105 ir \u017eaves\u012f. \u0160iltas ka\u0161toninis atspalvis suteikia \u0161iam baldui i\u0161skirtin\u0119 i\u0161vaizd\u0105. Unikali\u0105 komodos i\u0161vaizd\u0105 sukuria rankomis rai\u017eyti cokoliai ir fasadai, taip pat ry\u0161kios, dekoratyvin\u0117s ranken\u0117l\u0117s, kurios ne tik patraukia d\u0117mes\u012f, bet ir suteikia kambariui unikal\u0173 presti\u017e\u0105. \u0160i kampin\u0117 komoda puikiai papildo kambar\u012f, dekoruot\u0105 kitais Kent kolekcijos elementais. Derindami j\u0105 su komoda, spintele ar kavos staliuku, galite sukurti stiling\u0105 svetain\u0119, jauk\u0173 miegam\u0105j\u012f, funkcional\u0173 darbo kambar\u012f, eleganti\u0161k\u0105 valgom\u0105j\u012f ar net sveting\u0105 prie\u0161kambar\u012f.<\/p>\n<p>Prek\u0117s kodas S10-EKOM1DSN-KA Simbolis ZM EAN Plotis 60 cm Gylis 60,5 cm Auk\u0161tis 90,5 cm Kolekcija Kent Spalva ka\u0161tonin\u0117 Atspalvis tamsi mediena Stilius klasikinis Med\u017eiaga laminatas Dureli\u0173 skai\u010dius 1 dur\u0173 Stal\u010di\u0173 skai\u010dius 1 stal\u010dius Rankena su ranken\u0117l\u0117mis Gamintojas Juoda Raudona Balta Baldo tipas Komodos PVM 23% EAN 5906123881944<\/p>","protected":false},"excerpt":{"rendered":"<p>Kent komoda \u2013 kampin\u0117 saugykla Kent komoda yra puikus kampin\u0117s saugyklos sprendimas. Rafinuota i\u0161vaizda ir nesenstanti elegancija yra pagrindiniai \u0161ios klasikin\u0117s modulin\u0117s kolekcijos privalumai. Kent kampin\u0117 komoda idealiai tinka ma\u017eoms erdv\u0117ms, nes leid\u017eia prakti\u0161kai i\u0161naudoti sunkiai prieinamus kampus. Vidin\u0117 lentyna ir [\u2026]<\/p>","protected":false},"featured_media":0,"comment_status":"open","ping_status":"open","template":"","meta":[],"product_brand":[],"product_cat":[9200,1173],"product_tag":[],"class_list":{"0":"post-259365","1":"product","2":"type-product","3":"status-publish","5":"product_cat-black-red-white","6":"product_cat-chests-of-drawers","8":"first","9":"instock","10":"purchasable","11":"product-type-simple"},"_links":{"self":[{"href":"https:\/\/baldumarket.lt\/lt\/wp-json\/wp\/v2\/product\/259365","targetHints":{"allow":["GET"]}}],"collection":[{"href":"https:\/\/baldumarket.lt\/lt\/wp-json\/wp\/v2\/product"}],"about":[{"href":"https:\/\/baldumarket.lt\/lt\/wp-json\/wp\/v2\/types\/product"}],"replies":[{"embeddable":true,"href":"https:\/\/baldumarket.lt\/lt\/wp-json\/wp\/v2\/comments?post=259365"}],"wp:attachment":[{"href":"https:\/\/baldumarket.lt\/lt\/wp-json\/wp\/v2\/media?parent=259365"}],"wp:term":[{"taxonomy":"product_brand","embeddable":true,"href":"https:\/\/baldumarket.lt\/lt\/wp-json\/wp\/v2\/product_brand?post=259365"},{"taxonomy":"product_cat","embeddable":true,"href":"https:\/\/baldumarket.lt\/lt\/wp-json\/wp\/v2\/product_cat?post=259365"},{"taxonomy":"product_tag","embeddable":true,"href":"https:\/\/baldumarket.lt\/lt\/wp-json\/wp\/v2\/product_tag?post=259365"}],"curies":[{"name":"wp","href":"https:\/\/api.w.org\/{rel}","templated":true}]}}