{"id":259357,"date":"2026-01-13T22:41:52","date_gmt":"2026-01-13T19:41:52","guid":{"rendered":"https:\/\/baldumarket.lt\/product\/komoda-jednodrzwiowa-z-trzema-szufladami-weston-131-cm-sosna-old-style-ciemna-matera\/"},"modified":"2026-02-11T18:29:52","modified_gmt":"2026-02-11T15:29:52","slug":"komoda-jednodrzwiowa-z-trzema-szufladami-weston-131-cm-sosna-old-style-ciemna-matera","status":"publish","type":"product","link":"https:\/\/baldumarket.lt\/lt\/product\/komoda-jednodrzwiowa-z-trzema-szufladami-weston-131-cm-sosna-old-style-ciemna-matera\/","title":{"rendered":"WESTON komoda su vienomis durel\u0117mis ir trimis stal\u010diais, 131 cm, senovinio stiliaus tamsi pu\u0161is\/\u010diu\u017einys"},"content":{"rendered":"<p>\u201eWeston\u201c komoda \u2013 stilingas daikt\u0173 laikymo elementas paauglio kambariui. Kuriant paauglio kambar\u012f, svarbu ne tik lova ar drabu\u017ei\u0173 spinta, bet ir prakti\u0161ki daikt\u0173 laikymo sprendimai. \u201eWeston\u201c komoda tikrai patenkins funkcionali\u0173 ir dizaineri\u0173 kurt\u0173 lofto stiliaus bald\u0173 ie\u0161kan\u010di\u0173j\u0173 l\u016bkes\u010dius. Trimis stal\u010diais ir spintele \u201eWeston\u201c komoda suteikia vietos \u012fvairiems daiktams \u2013 nuo drabu\u017ei\u0173 iki vadov\u0117li\u0173 ir stalo \u017eaidim\u0173. Atvira erdv\u0117 leid\u017eia lengvai pasiekti patogius aksesuarus, o prakti\u0161ka spintel\u0117 su vidine lentyna leid\u017eia tvarkingai laikyti daiktus. \u0160is dizainas yra tikras kambario akcentas. Pastorintos \u0161onin\u0117s dalys ir stalvir\u0161iai, unikalios rankenos ir meni\u0161ko \u0105\u017euolo fasadai suteikia \u201eWeston\u201c komodai charakterio ir stiliaus. Tamsus \u201eMatera\u201c korpusas puikiai i\u0161ry\u0161kina nat\u016bral\u0173 neapdorotos medienos gro\u017e\u012f. \u012esp\u016bding\u0173 131 x 40 x 91 cm matmen\u0173 komoda ne tik talpina \u012fvairius daiktus, bet ir neu\u017egriozdina erdv\u0117s. Tai puikus sprendimas tiems, kurie vertina erdv\u0119 ir tvark\u0105. Spalv\u0173 variantai, tokie kaip \u201eOld Style Pine\u201c \/ \u201eMatera\u201c ir \u201eArtisan Oak\u201c \/ \u201eMatera\u201c, leid\u017eia pritaikyti komod\u0105 pagal individualius pageidavimus ir jaunimo kambario dizaino stili\u0173. \u201eWeston\u201c komoda puikiai papildo spintas, knyg\u0173 lentynas, lovas ar ra\u0161omuosius stalus, sukurdama darni\u0105 ir harmoning\u0105 erdv\u0119. Trumpai tariant, \u201eWeston\u201c komoda yra ne tik funkcionalus daikt\u0173 laikymo sprendimas, bet ir stilingas elementas, suteikiantis jaunimo kambariui charakterio. Tai vieta, kur prakti\u0161kumas dera su dizainu, sukurdamas harmoning\u0105 visum\u0105.<\/p>\n<p>Prek\u0117s kodas S483-KOM1D3S\/130-SOSTC\/MTA Simbolis ZM EAN Plotis 131 cm Gylis 40 cm Auk\u0161tis 91 cm Kolekcija Weston Spalva senovinio stiliaus tamsi pu\u0161is\/matera Gaubtas tamsi mediena Stilius modernus Med\u017eiaga laminatas Dureli\u0173 skai\u010dius 1 dur\u0173 Stal\u010di\u0173 skai\u010dius 3 stal\u010diai Rankena su ranken\u0117l\u0117mis Gamintojas Juoda Raudona Balta Baldo tipas Komodos PVM 23% EAN 5906123708241<\/p>","protected":false},"excerpt":{"rendered":"<p>The Weston Chest of Drawers &#8211; A Stylish Storage Element for a Teenager&#8217;s Room. When designing a teen&#8217;s room, it&#8217;s not just the bed or wardrobe that matters, but also practical storage solutions. The Weston Chest of Drawers will surely meet the expectations of those seeking functional and designer furniture in a loft style. With [&hellip;]<\/p>","protected":false},"featured_media":259358,"comment_status":"open","ping_status":"open","template":"","meta":[],"product_brand":[],"product_cat":[9200,1173],"product_tag":[],"class_list":{"0":"post-259357","1":"product","2":"type-product","3":"status-publish","4":"has-post-thumbnail","6":"product_cat-black-red-white","7":"product_cat-chests-of-drawers","9":"first","10":"instock","11":"purchasable","12":"product-type-simple"},"_links":{"self":[{"href":"https:\/\/baldumarket.lt\/lt\/wp-json\/wp\/v2\/product\/259357","targetHints":{"allow":["GET"]}}],"collection":[{"href":"https:\/\/baldumarket.lt\/lt\/wp-json\/wp\/v2\/product"}],"about":[{"href":"https:\/\/baldumarket.lt\/lt\/wp-json\/wp\/v2\/types\/product"}],"replies":[{"embeddable":true,"href":"https:\/\/baldumarket.lt\/lt\/wp-json\/wp\/v2\/comments?post=259357"}],"wp:featuredmedia":[{"embeddable":true,"href":"https:\/\/baldumarket.lt\/lt\/wp-json\/wp\/v2\/media\/259358"}],"wp:attachment":[{"href":"https:\/\/baldumarket.lt\/lt\/wp-json\/wp\/v2\/media?parent=259357"}],"wp:term":[{"taxonomy":"product_brand","embeddable":true,"href":"https:\/\/baldumarket.lt\/lt\/wp-json\/wp\/v2\/product_brand?post=259357"},{"taxonomy":"product_cat","embeddable":true,"href":"https:\/\/baldumarket.lt\/lt\/wp-json\/wp\/v2\/product_cat?post=259357"},{"taxonomy":"product_tag","embeddable":true,"href":"https:\/\/baldumarket.lt\/lt\/wp-json\/wp\/v2\/product_tag?post=259357"}],"curies":[{"name":"wp","href":"https:\/\/api.w.org\/{rel}","templated":true}]}}