{"id":259353,"date":"2026-01-13T22:41:49","date_gmt":"2026-01-13T19:41:49","guid":{"rendered":"https:\/\/baldumarket.lt\/product\/komoda-jednodrzwiowa-z-trzema-szufladami-torin-157-cm-dab-ribbeck-braz\/"},"modified":"2026-02-11T18:29:53","modified_gmt":"2026-02-11T15:29:53","slug":"komoda-jednodrzwiowa-z-trzema-szufladami-torin-157-cm-dab-ribbeck-braz","status":"publish","type":"product","link":"https:\/\/baldumarket.lt\/lt\/product\/komoda-jednodrzwiowa-z-trzema-szufladami-torin-157-cm-dab-ribbeck-braz\/","title":{"rendered":"Vien\u0173 dur\u0173 komoda su trimis stal\u010diais TORIN 157 cm, \u0105\u017euolo rudos spalvos, briaunota"},"content":{"rendered":"<p>\u201eTorin\u201c komoda \u2013 solidus stilius daugeliui met\u0173. Ie\u0161kote harmonijos tarp tradicijos ir skandinavi\u0161ko stiliaus? \u0160tai puikus sprendimas. \u201eTorin\u201c kolekcija atspindi solid\u0173 stili\u0173, kuriame ry\u0161kios formos, tvirtos rankenos ir ry\u0161kios spalvos susijungia, kad sukurt\u0173 nesenstant\u012f bald\u0105. Vienas ry\u0161kiausi\u0173 \u0161ios kolekcijos atstov\u0173 \u2013 erdvi \u201eTorin\u201c komoda. \u0160ios solidaus stiliaus komodos privalumai beveik neriboti. Prad\u0117kime nuo \u012fsp\u016bdingos talpos, leid\u017eian\u010dios patogiai sutalpinti \u012fvairius daiktus, atliekan\u010dius \u012fvairias funkcijas. Ant plataus stalvir\u0161io galite sud\u0117ti visk\u0105 \u2013 nuo g\u0117li\u0173 vazos iki \u0161eimos nuotrauk\u0173. \u0160i 157 x 93 cm komoda pasi\u017eymi: \u2013 erdvia spintele su lentyna, idealiai tinkan\u010dia segtuvams ar stalo \u012frankiams laikyti, \u2013 trimis stal\u010diais, puikiai tinkan\u010diais nieku\u010diams, \u012fkrovikliams ar stalties\u0117ms laikyti. V\u0117si ruda \u201eRibbecko\u201c \u0105\u017euolo spalva puikiai perteikia nat\u016bral\u0173 medienos ra\u0161to gro\u017e\u012f. B\u016bdingi solidaus stiliaus bruo\u017eai \u2013 ry\u0161k\u016bs \u0161onai ir metalin\u0117s rankenos, ta\u010diau lygiai taip pat sunku nepasteb\u0117ti ry\u0161kios, grioveli\u0173 ra\u0161to juostel\u0117s \u201evenge magic oak\u201c spalvos. Ry\u0161kus akcentas pasiekiamas energij\u0105 taupan\u010dio LED ap\u0161vietimo d\u0117ka. Stal\u010diai ir fasadai skland\u017eiai u\u017esidaro d\u0117ka \u0161velnaus u\u017edarymo pried\u0173 ir tvirt\u0173 metalini\u0173 ranken\u0117li\u0173. \u201eTorin\u201c komoda puikiai dera su kitais kolekcijos elementais, sukuriant darn\u0173 ir funkcional\u0173 svetain\u0117s i\u0161d\u0117stym\u0105. Tegul \u201eTorin\u201c komoda tampa j\u016bs\u0173 interjero traukos centru, derinan\u010diu funkcionalum\u0105, patvarum\u0105 ir i\u0161skirtin\u012f dizain\u0105. Atraskite, kaip lengvai galite pasiekti klasikos ir modernumo harmonij\u0105 su \u0161ia i\u0161skirtine kolekcija.<\/p>\n<p>Prek\u0117s kodas S481-KOM1D3S-DRB Simbolis ZM EAN Plotis 157 cm Gylis 45 cm Auk\u0161tis 93 cm Kolekcija Torin Spalva riev\u0117ta \u0105\u017euolo ruda Atspalvis tamsi mediena Stilius modernus Med\u017eiaga laminatas Dureli\u0173 skai\u010dius 1 dur\u0173 Stal\u010di\u0173 skai\u010dius 3 stal\u010diai Rankena su ranken\u0117l\u0117mis Ap\u0161vietimas su ap\u0161vietimu Gamintojas Juoda Raudona Balta Baldo tipas Komodos PVM 23% EAN 5906123707954<\/p>","protected":false},"excerpt":{"rendered":"<p>\u201eTorin\u201c komoda \u2013 tvirtas stilius daugeliui met\u0173. Ie\u0161kote harmonijos tarp tradicijos ir skandinavi\u0161ko stiliaus? \u0160tai puikus sprendimas. \u201eTorin\u201c kolekcija atspindi tvirt\u0105 stili\u0173, kuriame ry\u0161kios formos, tvirtos rankenos ir ry\u0161kios spalvos susijungia, kad sukurt\u0173 nesenstant\u012f bald\u0105. Vienas ry\u0161kiausi\u0173 \u0161ios kolekcijos atstov\u0173 yra [\u2026]<\/p>","protected":false},"featured_media":259354,"comment_status":"open","ping_status":"open","template":"","meta":[],"product_brand":[],"product_cat":[9200,1173],"product_tag":[],"class_list":{"0":"post-259353","1":"product","2":"type-product","3":"status-publish","4":"has-post-thumbnail","6":"product_cat-black-red-white","7":"product_cat-chests-of-drawers","9":"first","10":"instock","11":"purchasable","12":"product-type-simple"},"_links":{"self":[{"href":"https:\/\/baldumarket.lt\/lt\/wp-json\/wp\/v2\/product\/259353","targetHints":{"allow":["GET"]}}],"collection":[{"href":"https:\/\/baldumarket.lt\/lt\/wp-json\/wp\/v2\/product"}],"about":[{"href":"https:\/\/baldumarket.lt\/lt\/wp-json\/wp\/v2\/types\/product"}],"replies":[{"embeddable":true,"href":"https:\/\/baldumarket.lt\/lt\/wp-json\/wp\/v2\/comments?post=259353"}],"wp:featuredmedia":[{"embeddable":true,"href":"https:\/\/baldumarket.lt\/lt\/wp-json\/wp\/v2\/media\/259354"}],"wp:attachment":[{"href":"https:\/\/baldumarket.lt\/lt\/wp-json\/wp\/v2\/media?parent=259353"}],"wp:term":[{"taxonomy":"product_brand","embeddable":true,"href":"https:\/\/baldumarket.lt\/lt\/wp-json\/wp\/v2\/product_brand?post=259353"},{"taxonomy":"product_cat","embeddable":true,"href":"https:\/\/baldumarket.lt\/lt\/wp-json\/wp\/v2\/product_cat?post=259353"},{"taxonomy":"product_tag","embeddable":true,"href":"https:\/\/baldumarket.lt\/lt\/wp-json\/wp\/v2\/product_tag?post=259353"}],"curies":[{"name":"wp","href":"https:\/\/api.w.org\/{rel}","templated":true}]}}