{"id":259345,"date":"2026-01-13T22:41:41","date_gmt":"2026-01-13T19:41:41","guid":{"rendered":"https:\/\/baldumarket.lt\/product\/komoda-jednodrzwiowa-z-trzema-szufladami-lara-90-cm-jesion-belarus\/"},"modified":"2026-02-11T18:29:53","modified_gmt":"2026-02-11T15:29:53","slug":"komoda-jednodrzwiowa-z-trzema-szufladami-lara-90-cm-jesion-belarus","status":"publish","type":"product","link":"https:\/\/baldumarket.lt\/lt\/product\/komoda-jednodrzwiowa-z-trzema-szufladami-lara-90-cm-jesion-belarus\/","title":{"rendered":"Vien\u0173 dur\u0173 komoda su trimis stal\u010diais LARA 90 cm baltarusi\u0161kas uosis"},"content":{"rendered":"<p>Komoda \u2019Lara\u201c \u2013 tobula vieta paauglio kambariui laikyti. Paauglio kambarys yra veiklos centras, kuriame paaugliai leid\u017eia laik\u0105 mokydamiesi, linksmindamiesi ir ils\u0117damiesi. Nor\u0117dami sukurti erdv\u0119, atitinkan\u010di\u0105 \u0161iuos \u012fvairius poreikius, apsvarstykite \u201eLara\u201c kolekcijos baldus. Komoda \u201eLara\u201c yra puikus bald\u0173, derinan\u010di\u0173 stili\u0173 ir funkcionalum\u0105, pavyzdys, puikiai tinkantis jaunatvi\u0161kam kambario dekorui. Komoda \u201eLara\u201c yra ma\u017eas, bet ne\u012ftik\u0117tinai prakti\u0161kas baldas, puikiai tinkantis \u012fvairiems daiktams laikyti. Tai patogi vieta laikyti drabu\u017eius, dokumentus ir mokyklines prekes, tokias kaip kuprin\u0117, da\u017eai, pie\u0161tukai ir s\u0105siuviniai. Komodos apgalvotas dizainas apima erdvi\u0105 spintel\u0119 ir tris stal\u010dius, leid\u017eian\u010dius tvarkingai ir lengvai pasiekti visus reikalingus daiktus. Atvira erdv\u0117 komodos vir\u0161uje yra puiki vieta eksponuoti apdovanojimus, m\u0117gstamas knygas ar dekoracijas. Komoda \u201eLara\u201c \u017eavi ne tik savo funkcionalumu, bet ir estetiniu patrauklumu. Jos Baltarusijos pelen\u0173 spalva, \u012fkv\u0117pta nat\u016bralaus med\u017eio ra\u0161to, suteikia baldui eleganti\u0161k\u0105 ir jauk\u0173 poj\u016bt\u012f. Tvirtos juodos ranken\u0117l\u0117s ir unikalios aplikacijos ant vir\u0161utin\u0117s ir apatin\u0117s dali\u0173 kra\u0161t\u0173 suteikia komodai unikal\u0173 charakter\u012f, kuris pabr\u0117\u017eia jaunatvi\u0161k\u0105 kambario stili\u0173. Komoda \u201eLara\u201c buvo sukurta galvojant apie paprast\u0105 naudojim\u0105. D\u0117l \u0161velnaus u\u017edarymo b\u0117geli\u0173 ir vyri\u0173 stal\u010diai atsidaro ir u\u017esidaro skland\u017eiai ir tyliai. Tai ypa\u010d svarbu paauglio kambaryje, kur ramyb\u0117 ir susikaupimas yra b\u016btini efektyviam mokymuisi. Trumpai tariant, komoda \u201eLara\u201c derina stili\u0173, originalum\u0105 ir funkcionalum\u0105. Tai puikus daikt\u0173 laikymo sprendimas paauglio kambariui, leid\u017eiantis palaikyti tvark\u0105 ir estetik\u0105, kartu suteikiant galimyb\u0119 eksponuoti asmeninius pasiekimus ir dekoracijas. Komod\u0105 taip pat galite derinti su kitais \u201eLara\u201c kolekcijos elementais, sukurdami darn\u0173 ir ergonomi\u0161k\u0105 paauglio kambario i\u0161d\u0117stym\u0105. Tai investicija, kuri atne\u0161 daug privalum\u0173 ir padarys paauglio kambar\u012f dar funkcionalesn\u012f ir stilingesn\u012f. Pasirinkite komod\u0105 \u201eLara\u201c ir m\u0117gaukit\u0117s prakti\u0161ku ir gra\u017eiu sprendimu savo paaugliui.<\/p>\n<p>Prek\u0117s kodas S463-KOM1D3S-JBE Simbolis ZM EAN Plotis 90 cm Gylis 40 cm Auk\u0161tis 88 cm Kolekcija Lara Spalva Baltarusijos uosis Gaubtas \u0161viesi mediena Stilius loft Med\u017eiaga laminatas Dur\u0173 skai\u010dius 1 dur\u0173 Stal\u010di\u0173 skai\u010dius 3 stal\u010diai Rankena su rankenomis Gamintojas Juoda Raudona Balta Baldo tipas Komodos PVM 23% EAN 5906123607810<\/p>","protected":false},"excerpt":{"rendered":"<p>Komoda \u201eLara\u201c \u2013 tobula vieta daiktams laikyti paauglio kambaryje. Paauglio kambarys yra veiklos centras, kuriame paaugliai leid\u017eia laik\u0105 mokydamiesi, linksmindamiesi ir ils\u0117damiesi. Nor\u0117dami sukurti erdv\u0119, kuri atitikt\u0173 \u0161iuos \u012fvairius poreikius, apsvarstykite baldus i\u0161 \u201eLara\u201c kolekcijos. Komoda \u201eLara\u201c yra puikus bald\u0173 [\u2026] pavyzdys.<\/p>","protected":false},"featured_media":259346,"comment_status":"open","ping_status":"open","template":"","meta":[],"product_brand":[],"product_cat":[9200,1173],"product_tag":[],"class_list":{"0":"post-259345","1":"product","2":"type-product","3":"status-publish","4":"has-post-thumbnail","6":"product_cat-black-red-white","7":"product_cat-chests-of-drawers","9":"first","10":"instock","11":"purchasable","12":"product-type-simple"},"_links":{"self":[{"href":"https:\/\/baldumarket.lt\/lt\/wp-json\/wp\/v2\/product\/259345","targetHints":{"allow":["GET"]}}],"collection":[{"href":"https:\/\/baldumarket.lt\/lt\/wp-json\/wp\/v2\/product"}],"about":[{"href":"https:\/\/baldumarket.lt\/lt\/wp-json\/wp\/v2\/types\/product"}],"replies":[{"embeddable":true,"href":"https:\/\/baldumarket.lt\/lt\/wp-json\/wp\/v2\/comments?post=259345"}],"wp:featuredmedia":[{"embeddable":true,"href":"https:\/\/baldumarket.lt\/lt\/wp-json\/wp\/v2\/media\/259346"}],"wp:attachment":[{"href":"https:\/\/baldumarket.lt\/lt\/wp-json\/wp\/v2\/media?parent=259345"}],"wp:term":[{"taxonomy":"product_brand","embeddable":true,"href":"https:\/\/baldumarket.lt\/lt\/wp-json\/wp\/v2\/product_brand?post=259345"},{"taxonomy":"product_cat","embeddable":true,"href":"https:\/\/baldumarket.lt\/lt\/wp-json\/wp\/v2\/product_cat?post=259345"},{"taxonomy":"product_tag","embeddable":true,"href":"https:\/\/baldumarket.lt\/lt\/wp-json\/wp\/v2\/product_tag?post=259345"}],"curies":[{"name":"wp","href":"https:\/\/api.w.org\/{rel}","templated":true}]}}