{"id":259337,"date":"2026-01-13T22:41:35","date_gmt":"2026-01-13T19:41:35","guid":{"rendered":"https:\/\/baldumarket.lt\/product\/komoda-jednodrzwiowa-z-trzema-szufladami-lamea-90-cm-dab-artisan\/"},"modified":"2026-02-11T18:29:53","modified_gmt":"2026-02-11T15:29:53","slug":"komoda-jednodrzwiowa-z-trzema-szufladami-lamea-90-cm-dab-artisan","status":"publish","type":"product","link":"https:\/\/baldumarket.lt\/lt\/product\/komoda-jednodrzwiowa-z-trzema-szufladami-lamea-90-cm-dab-artisan\/","title":{"rendered":"Vien\u0173 dur\u0173 komoda LAMEA 90 cm, \u0105\u017euolo imitacija"},"content":{"rendered":"<p>\u2019Lamea\u201c komoda \u2013 elegancija ir funkcionalumas viename. \u201eLamea\u201c kolekcija \u2013 tai harmoningas originalaus, gamtos \u012fkv\u0117pto dizaino ir visi\u0161ko funkcionalumo derinys. D\u0117l laminato, kuris tiksliai atkuria med\u017eio tekst\u016br\u0105, ir juod\u0173 apdailos element\u0173 naudojimo \u0161ios kolekcijos baldai spinduliuoja moderniu stiliumi ir suteikia \u0161ilumos bei jaukumo bet kokiam interjerui. 90 cm plo\u010dio \u201eLamea\u201c komoda \u2013 puikus sprendimas daikt\u0173 laikymui svetain\u0117je ar miegamajame. Prakti\u0161kas jos vidus padalintas \u012f tris stal\u010dius ir dvi lentynas, kuriose patogu laikyti smulkius drabu\u017eius, staltieses ar rank\u0161luos\u010dius. Ant vir\u0161aus galima pad\u0117ti vaz\u0105 su g\u0117l\u0117mis ar kitais dekoratyviniais daiktais, tod\u0117l komod\u0105 galima naudoti ir kaip ekspozicijos viet\u0105. Komodos fasadus puo\u0161ia vertikal\u016bs juodu laku padengti frezavimai, suteikiantys baldui erdvumo ir trimatumo. \u0160ie kruop\u0161\u010diai sukurti grioveliai, imituojantys lenteles, yra viena i\u0161 naujausi\u0173 interjero dizaino tendencij\u0173, suteikian\u010di\u0173 komodai modern\u0173 ir ry\u0161k\u0173 charakter\u012f. \u0160iltas meni\u0161ko \u0105\u017euolo atspalvis, b\u016bdingas \u0161iai kolekcijai, puikiai dera su \u012fvairiais interjero stiliais \u2013 nuo grie\u017et\u0173 loft\u0173 iki jauki\u0173 bohemi\u0161k\u0173 interjer\u0173. D\u0117l itin atsparaus \u012fbr\u0117\u017eimams laminato baldai yra patvar\u016bs, lengvai pri\u017ei\u016brimi ir esteti\u0161kai patraukl\u016bs ilgus metus. Nat\u016bralaus med\u017eio tekst\u016br\u0105 imituojantis ra\u0161tas puikiai papildo juodus elementus, o auk\u0161tos kojel\u0117s suteikia komodai lengvumo. Atraskite kitus \u201eLamea\u201c kolekcijos baldus, kad sukurtum\u0117te darni\u0105 ir funkcionali\u0105 kompozicij\u0105 savo interjere.<\/p>\n<p>Prek\u0117s kodas S632-KOM1D3S-DASN Plotis 90 cm Gylis 41 cm Auk\u0161tis 83 cm Kolekcija Lamea Spalva meni\u0161ko \u0105\u017euolo gaubtas \u0161viesi mediena Stilius modernus Med\u017eiaga laminatas Dureli\u0173 skai\u010dius 1 dur\u0173 Stal\u010di\u0173 skai\u010dius 3 stal\u010diai Rankena su ranken\u0117l\u0117mis Gamintojas Juoda Raudona Balta Baldo tipas Komodos PVM 23% EAN 5906123030755<\/p>","protected":false},"excerpt":{"rendered":"<p>\u201eLamea\u201c komoda \u2013 elegancija ir funkcionalumas viename. \u201eLamea\u201c kolekcija \u2013 tai harmoningas originalaus, gamtos \u012fkv\u0117pto dizaino ir visi\u0161ko funkcionalumo derinys. D\u0117l laminato, kuris tiksliai atkuria med\u017eio tekst\u016br\u0105, ir juodos apdailos, \u0161ios kolekcijos baldai spinduliuoja modern\u0173 stili\u0173, kartu suteikdami \u0161ilumos ir jaukumo [\u2026]<\/p>","protected":false},"featured_media":259338,"comment_status":"open","ping_status":"open","template":"","meta":[],"product_brand":[],"product_cat":[9200,1173],"product_tag":[],"class_list":{"0":"post-259337","1":"product","2":"type-product","3":"status-publish","4":"has-post-thumbnail","6":"product_cat-black-red-white","7":"product_cat-chests-of-drawers","9":"first","10":"instock","11":"purchasable","12":"product-type-simple"},"_links":{"self":[{"href":"https:\/\/baldumarket.lt\/lt\/wp-json\/wp\/v2\/product\/259337","targetHints":{"allow":["GET"]}}],"collection":[{"href":"https:\/\/baldumarket.lt\/lt\/wp-json\/wp\/v2\/product"}],"about":[{"href":"https:\/\/baldumarket.lt\/lt\/wp-json\/wp\/v2\/types\/product"}],"replies":[{"embeddable":true,"href":"https:\/\/baldumarket.lt\/lt\/wp-json\/wp\/v2\/comments?post=259337"}],"wp:featuredmedia":[{"embeddable":true,"href":"https:\/\/baldumarket.lt\/lt\/wp-json\/wp\/v2\/media\/259338"}],"wp:attachment":[{"href":"https:\/\/baldumarket.lt\/lt\/wp-json\/wp\/v2\/media?parent=259337"}],"wp:term":[{"taxonomy":"product_brand","embeddable":true,"href":"https:\/\/baldumarket.lt\/lt\/wp-json\/wp\/v2\/product_brand?post=259337"},{"taxonomy":"product_cat","embeddable":true,"href":"https:\/\/baldumarket.lt\/lt\/wp-json\/wp\/v2\/product_cat?post=259337"},{"taxonomy":"product_tag","embeddable":true,"href":"https:\/\/baldumarket.lt\/lt\/wp-json\/wp\/v2\/product_tag?post=259337"}],"curies":[{"name":"wp","href":"https:\/\/api.w.org\/{rel}","templated":true}]}}