{"id":259333,"date":"2026-01-13T22:41:32","date_gmt":"2026-01-13T19:41:32","guid":{"rendered":"https:\/\/baldumarket.lt\/product\/komoda-jednodrzwiowa-z-trzema-szufladami-holten-156-cm-dab-waterford\/"},"modified":"2026-02-11T18:29:53","modified_gmt":"2026-02-11T15:29:53","slug":"komoda-jednodrzwiowa-z-trzema-szufladami-holten-156-cm-dab-waterford","status":"publish","type":"product","link":"https:\/\/baldumarket.lt\/lt\/product\/komoda-jednodrzwiowa-z-trzema-szufladami-holten-156-cm-dab-waterford\/","title":{"rendered":"HOLTEN komoda su vienomis durel\u0117mis ir trimis stal\u010diais, 156 cm, \u0105\u017euolas \u201eWaterford\u201c"},"content":{"rendered":"<p>\u2019Holten\u2019 komoda \u2013 vieta organizavimui ir eksponavimui. Jei ie\u0161kote prakti\u0161ko ir stilingo baldo daiktams laikyti ir eksponuoti, \u201eHolten\u201c komoda yra puikus pasirinkimas. \u0160i moderni bald\u0173 kolekcija pasi\u017eymi tvirtu r\u0117mu, ry\u0161kiomis spalvomis ir \u012fdomiu stalvir\u0161iu, tod\u0117l \u201eHolten\u201c komoda yra ne tik funkcionalus baldas, bet ir ry\u0161kus interjero dizaino elementas. Talpa ir organizuotumas: \u201eHolten\u201c komoda sukurta galvojant apie daikt\u0173 saugojim\u0105. Joje yra trys prakti\u0161ki stal\u010diai ir erdvi spintel\u0117, kuri pad\u0117s tvarkingai laikyti daiktus. Tai puiki vieta laikyti drabu\u017eius, aksesuarus ar kitus smulkius daiktus, kuriuos norite pasl\u0117pti. Platus \u201eHolten\u201c komodos stalvir\u0161is yra puiki vieta eksponuoti \u0161eimos nuotraukas, stilingas dekoracijas ar kitus asmeninius daiktus. D\u0117l to komoda taip pat gali b\u016bti dekoratyvinis elementas j\u016bs\u0173 interjere, suteikiantis charakterio. Komodos korpusas yra matin\u0117s baltos spalvos, kuri kontrastuoja su blizgiai baltai lakuotais fasadais. Ry\u0161kus \u201eWotan\u201c \u0105\u017euolo stalvir\u0161is su savo i\u0161skirtiniu ra\u0161tu suteikia baldui unikal\u0173 charakter\u012f. \u0160is skirting\u0173 med\u017eiag\u0173 ir tekst\u016br\u0173 derinys suteikia \u201eHolten\u201c komodai eleganti\u0161k\u0105 ir moderni\u0105 i\u0161vaizd\u0105. Komodos patogum\u0105 u\u017etikrina \u0161velnaus u\u017edarymo b\u0117geliai, kurie leid\u017eia beveik tyliai atidaryti ir u\u017edaryti fasadus. Tai svarbios detal\u0117s, d\u0117l kuri\u0173 bald\u0173 naudojimas yra malonus ir patogus. \u201eHolten\u201c kolekcija si\u016blo \u012fvairius bald\u0173 elementus, leid\u017eian\u010dius sukurti darn\u0173 svetain\u0117s i\u0161d\u0117stym\u0105. \u201eHolten\u201c komod\u0105 galite derinti su kitais \u0161ios serijos baldais, sukurdami harmoning\u0105 erdv\u0119 daiktams laikyti ir eksponuoti. Trumpai tariant, \u201eHolten\u201c komoda yra ne tik prakti\u0161kas daikt\u0173 laikymo baldas, bet ir dekoratyvinis elementas, suteikiantis interjerui elegancijos ir modernumo. D\u0117l savo talpos, estetinio patrauklumo ir naudojimo paprastumo tai puikus sprendimas svetainei. M\u0117gaukit\u0117s tvarka ir stiliumi su \u201eHolten\u201c komoda.<\/p>\n<p>Prek\u0117s kodas S493-KOM1D3S-DWF Simbolis ZM EAN Plotis 156 cm Gylis 42 cm Auk\u0161tis 83,5 cm Kolekcija Holten Spalva Waterford \u0105\u017euolas Atspalvis tamsi mediena Stilius modernus Dur\u0173 skai\u010dius 1 dur\u0173 Stal\u010di\u0173 skai\u010dius 3 stal\u010diai Rankena be ranken\u0117li\u0173 Gamintojas Juoda Raudona Balta Baldo tipas Komodos PVM 23% EAN 5906123709712<\/p>","protected":false},"excerpt":{"rendered":"<p>\u201eHolten\u201c komoda \u2013 vieta organizavimui ir eksponavimui. Jei ie\u0161kote prakti\u0161ko ir stilingo baldo daiktams laikyti ir eksponuoti, \u201eHolten\u201c komoda yra puikus pasirinkimas. \u0160i moderni bald\u0173 kolekcija pasi\u017eymi tvirtu r\u0117mu, ry\u0161kiomis spalvomis ir \u012fdomiu stalvir\u0161iu, tod\u0117l \u201eHolten\u201c komoda [\u2026]<\/p>","protected":false},"featured_media":259334,"comment_status":"open","ping_status":"open","template":"","meta":[],"product_brand":[],"product_cat":[9200,1173],"product_tag":[],"class_list":{"0":"post-259333","1":"product","2":"type-product","3":"status-publish","4":"has-post-thumbnail","6":"product_cat-black-red-white","7":"product_cat-chests-of-drawers","9":"first","10":"instock","11":"purchasable","12":"product-type-simple"},"_links":{"self":[{"href":"https:\/\/baldumarket.lt\/lt\/wp-json\/wp\/v2\/product\/259333","targetHints":{"allow":["GET"]}}],"collection":[{"href":"https:\/\/baldumarket.lt\/lt\/wp-json\/wp\/v2\/product"}],"about":[{"href":"https:\/\/baldumarket.lt\/lt\/wp-json\/wp\/v2\/types\/product"}],"replies":[{"embeddable":true,"href":"https:\/\/baldumarket.lt\/lt\/wp-json\/wp\/v2\/comments?post=259333"}],"wp:featuredmedia":[{"embeddable":true,"href":"https:\/\/baldumarket.lt\/lt\/wp-json\/wp\/v2\/media\/259334"}],"wp:attachment":[{"href":"https:\/\/baldumarket.lt\/lt\/wp-json\/wp\/v2\/media?parent=259333"}],"wp:term":[{"taxonomy":"product_brand","embeddable":true,"href":"https:\/\/baldumarket.lt\/lt\/wp-json\/wp\/v2\/product_brand?post=259333"},{"taxonomy":"product_cat","embeddable":true,"href":"https:\/\/baldumarket.lt\/lt\/wp-json\/wp\/v2\/product_cat?post=259333"},{"taxonomy":"product_tag","embeddable":true,"href":"https:\/\/baldumarket.lt\/lt\/wp-json\/wp\/v2\/product_tag?post=259333"}],"curies":[{"name":"wp","href":"https:\/\/api.w.org\/{rel}","templated":true}]}}