{"id":259325,"date":"2026-01-13T22:41:26","date_gmt":"2026-01-13T19:41:26","guid":{"rendered":"https:\/\/baldumarket.lt\/product\/komoda-jednodrzwiowa-z-trzema-szufladami-holten-156-cm-bialy-dab-wotan\/"},"modified":"2026-02-11T18:29:53","modified_gmt":"2026-02-11T15:29:53","slug":"komoda-jednodrzwiowa-z-trzema-szufladami-holten-156-cm-bialy-dab-wotan","status":"publish","type":"product","link":"https:\/\/baldumarket.lt\/lt\/product\/komoda-jednodrzwiowa-z-trzema-szufladami-holten-156-cm-bialy-dab-wotan\/","title":{"rendered":"HOLTEN komoda su vienomis durel\u0117mis ir trimis stal\u010diais, 156 cm, balta\/wotan \u0105\u017euolas"},"content":{"rendered":"<p>\u2019Holten\u201c komoda \u2013 tobula talpa ir stilius. Jei ie\u0161kote bald\u0173, kurie ne tik talpint\u0173 daugyb\u0119 daikt\u0173, bet ir suteikt\u0173 eleganti\u0161k\u0105 akcent\u0105 j\u016bs\u0173 interjerui, \u201eHolten\u201c komoda yra puikus sprendimas. \u0160i moderni kolekcija derina funkcionalum\u0105 ir estetik\u0105, tod\u0117l ji puikiai tinka bet kokiam kambariui. \u0160tai kod\u0117l \u201eHolten\u201c komoda nusipelno j\u016bs\u0173 d\u0117mesio: Talpa: \u0161i komoda yra tikra daikt\u0173 laikymo \u010dempion\u0117. Tur\u0117dama tris prakti\u0161kus stal\u010dius ir erdvi\u0105 spintel\u0119, tur\u0117site daug vietos savo daiktams laikyti. Galite susid\u0117ti drabu\u017eius, aksesuarus, dokumentus ar bet k\u0105 kita, ko reikia norint palaikyti tvark\u0105 namuose. Platus komodos stalvir\u0161is yra puiki vieta eksponuoti \u0161eimos nuotraukas, stilingas dekoracijas ar m\u0117gstamas knygas. Galite j\u0105 pritaikyti pagal savo poreikius ir keisti eksponuojamus daiktus priklausomai nuo progos. Matinis baltas korpusas kontrastuoja su blizgiai baltai lakuotais fasadais. Ry\u0161kus \u201eWotan\u201c \u0105\u017euolo stalvir\u0161is su savo i\u0161skirtine tekst\u016bra suteikia unikalumo. Med\u017eio tekst\u016bros skirtumai kiekvien\u0105 komod\u0105 daro \u0161iek tiek skirting\u0105, tod\u0117l jos yra unikalios. Estetika be ranken\u0117li\u0173: lygus fasad\u0173 be ranken\u0117li\u0173 pavir\u0161ius sukuria minimalistin\u012f ir modern\u0173 vaizd\u0105. \u0160is tualetas malonus akiai ir lengvai valomas. D\u0117l \u0161velnaus u\u017edarymo b\u0117geli\u0173 komoda atsidaro ir u\u017esidaro beveik tyliai. Tai rei\u0161kia, kad komoda galite naudotis net v\u0117lai nakt\u012f, niekam netrukdydami. \u201eHolten\u201c kolekcija si\u016blo \u012fvairius elementus, leid\u017eian\u010dius susikurti svajoni\u0173 svetain\u0117s i\u0161d\u0117stym\u0105. Komod\u0105 galite derinti su kitais \u0161ios kolekcijos baldais, kad pasiektum\u0117te darn\u0173 ir funkcional\u0173 interjero dizain\u0105. \u201eHolten\u201c komoda yra ne tik daikt\u0173 laikymo vieta, bet ir stilingas dekoratyvinis elementas, kuris sustiprins j\u016bs\u0173 kambario charakter\u012f. D\u0117l savo talpos ir eleganti\u0161ko dizaino galite m\u0117gautis ir funkcionalumu, ir estetika.<\/p>\n<p>Prek\u0117s kodas S440-KOM1D3S-BI\/DWO\/BIP Simbolis ZM EAN Plotis 156 cm Gylis 42 cm Auk\u0161tis 83,5 cm Kolekcija Holten Spalva balta\/wotan \u0105\u017euolas\/blizgi balta Baltas gaubtas Stilius modernus Dureli\u0173 skai\u010dius 1 dur\u0173 Stal\u010di\u0173 skai\u010dius 3 stal\u010diai Rankena be ranken\u0117li\u0173 Gamintojas Juoda Raudona Balta Baldo tipas Komodos PVM 23% EAN 5906123951647<\/p>","protected":false},"excerpt":{"rendered":"<p>Holten Chest of Drawers \u2013 Perfect Capacity and Style. If you&#8217;re looking for furniture that not only holds a ton of things but also adds an elegant touch to your interior, the Holten chest of drawers is the perfect solution. This modern collection combines functionality and aesthetics, making it a perfect choice for any room. [&hellip;]<\/p>","protected":false},"featured_media":259326,"comment_status":"open","ping_status":"open","template":"","meta":[],"product_brand":[],"product_cat":[9200,1173],"product_tag":[],"class_list":{"0":"post-259325","1":"product","2":"type-product","3":"status-publish","4":"has-post-thumbnail","6":"product_cat-black-red-white","7":"product_cat-chests-of-drawers","9":"first","10":"instock","11":"purchasable","12":"product-type-simple"},"_links":{"self":[{"href":"https:\/\/baldumarket.lt\/lt\/wp-json\/wp\/v2\/product\/259325","targetHints":{"allow":["GET"]}}],"collection":[{"href":"https:\/\/baldumarket.lt\/lt\/wp-json\/wp\/v2\/product"}],"about":[{"href":"https:\/\/baldumarket.lt\/lt\/wp-json\/wp\/v2\/types\/product"}],"replies":[{"embeddable":true,"href":"https:\/\/baldumarket.lt\/lt\/wp-json\/wp\/v2\/comments?post=259325"}],"wp:featuredmedia":[{"embeddable":true,"href":"https:\/\/baldumarket.lt\/lt\/wp-json\/wp\/v2\/media\/259326"}],"wp:attachment":[{"href":"https:\/\/baldumarket.lt\/lt\/wp-json\/wp\/v2\/media?parent=259325"}],"wp:term":[{"taxonomy":"product_brand","embeddable":true,"href":"https:\/\/baldumarket.lt\/lt\/wp-json\/wp\/v2\/product_brand?post=259325"},{"taxonomy":"product_cat","embeddable":true,"href":"https:\/\/baldumarket.lt\/lt\/wp-json\/wp\/v2\/product_cat?post=259325"},{"taxonomy":"product_tag","embeddable":true,"href":"https:\/\/baldumarket.lt\/lt\/wp-json\/wp\/v2\/product_tag?post=259325"}],"curies":[{"name":"wp","href":"https:\/\/api.w.org\/{rel}","templated":true}]}}