{"id":259301,"date":"2026-01-13T22:41:08","date_gmt":"2026-01-13T19:41:08","guid":{"rendered":"https:\/\/baldumarket.lt\/product\/komoda-jednodrzwiowa-z-trzema-szufladami-forn-bialy-polysk-czarny-mat\/"},"modified":"2026-02-11T18:29:53","modified_gmt":"2026-02-11T15:29:53","slug":"komoda-jednodrzwiowa-z-trzema-szufladami-forn-bialy-polysk-czarny-mat","status":"publish","type":"product","link":"https:\/\/baldumarket.lt\/lt\/product\/komoda-jednodrzwiowa-z-trzema-szufladami-forn-bialy-polysk-czarny-mat\/","title":{"rendered":"FORN komoda su vienomis durimis ir trimis stal\u010diais, blizgi balta \/ matin\u0117 juoda"},"content":{"rendered":"<p>\u2019Forn\u201c komoda \u2013 puikus sprendimas moderniai svetainei. \u0160iuolaikiniuose nam\u0173 interjeruose vis labiau pabr\u0117\u017eiamas funkcionalumas ir dizainas. \u201eForn\u201c komoda \u2013 tai baldas, kuris puikiai atitinka \u0161ias tendencijas. D\u0117l savo elegancijos, erdvumo ir unikalios i\u0161vaizdos ji yra b\u016btina modernioje svetain\u0117je ar valgomajame. Leiskite man parodyti visus jos privalumus. Pirmasis ir svarbiausias \u201eForn\u201c komodos privalumas yra jos organizavimo galimyb\u0117s. Svetain\u0117se ir miegamuosiuose da\u017enai tr\u016bksta vietos \u012fvairiems daiktams laikyti, ir \u010dia praver\u010dia komoda. Jos gerai apgalvotas dizainas si\u016blo daugyb\u0119 galimybi\u0173. J\u0105 sudaro du skyriai spintel\u0117je ir trys stal\u010diai. Tai rei\u0161kia, kad tur\u0117site daug vietos drabu\u017eiams, knygoms, dokumentams ir kitiems asmeniniams daiktams laikyti. Visa tai galima tvarkingai sutvarkyti, tod\u0117l kasdienyb\u0117 taps daug lengvesn\u0117. \u201eForn\u201c komodos dizainas taip pat yra prie\u017eastis, kod\u0117l verta j\u0105 tur\u0117ti savo namuose. Jos modernus charakteris \u017eavi. Paprastos, geometrin\u0117s formos sukuria minimalistin\u012f, ta\u010diau eleganti\u0161k\u0105 vaizd\u0105. Prieinama vir\u0161utin\u0117 dalis yra puiki vieta eksponuoti dekoracijas, \u0161eimos nuotraukas ar \u0161vie\u017ei\u0173 g\u0117li\u0173 puok\u0161t\u0119. Prid\u0117j\u0119 nedidel\u0119 lemp\u0105, galite sukurti jauk\u0173 kampel\u012f skaitymui ar vakaro poilsiui. Komodos matmenys \u2013 156 x 93 cm, tod\u0117l ji lengvai telpa net ir ma\u017eesn\u0117se erdv\u0117se, pavyzd\u017eiui, ma\u017eoje svetain\u0117je arba sujungtoje svetain\u0117je-valgomajame. J\u0105 taip pat galite naudoti kaip funkcional\u0173 miegamojo pried\u0105, pastatydami j\u0105 \u0161alia lovos. Prakti\u0161ki stal\u010diai turi specialias kreipian\u010di\u0105sias, kurios leid\u017eia juos visi\u0161kai i\u0161traukti, tod\u0117l lengva pasiekti laikomus daiktus. Be to, stal\u010di\u0173 fasaduose yra vyriai su \u012fmontuota \u0161velnaus u\u017edarymo sistema, u\u017etikrinan\u010dia tyl\u0173 ir skland\u0173 veikim\u0105. \u201eForn\u201c kolekcija i\u0161siskiria ne tik funkcionalumu ir dizainu, bet ir spalv\u0173 \u012fvairove. Ji si\u016bloma keturi\u0173 variant\u0173: blizgios baltos, tamsaus \u201eDelano\u201c \u0105\u017euolo \/ matin\u0117s juodos, tamsaus \u201eDelano\u201c \u0105\u017euolo \/ blizgios baltos ir blizgios baltos \/ matin\u0117s juodos. Tai rei\u0161kia, kad kiekvienas gali rasti tinkam\u0105 variant\u0105, kuris geriausiai papildys jo interjero stili\u0173. \u201eForn\u201c kolekcijos baldai garantuoja komfort\u0105 visiems namuose. Jei jus sudomino \u201eForn\u201c komoda, tikrai \u012fvertinsite ir kitus tos pa\u010dios linijos baldus. Atraskite kitas \u0161ios kolekcijos lentyn\u0173, vitrin\u0173 ir kavos staliuk\u0173 galimybes sukurti darn\u0173 ir harmoning\u0105 svetain\u0117s ar valgomojo i\u0161d\u0117stym\u0105. Komoda \u201eForn\u201c yra ne tik prakti\u0161kas sprendimas, bet ir dekoratyvinis elementas, suteikiantis interjerui unikalumo.<\/p>\n<p>Prek\u0117s kodas S471-KOM1D3S-BIP\/CAM Simbolis ZM EAN Plotis 156 cm Gylis 42,5 cm Auk\u0161tis 93 cm Kolekcija Forn Spalva balta blizgi\/juoda matin\u0117 Atspalvis juodas Stilius modernus Dureli\u0173 skai\u010dius 1 dur\u0173 Stal\u010di\u0173 skai\u010dius 3 stal\u010diai Rankena su ranken\u0117l\u0117mis Gamintojas Juoda Raudona Balta Baldo tipas Komodos PVM 23% EAN 5906123705288<\/p>","protected":false},"excerpt":{"rendered":"<p>\u201eForn\u201c komoda \u2013 puikus sprendimas moderniai svetainei. \u0160iuolaikiniuose nam\u0173 interjeruose vis labiau akcentuojamas funkcionalumas ir dizainas. \u201eForn\u201c komoda \u2013 tai baldas, puikiai atitinkantis \u0161ias tendencijas. D\u0117l savo elegancijos, erdvumo ir unikalios i\u0161vaizdos ji yra b\u016btinas \u0161iuolaikinio gyvenamojo kambario elementas [\u2026]<\/p>","protected":false},"featured_media":259302,"comment_status":"open","ping_status":"open","template":"","meta":[],"product_brand":[],"product_cat":[9200,1173],"product_tag":[],"class_list":{"0":"post-259301","1":"product","2":"type-product","3":"status-publish","4":"has-post-thumbnail","6":"product_cat-black-red-white","7":"product_cat-chests-of-drawers","9":"first","10":"instock","11":"purchasable","12":"product-type-simple"},"_links":{"self":[{"href":"https:\/\/baldumarket.lt\/lt\/wp-json\/wp\/v2\/product\/259301","targetHints":{"allow":["GET"]}}],"collection":[{"href":"https:\/\/baldumarket.lt\/lt\/wp-json\/wp\/v2\/product"}],"about":[{"href":"https:\/\/baldumarket.lt\/lt\/wp-json\/wp\/v2\/types\/product"}],"replies":[{"embeddable":true,"href":"https:\/\/baldumarket.lt\/lt\/wp-json\/wp\/v2\/comments?post=259301"}],"wp:featuredmedia":[{"embeddable":true,"href":"https:\/\/baldumarket.lt\/lt\/wp-json\/wp\/v2\/media\/259302"}],"wp:attachment":[{"href":"https:\/\/baldumarket.lt\/lt\/wp-json\/wp\/v2\/media?parent=259301"}],"wp:term":[{"taxonomy":"product_brand","embeddable":true,"href":"https:\/\/baldumarket.lt\/lt\/wp-json\/wp\/v2\/product_brand?post=259301"},{"taxonomy":"product_cat","embeddable":true,"href":"https:\/\/baldumarket.lt\/lt\/wp-json\/wp\/v2\/product_cat?post=259301"},{"taxonomy":"product_tag","embeddable":true,"href":"https:\/\/baldumarket.lt\/lt\/wp-json\/wp\/v2\/product_tag?post=259301"}],"curies":[{"name":"wp","href":"https:\/\/api.w.org\/{rel}","templated":true}]}}