{"id":259285,"date":"2026-01-13T22:40:56","date_gmt":"2026-01-13T19:40:56","guid":{"rendered":"https:\/\/baldumarket.lt\/product\/komoda-jednodrzwiowa-z-trzema-szufladami-balin-dab-monastery-dab-czarny\/"},"modified":"2026-02-11T18:29:53","modified_gmt":"2026-02-11T15:29:53","slug":"komoda-jednodrzwiowa-z-trzema-szufladami-balin-dab-monastery-dab-czarny","status":"publish","type":"product","link":"https:\/\/baldumarket.lt\/lt\/product\/komoda-jednodrzwiowa-z-trzema-szufladami-balin-dab-monastery-dab-czarny\/","title":{"rendered":"BALIN komoda su vienv\u0117r\u0117mis durimis ir trimis stal\u010diais, vienuolyno \u0105\u017euolas\/juodasis \u0105\u017euolas"},"content":{"rendered":"<p>\u201eBalin\u201c komoda \u2013 tobula daikt\u0173 laikymo organizavimo sistema. \u201eBalin\u201c kolekcija i\u0161siskiria paprasta forma, kuri puikiai dera tiek su moderniu, tiek su klasikiniu interjeru. Ta\u010diau \u201eBalin\u201c komod\u0105 i\u0161skiria puikus erdv\u0117s valdymas ir esteti\u0161ka apdaila. Jei jums reikia vietos laikyti savo nieku\u010dius, \u201eBalin\u201c komoda yra puikus sprendimas. Erdvi spintel\u0117 ir trys kompakti\u0161ki stal\u010diai suteikia daug vietos daiktams susid\u0117ti. Dabar galite tvarkingai laikyti savo daiktus ne\u0161vaistydami vertingos vietos kituose kambariuose. \u201eBalin\u201c kolekcija traukia d\u0117mes\u012f sodriomis spalvomis. Komoda apdailinta eleganti\u0161ka vienuolyno \u0105\u017euolo mediena, suteikian\u010dia baldui unikalaus \u017eavesio. Galite rinktis vientisos vienuolyno \u0105\u017euolo spalvos fasadus, kurie sukurs darni\u0105 kompozicij\u0105, arba kontrasting\u0105 juodo \u0105\u017euolo spalv\u0105, kuri suteiks j\u016bs\u0173 interjerui ekstravagancijos. \u201eBalin\u201c komoda \u017eavi ne tik savo funkcionalumu, bet ir estetiniu patrauklumu. Pastorintas korpusas puikiai papildo lyg\u0173 fasad\u0173 pavir\u0161i\u0173, sukurdamas harmoning\u0105 ir eleganti\u0161k\u0105 i\u0161vaizd\u0105. \u0160is baldas tikrai pritrauks sve\u010di\u0173 d\u0117mes\u012f ir taps dekoratyviniu elementu j\u016bs\u0173 svetain\u0117je. Kasdienis \u201eBalin\u201c indauja yra nepaprastai patogus d\u0117l \u0161velnaus u\u017edarymo vyri\u0173. Tai leid\u017eia fasadams u\u017esidaryti \u0161velniai ir tyliai, suteikiant j\u016bs\u0173 interjerui prabangos ir ramyb\u0117s. Jei norite sukurti darn\u0173 svetain\u0117s dizain\u0105, \u201eBalin\u201c indauja puikiai papildo likusi\u0105 \u201eBalin\u201c kolekcij\u0105. Galite derinti \u012fvairius \u0161ios kolekcijos baldus, sukurdami stiling\u0105 ir funkcional\u0173 komplekt\u0105, atitinkant\u012f j\u016bs\u0173 poreikius. Trumpai tariant, \u201eBalin\u201c indauja yra ne tik prakti\u0161kas baldas, bet ir unikali j\u016bs\u0173 interjero puo\u0161mena. D\u0117l savo talpumo, estetikos ir funkcionalumo \u012f savo svetain\u0119 \u012fne\u0161ite tvarkos, suteikdami elegancijos ir stiliaus. Rinkit\u0117s \u201eBalin\u201c indauja, kad gal\u0117tum\u0117te m\u0117gautis tvarkingu ir gra\u017eiai dekoruotu interjeru.<\/p>\n<p>Prek\u0117s kodas S365-KOM1D3S-DMON\/DCA Simbolis ZM EAN Plotis 112 cm Gylis 45 cm Auk\u0161tis 85 cm Kolekcija Balin Spalva vienuolyno \u0105\u017euolas\/juodas \u0105\u017euolas Atspalvis tamsi mediena Stilius modernus Med\u017eiaga laminatas Dureli\u0173 skai\u010dius 1 dur\u0173 Stal\u010di\u0173 skai\u010dius 3 stal\u010diai Rankena su rankenomis Gamintojas Juoda Raudona Balta Baldo tipas Komodos PVM 23% EAN 5906123927260<\/p>","protected":false},"excerpt":{"rendered":"<p>\u201eBalin\u201c komoda \u2013 tobula daikt\u0173 laikymo organizavimo priemon\u0117. \u201eBalin\u201c kolekcija i\u0161siskiria paprasta forma, kuri puikiai dera tiek prie modernaus, tiek prie klasikinio interjero. Ta\u010diau \u201eBalin\u201c komod\u0105 i\u0161skiria puikus erdv\u0117s valdymas ir esteti\u0161ka apdaila. Jei jums reikia vietos laikyti savo nieku\u010dius, \u201eBalin\u201c [\u2026]<\/p>","protected":false},"featured_media":259286,"comment_status":"open","ping_status":"open","template":"","meta":[],"product_brand":[],"product_cat":[9200,1173],"product_tag":[],"class_list":{"0":"post-259285","1":"product","2":"type-product","3":"status-publish","4":"has-post-thumbnail","6":"product_cat-black-red-white","7":"product_cat-chests-of-drawers","9":"first","10":"instock","11":"purchasable","12":"product-type-simple"},"_links":{"self":[{"href":"https:\/\/baldumarket.lt\/lt\/wp-json\/wp\/v2\/product\/259285","targetHints":{"allow":["GET"]}}],"collection":[{"href":"https:\/\/baldumarket.lt\/lt\/wp-json\/wp\/v2\/product"}],"about":[{"href":"https:\/\/baldumarket.lt\/lt\/wp-json\/wp\/v2\/types\/product"}],"replies":[{"embeddable":true,"href":"https:\/\/baldumarket.lt\/lt\/wp-json\/wp\/v2\/comments?post=259285"}],"wp:featuredmedia":[{"embeddable":true,"href":"https:\/\/baldumarket.lt\/lt\/wp-json\/wp\/v2\/media\/259286"}],"wp:attachment":[{"href":"https:\/\/baldumarket.lt\/lt\/wp-json\/wp\/v2\/media?parent=259285"}],"wp:term":[{"taxonomy":"product_brand","embeddable":true,"href":"https:\/\/baldumarket.lt\/lt\/wp-json\/wp\/v2\/product_brand?post=259285"},{"taxonomy":"product_cat","embeddable":true,"href":"https:\/\/baldumarket.lt\/lt\/wp-json\/wp\/v2\/product_cat?post=259285"},{"taxonomy":"product_tag","embeddable":true,"href":"https:\/\/baldumarket.lt\/lt\/wp-json\/wp\/v2\/product_tag?post=259285"}],"curies":[{"name":"wp","href":"https:\/\/api.w.org\/{rel}","templated":true}]}}