{"id":259269,"date":"2026-01-13T22:40:43","date_gmt":"2026-01-13T19:40:43","guid":{"rendered":"https:\/\/baldumarket.lt\/product\/komoda-jednodrzwiowa-z-trzema-szufladami-alameda-147-cm-bialy-polysk-dab-westminster\/"},"modified":"2026-02-11T18:29:54","modified_gmt":"2026-02-11T15:29:54","slug":"komoda-jednodrzwiowa-z-trzema-szufladami-alameda-147-cm-bialy-polysk-dab-westminster","status":"publish","type":"product","link":"https:\/\/baldumarket.lt\/lt\/product\/komoda-jednodrzwiowa-z-trzema-szufladami-alameda-147-cm-bialy-polysk-dab-westminster\/","title":{"rendered":"Vien\u0173 dur\u0173 komoda ALAMEDA 147 cm balta blizgi\/Vestminsterio \u0105\u017euolas"},"content":{"rendered":"<p>\u201eAlameda\u201c indauja \u2013 modernus ir stilingas sprendimas j\u016bs\u0173 svetainei. Erdvi daikt\u0173 laikymo vieta: \u201eAlameda\u201c indauja turi tris erdvius stal\u010dius ir spintel\u0119, kuriuose yra daug vietos \u012fvairiems daiktams laikyti. Tai puiki vieta daiktams, kuriuos norite laikyti pasl\u0117ptus, bet po ranka. LED ap\u0161vietimas: LED ap\u0161vietimas po stalvir\u0161iu ne tik sukuria maloni\u0105 atmosfer\u0105 kambaryje, bet ir palengvina reikaling\u0173 daikt\u0173 paie\u0161k\u0105 indauja, ypa\u010d nakt\u012f. Eleganti\u0161kas dizainas: Blizgi balta korpuso ir fasad\u0173 apdaila yra moderni ir dera prie \u012fvairi\u0173 interjero stili\u0173. Be to, \u201eWestminster\u201c \u0105\u017euolo stalvir\u0161is suteikia indaujai nat\u016bralaus \u017eavesio. Dekoratyvin\u0117s detal\u0117s: Dekoratyvin\u0117s stal\u010di\u0173 detal\u0117s suteikia indaujai \u017eavesio ir charakterio, suardydamos paprast\u0105 fasad\u0173 i\u0161vaizd\u0105. \u0160velnaus u\u017edarymo vyriai leid\u017eia tyliai u\u017edaryti stal\u010dius ir spinteli\u0173 dureles, o tai ypa\u010d naudinga, kai norite i\u0161vengti triuk\u0161mo. Darnus i\u0161d\u0117stymas: Jei turite kit\u0173 \u201eAlameda\u201c kolekcijos bald\u0173, \u0161i komoda puikiai papildys vis\u0105 j\u016bs\u0173 svetain\u0119, sukurdama darn\u0173 ir modern\u0173 vaizd\u0105. \u201eAlameda\u201c komoda yra puikus daikt\u0173 laikymo ir organizavimo sprendimas j\u016bs\u0173 svetainei, derinantis funkcionalum\u0105 ir estetik\u0105. D\u0117l daugyb\u0117s privalum\u0173 galite sukurti eleganti\u0161k\u0105 ir funkcionali\u0105 erdv\u0119 savo namuose.<\/p>\n<p>Prek\u0117s kodas S420-KOM1D3S-BIP\/DWM\/BIP Simbolis ZM EAN Plotis 147 cm Gylis 41 cm Auk\u0161tis 96,5 cm Kolekcija Alameda Spalva balta blizgi \/ Vestminsterio \u0105\u017euolas \/ balta blizgi Atspalvis baltas Stilius modernus Dureli\u0173 skai\u010dius 1 dur\u0173 Stal\u010di\u0173 skai\u010dius 3 stal\u010diai Rankena be ranken\u0117li\u0173 Ap\u0161vietimas su ap\u0161vietimu Gamintojas Juoda Raudona Balta Baldo tipas Komodos PVM 23% EAN 5906123946346<\/p>","protected":false},"excerpt":{"rendered":"<p>\u201eAlameda\u201c indauja \u2013 modernus ir stilingas sprendimas j\u016bs\u0173 svetainei. Erdvi daikt\u0173 laikymo vieta: \u201eAlameda\u201c indauja turi tris erdvius stal\u010dius ir spintel\u0119, tod\u0117l joje yra daug vietos \u012fvairiems daiktams laikyti. Tai puiki vieta daiktams, kuriuos norite laikyti pasl\u0117ptus, bet po ranka. LED ap\u0161vietimas: LED ap\u0161vietimas [\u2026]<\/p>","protected":false},"featured_media":259270,"comment_status":"open","ping_status":"open","template":"","meta":[],"product_brand":[],"product_cat":[9200,1173],"product_tag":[],"class_list":{"0":"post-259269","1":"product","2":"type-product","3":"status-publish","4":"has-post-thumbnail","6":"product_cat-black-red-white","7":"product_cat-chests-of-drawers","9":"first","10":"instock","11":"purchasable","12":"product-type-simple"},"_links":{"self":[{"href":"https:\/\/baldumarket.lt\/lt\/wp-json\/wp\/v2\/product\/259269","targetHints":{"allow":["GET"]}}],"collection":[{"href":"https:\/\/baldumarket.lt\/lt\/wp-json\/wp\/v2\/product"}],"about":[{"href":"https:\/\/baldumarket.lt\/lt\/wp-json\/wp\/v2\/types\/product"}],"replies":[{"embeddable":true,"href":"https:\/\/baldumarket.lt\/lt\/wp-json\/wp\/v2\/comments?post=259269"}],"wp:featuredmedia":[{"embeddable":true,"href":"https:\/\/baldumarket.lt\/lt\/wp-json\/wp\/v2\/media\/259270"}],"wp:attachment":[{"href":"https:\/\/baldumarket.lt\/lt\/wp-json\/wp\/v2\/media?parent=259269"}],"wp:term":[{"taxonomy":"product_brand","embeddable":true,"href":"https:\/\/baldumarket.lt\/lt\/wp-json\/wp\/v2\/product_brand?post=259269"},{"taxonomy":"product_cat","embeddable":true,"href":"https:\/\/baldumarket.lt\/lt\/wp-json\/wp\/v2\/product_cat?post=259269"},{"taxonomy":"product_tag","embeddable":true,"href":"https:\/\/baldumarket.lt\/lt\/wp-json\/wp\/v2\/product_tag?post=259269"}],"curies":[{"name":"wp","href":"https:\/\/api.w.org\/{rel}","templated":true}]}}