{"id":259253,"date":"2026-01-13T22:40:30","date_gmt":"2026-01-13T19:40:30","guid":{"rendered":"https:\/\/baldumarket.lt\/product\/komoda-jednodrzwiowa-z-szuflada-kaspian-49-cm-dab-sonoma-dab-sonoma\/"},"modified":"2026-02-11T18:29:54","modified_gmt":"2026-02-11T15:29:54","slug":"komoda-jednodrzwiowa-z-szuflada-kaspian-49-cm-dab-sonoma-dab-sonoma","status":"publish","type":"product","link":"https:\/\/baldumarket.lt\/lt\/product\/komoda-jednodrzwiowa-z-szuflada-kaspian-49-cm-dab-sonoma-dab-sonoma\/","title":{"rendered":"KASPIAN komoda su vienv\u0117r\u0117mis durimis ir stal\u010diumi, 49 cm, Sonoma \u0105\u017euolas\/Sonoma \u0105\u017euolas"},"content":{"rendered":"<p>\u2019Kaspian\u2019 komoda \u2013 funkcionalus organizatorius. Jei svajojate apie \u012fsp\u016bdingo dizaino interjer\u0105, kuriame der\u0117t\u0173 modernumas ir funkcionalumas, \u201eKaspian\u201c kolekcija kaip tik Jums. Vienas i\u0161 i\u0161skirtinai prakti\u0161k\u0173 element\u0173 \u2013 \u201eKaspian\u201c komoda, kuri ne tik \u017eavi savo dizainu, bet ir puikiai organizuoja erdv\u0119. Pagrindinis \u201eKaspian\u201c komodos privalumas \u2013 kompakti\u0161ki matmenys. Tai leid\u017eia j\u0105 lengvai pastatyti net ma\u017euose kambariuose, tod\u0117l tai idealus sprendimas ribotos erdv\u0117s interjerams. Jums nebereik\u0117s r\u016bpintis vietos daiktams tr\u016bkumu. Modern\u0173 komodos charakter\u012f pabr\u0117\u017eia jos fasadai be ranken\u0117li\u0173. \u0160is minimalistinis po\u017ei\u016bris \u012f dizain\u0105 suteikia baldui modern\u0173 ir eleganti\u0161k\u0105 vaizd\u0105, kuris puikiai dera prie \u012fvairi\u0173 interjero dizaino stili\u0173. Taip pat verta d\u0117mesio \u201eKaspian\u201c komodos konstrukcija. \u0160iek tiek pastorinti \u0161onai ir vir\u0161us ne tik suteikia baldui charakterio, bet ir sustiprina jo konstrukcij\u0105, u\u017etikrindami patvarum\u0105 ir atsparum\u0105 pa\u017eeidimams. Komodos vidus buvo sukurtas atsi\u017evelgiant \u012f praktin\u012f erdv\u0117s panaudojim\u0105. Joje yra prakti\u0161ka lentyna ir stal\u010dius, leid\u017eiantys sutvarkyti ir laikyti \u012fvairius smulkius daiktus, dokumentus ir kasdienius daiktus. Tai rei\u0161kia, kad viskas yra po ranka, tod\u0117l tvarkyti erdv\u0119 tampa lengviau. Jau nekalbant apie prek\u0117s \u017eenklo vyrius, kurie leid\u017eia tiksliai, trima\u010diai reguliuoti fasadus. Tai rei\u0161kia, kad komod\u0105 galite pritaikyti pagal savo individualius poreikius, u\u017etikrindami skland\u0173 veikim\u0105 ir tobul\u0105 pritaikym\u0105. \u201eKaspian\u201c komoda puikiai tinka prie\u0161kambariui, miegamajam, svetainei ar biurui. D\u0117l savo universalumo ir funkcionalumo tai universalus baldas, kur\u012f galima pritaikyti \u012fvairiems interjerams. Be to, galimyb\u0117 rinktis i\u0161 \u012fvairi\u0173 spalv\u0173 variant\u0173 suteikia didesnes dizaino galimybes, leid\u017eian\u010dias pritaikyti komod\u0105 pagal savo pageidavimus. \u201eKaspian\u201c kolekcijos spalv\u0173 \u012fvairov\u0117 taip pat leid\u017eia derinti komod\u0105 su elementais i\u0161 kit\u0173 \u201eBlack Red White\u201c kolekcij\u0173, suteikiant jums laisv\u0119 kurti darnias ir suasmenintas erdves savo namuose. Trumpai tariant, \u201eKaspian\u201c komoda yra ne tik funkcionalus organizatorius, bet ir esteti\u0161kai patrauklus interjero dizaino elementas. Minimalistinis dizainas, kompakti\u0161ki matmenys ir auk\u0161tos kokyb\u0117s gamyba daro j\u0105 puikiu pasirinkimu tiems, kurie vertina stili\u0173, patogum\u0105 ir prakti\u0161kum\u0105. D\u0117l \u201eKaspian\u201c kolekcijos si\u016blom\u0173 dizaino galimybi\u0173 galite susikurti interjerus, kurie atspind\u0117t\u0173 j\u016bs\u0173 skon\u012f ir poreikius.<\/p>\n<p>Prek\u0117s kodas S128-KOM1D1SP-DSO\/DSO Simbolis ZM EAN Plotis 49 cm Gylis 40,5 cm Auk\u0161tis 77 cm Kolekcija Kaspian Spalva sonoma \u0105\u017euolas\/sonoma \u0105\u017euolas Gaubtas \u0161viesi mediena Stilius modernus Dureli\u0173 skai\u010dius 1 dur\u0173 Stal\u010di\u0173 skai\u010dius 1 stal\u010dius Rankena be ranken\u0117li\u0173 Gamintojas Juoda Raudona Balta Baldo tipas Komodos PVM 23% EAN 5906123882774<\/p>","protected":false},"excerpt":{"rendered":"<p>\u201eKaspian\u201c komoda \u2013 funkcionalus organizatorius. Jei svajojate apie \u012fsp\u016bdingo dizaino interjer\u0105, kuriame der\u0117t\u0173 modernumas ir funkcionalumas, \u201eKaspian\u201c kolekcija kaip tik Jums. Vienas i\u0161 i\u0161skirtinai prakti\u0161k\u0173 jos element\u0173 yra \u201eKaspian\u201c komoda, kuri ne tik \u017eavi savo dizainu, bet ir puikiai organizuoja erdv\u0119. \u201eKaspian\u201c [\u2026]<\/p>","protected":false},"featured_media":259254,"comment_status":"open","ping_status":"open","template":"","meta":[],"product_brand":[],"product_cat":[9200,1173],"product_tag":[],"class_list":{"0":"post-259253","1":"product","2":"type-product","3":"status-publish","4":"has-post-thumbnail","6":"product_cat-black-red-white","7":"product_cat-chests-of-drawers","9":"first","10":"instock","11":"purchasable","12":"product-type-simple"},"_links":{"self":[{"href":"https:\/\/baldumarket.lt\/lt\/wp-json\/wp\/v2\/product\/259253","targetHints":{"allow":["GET"]}}],"collection":[{"href":"https:\/\/baldumarket.lt\/lt\/wp-json\/wp\/v2\/product"}],"about":[{"href":"https:\/\/baldumarket.lt\/lt\/wp-json\/wp\/v2\/types\/product"}],"replies":[{"embeddable":true,"href":"https:\/\/baldumarket.lt\/lt\/wp-json\/wp\/v2\/comments?post=259253"}],"wp:featuredmedia":[{"embeddable":true,"href":"https:\/\/baldumarket.lt\/lt\/wp-json\/wp\/v2\/media\/259254"}],"wp:attachment":[{"href":"https:\/\/baldumarket.lt\/lt\/wp-json\/wp\/v2\/media?parent=259253"}],"wp:term":[{"taxonomy":"product_brand","embeddable":true,"href":"https:\/\/baldumarket.lt\/lt\/wp-json\/wp\/v2\/product_brand?post=259253"},{"taxonomy":"product_cat","embeddable":true,"href":"https:\/\/baldumarket.lt\/lt\/wp-json\/wp\/v2\/product_cat?post=259253"},{"taxonomy":"product_tag","embeddable":true,"href":"https:\/\/baldumarket.lt\/lt\/wp-json\/wp\/v2\/product_tag?post=259253"}],"curies":[{"name":"wp","href":"https:\/\/api.w.org\/{rel}","templated":true}]}}