{"id":259245,"date":"2026-01-13T22:40:23","date_gmt":"2026-01-13T19:40:23","guid":{"rendered":"https:\/\/baldumarket.lt\/product\/komoda-jednodrzwiowa-z-szuflada-gent-66-cm-dab-stirling\/"},"modified":"2026-02-11T18:29:54","modified_gmt":"2026-02-11T15:29:54","slug":"komoda-jednodrzwiowa-z-szuflada-gent-66-cm-dab-stirling","status":"publish","type":"product","link":"https:\/\/baldumarket.lt\/lt\/product\/komoda-jednodrzwiowa-z-szuflada-gent-66-cm-dab-stirling\/","title":{"rendered":"GENT komoda su vien\u0173 dureli\u0173 stal\u010diukais, 66 cm, Stirling \u0105\u017euolas"},"content":{"rendered":"<p>\u2019Gent\u201c komoda \u2013 tobulas organizatorius j\u016bs\u0173 interjerui. Interjero dizaine yra daug skirting\u0173 stili\u0173, ta\u010diau vienas universaliausi\u0173 ir eleganti\u0161kiausi\u0173 yra klasikinis dizainas. \u201eGent\u201c kolekcija buvo sukurta specialiai \u0161io stiliaus m\u0117g\u0117jams, derinant paprastum\u0105 ir nat\u016bral\u0173 dizain\u0105, sukuriant tobul\u0105 bet kokio interjero papildym\u0105. Pagrindinis \u0161ios kolekcijos elementas yra \u201eGent\u201c komoda. \u0160is ne\u012ftik\u0117tinai kompakti\u0161kas ir funkcionalus sprendimas puikiai tinka kaip organizatorius koridoriuje ar \u012f\u0117jime. Nors pavadinimas rodo, kad pagrindin\u0117 komodos funkcija yra bat\u0173 laikymas, ji turi daug daugiau. \u201eGent\u201c komoda turi kompakti\u0161k\u0105 stal\u010di\u0173, puikiai tinkant\u012f laikyti \u012fvairius aksesuarus, tokius kaip pir\u0161tines, \u0161alikus ar raktus. Dvi lentynos po stal\u010diumi puikiai tinka \u0161lepet\u0117ms ar kitai avalynei laikyti. Be to, vir\u0161utin\u0117 lentyna si\u016blo daug vietos m\u0117gstamiems papuo\u0161alams, g\u0117l\u0117ms ar kitiems dekoro elementams eksponuoti. Vienas i\u0161 svarbiausi\u0173 \u201eGent\u201c komodos privalum\u0173 yra unikali i\u0161vaizda. Baldai gali b\u016bti pagaminti i\u0161 Stirlingo \u0105\u017euolo medienos, kuriai b\u016bdingas matomas ir ap\u010diuopiamas medienos ra\u0161tas. \u0160i med\u017eiaga leid\u017eia \u201eGent\u201c komodai suteikti j\u016bs\u0173 interjerui \u0161ilumos ir elegancijos. Stirlingo \u0105\u017euolas yra nesenstanti mediena, kuri dera prie \u012fvairiausi\u0173 interjer\u0173, tod\u0117l puikiai tinka bet kokiems namams. Komoda \u201eGent\u201c taip pat sukurta atsi\u017evelgiant \u012f komfort\u0105. Prailginti \u0161oniniai b\u0117geliai tarnauja kaip tiesios kojel\u0117s, laikan\u010dios komod\u0105, suteikdamos jai lengvumo ir eleganti\u0161kumo. Metalin\u0117s rankenos suteikia modernumo, o firminiai \u0161velnaus u\u017edarymo mechanizmai paver\u010dia komodos naudojim\u0105 malonumu. Tai padeda i\u0161vengti nereikalingo triuk\u0161mo atidarant ir u\u017edarant stal\u010dius bei dureles. Jei norite sukurti visapusi\u0161k\u0105 ir patogi\u0105 prie\u0161kambario erdv\u0119, verta derinti komod\u0105 \u201eGent\u201c su kitais kolekcijos elementais. Taip sukursite darn\u0173 ir eleganti\u0161k\u0105 vaizd\u0105, atspindint\u012f j\u016bs\u0173 skon\u012f ir gyvenimo b\u016bd\u0105. Trumpai tariant, komoda \u201eGent\u201c yra ne tik prakti\u0161ka bat\u0173 ir aksesuar\u0173 organizatorius, bet ir eleganti\u0161kas dekoratyvinis elementas, kuris suteiks j\u016bs\u0173 interjerui \u0161ilumos ir stiliaus. D\u0117l funkcionalumo ir unikalaus dizaino ji yra puikus sprendimas j\u016bs\u0173 prie\u0161kambariui.<\/p>\n<p>Prek\u0117s kodas M244-KOM1D1S\/10\/7-DAST Simbolis ZM EAN Plotis 66 cm Gylis 40 cm Auk\u0161tis 100,5 cm Kolekcija Gent Spalva stirling \u0105\u017euolas Atspalvis tamsi mediena Stilius modernus Dur\u0173 skai\u010dius 1 dur\u0173 Stal\u010di\u0173 skai\u010dius 1 stal\u010dius Rankena su rankenomis Gamintojas Juoda Raudona Balta Baldo tipas Komodos PVM 23% EAN 5906123605298<\/p>","protected":false},"excerpt":{"rendered":"<p>\u201eGent\u201c komoda \u2013 tobulas organizatorius j\u016bs\u0173 interjerui. Interjero dizaine yra daug skirting\u0173 stili\u0173, ta\u010diau vienas universaliausi\u0173 ir eleganti\u0161kiausi\u0173 yra klasikinis dizainas. \u201eGent\u201c kolekcija buvo sukurta specialiai \u0161io stiliaus m\u0117g\u0117jams, derinant paprastum\u0105 ir nat\u016bral\u0173 dizain\u0105, sukuriant tobul\u0105 bet kokio interjero papildym\u0105. Komoda [\u2026]<\/p>","protected":false},"featured_media":259246,"comment_status":"open","ping_status":"open","template":"","meta":[],"product_brand":[],"product_cat":[9200,1173],"product_tag":[],"class_list":{"0":"post-259245","1":"product","2":"type-product","3":"status-publish","4":"has-post-thumbnail","6":"product_cat-black-red-white","7":"product_cat-chests-of-drawers","9":"first","10":"instock","11":"purchasable","12":"product-type-simple"},"_links":{"self":[{"href":"https:\/\/baldumarket.lt\/lt\/wp-json\/wp\/v2\/product\/259245","targetHints":{"allow":["GET"]}}],"collection":[{"href":"https:\/\/baldumarket.lt\/lt\/wp-json\/wp\/v2\/product"}],"about":[{"href":"https:\/\/baldumarket.lt\/lt\/wp-json\/wp\/v2\/types\/product"}],"replies":[{"embeddable":true,"href":"https:\/\/baldumarket.lt\/lt\/wp-json\/wp\/v2\/comments?post=259245"}],"wp:featuredmedia":[{"embeddable":true,"href":"https:\/\/baldumarket.lt\/lt\/wp-json\/wp\/v2\/media\/259246"}],"wp:attachment":[{"href":"https:\/\/baldumarket.lt\/lt\/wp-json\/wp\/v2\/media?parent=259245"}],"wp:term":[{"taxonomy":"product_brand","embeddable":true,"href":"https:\/\/baldumarket.lt\/lt\/wp-json\/wp\/v2\/product_brand?post=259245"},{"taxonomy":"product_cat","embeddable":true,"href":"https:\/\/baldumarket.lt\/lt\/wp-json\/wp\/v2\/product_cat?post=259245"},{"taxonomy":"product_tag","embeddable":true,"href":"https:\/\/baldumarket.lt\/lt\/wp-json\/wp\/v2\/product_tag?post=259245"}],"curies":[{"name":"wp","href":"https:\/\/api.w.org\/{rel}","templated":true}]}}