{"id":259241,"date":"2026-01-13T22:40:19","date_gmt":"2026-01-13T19:40:19","guid":{"rendered":"https:\/\/baldumarket.lt\/product\/komoda-jednodrzwiowa-z-piecioma-szufladami-kassel-150-cm-dab-monastery-dab-czarny\/"},"modified":"2026-02-11T18:29:54","modified_gmt":"2026-02-11T15:29:54","slug":"komoda-jednodrzwiowa-z-piecioma-szufladami-kassel-150-cm-dab-monastery-dab-czarny","status":"publish","type":"product","link":"https:\/\/baldumarket.lt\/lt\/product\/komoda-jednodrzwiowa-z-piecioma-szufladami-kassel-150-cm-dab-monastery-dab-czarny\/","title":{"rendered":"KASSEL komoda su vienomis durimis ir penkiais stal\u010diais, 150 cm, vienuolyno \u0105\u017euolas\/juodas \u0105\u017euolas"},"content":{"rendered":"<p>Kaselio komoda \u2013 papildoma erdv\u0117 j\u016bs\u0173 daiktams. Su Kaselio bald\u0173 kolekcija susikurti modern\u0173 miegamojo dizain\u0105 tampa lengva. I\u0161skirtinis paprastumas, i\u0161skirtiniai aksesuarai ir novatori\u0161ki sprendimai tikrai su\u017eav\u0117s j\u016bs\u0173 namus.<br \/>\nPrincipas \u201cdaugiau yra geriau\u201d atsispindi \u201eKassel\u201c komodoje, kurioje yra penki prakti\u0161ki stal\u010diai, skirti lengvam organizavimui. Kiti daiktai lengvai ras savo viet\u0105 kompakti\u0161koje spintel\u0117je.<br \/>\nBe to, vir\u0161utin\u012f pavir\u0161i\u0173 galima panaudoti stilingiems aksesuarams eksponuoti, kurie suteiks interjerui nauj\u0105 charakter\u012f.<br \/>\nKomoda derina \u0161iltus \u0105\u017euolo ir juodojo \u0105\u017euolo (stal\u010di\u0173 fasadai) atspalvius, taip sukuriant eleganti\u0161k\u0105 spalv\u0173 gam\u0105.<br \/>\nD\u0117l galimyb\u0117s laisvai derinti atskirus \u201eKassel\u201c kolekcijos elementus, tokius kaip komoda, lova, spinta ir lentynos, galite lengvai juos pritaikyti prie modernaus miegamojo stiliaus.<\/p>\n<p>Prek\u0117s kodas L99-KOM1D5S-DMON\/DCA Simbolis ZM EAN Plotis 150 cm Gylis 41 cm Auk\u0161tis 90 cm Kolekcija Kassel Spalva vienuolyno \u0105\u017euolas\/juodas \u0105\u017euolas Atspalvis tamsi mediena Stilius modernus Med\u017eiaga laminatas Dureli\u0173 skai\u010dius 1 dur\u0173 Stal\u010di\u0173 skai\u010dius 5 ir daugiau stal\u010di\u0173 Rankena su rankenomis Gamintojas Juoda Raudona Balta Baldo tipas Komodos PVM 23% EAN 5906123604444<\/p>","protected":false},"excerpt":{"rendered":"<p>Kassel komoda \u2013 papildoma erdv\u0117 j\u016bs\u0173 daiktams. Su Kassel bald\u0173 kolekcija susikurti modern\u0173 miegamojo dizain\u0105 tampa lengva. I\u0161skirtinis paprastumas, i\u0161skirtiniai aksesuarai ir novatori\u0161ki sprendimai tikrai su\u017eav\u0117s j\u016bs\u0173 namus. Principas \u201ckuo daugiau, tuo geriau\u201d atsispindi Kassel komodoje, kurioje yra penki prakti\u0161ki stal\u010diai [\u2026]<\/p>","protected":false},"featured_media":259242,"comment_status":"open","ping_status":"open","template":"","meta":[],"product_brand":[],"product_cat":[9200,1173],"product_tag":[],"class_list":{"0":"post-259241","1":"product","2":"type-product","3":"status-publish","4":"has-post-thumbnail","6":"product_cat-black-red-white","7":"product_cat-chests-of-drawers","9":"first","10":"instock","11":"purchasable","12":"product-type-simple"},"_links":{"self":[{"href":"https:\/\/baldumarket.lt\/lt\/wp-json\/wp\/v2\/product\/259241","targetHints":{"allow":["GET"]}}],"collection":[{"href":"https:\/\/baldumarket.lt\/lt\/wp-json\/wp\/v2\/product"}],"about":[{"href":"https:\/\/baldumarket.lt\/lt\/wp-json\/wp\/v2\/types\/product"}],"replies":[{"embeddable":true,"href":"https:\/\/baldumarket.lt\/lt\/wp-json\/wp\/v2\/comments?post=259241"}],"wp:featuredmedia":[{"embeddable":true,"href":"https:\/\/baldumarket.lt\/lt\/wp-json\/wp\/v2\/media\/259242"}],"wp:attachment":[{"href":"https:\/\/baldumarket.lt\/lt\/wp-json\/wp\/v2\/media?parent=259241"}],"wp:term":[{"taxonomy":"product_brand","embeddable":true,"href":"https:\/\/baldumarket.lt\/lt\/wp-json\/wp\/v2\/product_brand?post=259241"},{"taxonomy":"product_cat","embeddable":true,"href":"https:\/\/baldumarket.lt\/lt\/wp-json\/wp\/v2\/product_cat?post=259241"},{"taxonomy":"product_tag","embeddable":true,"href":"https:\/\/baldumarket.lt\/lt\/wp-json\/wp\/v2\/product_tag?post=259241"}],"curies":[{"name":"wp","href":"https:\/\/api.w.org\/{rel}","templated":true}]}}