{"id":259233,"date":"2026-01-13T22:40:12","date_gmt":"2026-01-13T19:40:12","guid":{"rendered":"https:\/\/baldumarket.lt\/product\/komoda-jednodrzwiowa-z-czterema-szufladami-romance-93-cm-modrzew-sibiu-jasny-dab-sanremo-jasny\/"},"modified":"2026-02-11T18:29:54","modified_gmt":"2026-02-11T15:29:54","slug":"komoda-jednodrzwiowa-z-czterema-szufladami-romance-93-cm-modrzew-sibiu-jasny-dab-sanremo-jasny","status":"publish","type":"product","link":"https:\/\/baldumarket.lt\/lt\/product\/komoda-jednodrzwiowa-z-czterema-szufladami-romance-93-cm-modrzew-sibiu-jasny-dab-sanremo-jasny\/","title":{"rendered":"Vien\u0173 dur\u0173 komoda su keturiais stal\u010diais ROMANCE 93 cm \u0161viesus Sibiu maumedis\/\u0161viesus San Remo \u0105\u017euolas"},"content":{"rendered":"<p>\u2019Romance\u201c komoda \u2013 elegancijos ir funkcionalumo harmonija. J\u016bs\u0173 svetain\u0117 yra vieta, kur elegancija dera su jaukumu, o kiekviena detal\u0117 yra svarbi. Skandinavi\u0161ko dizaino \u012fkv\u0117pta \u201eRomance\u201c kolekcija j\u016bs\u0173 svetainei suteiks ne tik stiliaus, bet ir funkcionalumo. \u201eRomance\u201c komoda \u2013 tai kompakti\u0161ka organizatorius, puikiai tinkantis smulkiems daiktams laikyti ir organizuoti. \u0160ios komodos gro\u017eis ir prakti\u0161kumas prasideda nuo keturi\u0173 patogi\u0173 stal\u010di\u0173 ir vienos spintel\u0117s, si\u016blan\u010di\u0173 puiki\u0105 viet\u0105 \u012fvairiems daiktams laikyti. Jus su\u017eav\u0117s ry\u0161k\u016bs \u0161viesaus Sibiu maumed\u017eio fasadai, suteikiantys baldams lengvumo ir gaivos poj\u016bt\u012f. Harmoningai derinami su San Remo \u0105\u017euolo spalvos korpuso vir\u0161utiniais ir apatiniais kra\u0161tais, jie sukuria \u017eaving\u0105 derin\u012f. Fasad\u0173 r\u0117mai suteikia \u201eRomance\u201c kolekcijai charakterio, primindami tvirt\u0173 bald\u0173 i\u0161 \u0160iaur\u0117s Europos tradicijas. B\u016btent detal\u0117s paver\u010dia komod\u0105 ne tik prakti\u0161ku baldu, bet ir dekoratyviniu elementu, suteikian\u010diu interjerui unikalumo. Firminiai aksesuarai ir paprastos sidabrin\u0117s ranken\u0117l\u0117s garantuoja lengv\u0105 prieig\u0105 prie komodos turinio. Ergonomi\u0161ki sprendimai leid\u017eia ja naudotis maloniai ir intuityviai. Komoda \u201eRomance\u201c yra tik viena i\u0161 i\u0161samios kolekcijos, kuri\u0105 taip pat sudaro knyg\u0173 lentynos, televizoriaus staliukai, lentynos ir veidrod\u017eiai, dali\u0173. Sujunkite \u0161iuos elementus, kad sukurtum\u0117te darni\u0105 ir ergonomi\u0161k\u0105 svetain\u0119, kurioje kiekvienas elementas harmoningai dera su kitais. Tegul komoda \u201eRomance\u201c tampa j\u016bs\u0173 svetain\u0117s traukos centru, suteikian\u010diu harmonijos, elegancijos ir tvarkos.<\/p>\n<p>Prek\u0117s kodas S331-KOM1D4S-MSJ\/DSAJ Simbolis ZM EAN Plotis 93 cm Gylis 45 cm Auk\u0161tis 99 cm Kolekcija Romantika Spalva \u0161viesi Sibiu maumedis\/\u0161viesi San Remo \u0105\u017euolas Gaubtas \u0161viesi mediena Stilius modernus Med\u017eiaga laminatas Dureli\u0173 skai\u010dius 1 dur\u0173 Stal\u010di\u0173 skai\u010dius 4 stal\u010diai Rankena su ranken\u0117l\u0117mis Gamintojas Juoda Raudona Balta Baldo tipas Komodos PVM 23% EAN 5906123925853<\/p>","protected":false},"excerpt":{"rendered":"<p>Romance Chest of Drawers &#8211; A Harmony of Elegance and Functionality. Your living room is a place where elegance meets coziness, and every detail matters. The Romance collection, inspired by Scandinavian design, will bring not only style but also functionality to your living room. The Romance Chest of Drawers is a compact organizer perfect for [&hellip;]<\/p>","protected":false},"featured_media":259234,"comment_status":"open","ping_status":"open","template":"","meta":[],"product_brand":[],"product_cat":[9200,1173],"product_tag":[],"class_list":{"0":"post-259233","1":"product","2":"type-product","3":"status-publish","4":"has-post-thumbnail","6":"product_cat-black-red-white","7":"product_cat-chests-of-drawers","9":"first","10":"instock","11":"purchasable","12":"product-type-simple"},"_links":{"self":[{"href":"https:\/\/baldumarket.lt\/lt\/wp-json\/wp\/v2\/product\/259233","targetHints":{"allow":["GET"]}}],"collection":[{"href":"https:\/\/baldumarket.lt\/lt\/wp-json\/wp\/v2\/product"}],"about":[{"href":"https:\/\/baldumarket.lt\/lt\/wp-json\/wp\/v2\/types\/product"}],"replies":[{"embeddable":true,"href":"https:\/\/baldumarket.lt\/lt\/wp-json\/wp\/v2\/comments?post=259233"}],"wp:featuredmedia":[{"embeddable":true,"href":"https:\/\/baldumarket.lt\/lt\/wp-json\/wp\/v2\/media\/259234"}],"wp:attachment":[{"href":"https:\/\/baldumarket.lt\/lt\/wp-json\/wp\/v2\/media?parent=259233"}],"wp:term":[{"taxonomy":"product_brand","embeddable":true,"href":"https:\/\/baldumarket.lt\/lt\/wp-json\/wp\/v2\/product_brand?post=259233"},{"taxonomy":"product_cat","embeddable":true,"href":"https:\/\/baldumarket.lt\/lt\/wp-json\/wp\/v2\/product_cat?post=259233"},{"taxonomy":"product_tag","embeddable":true,"href":"https:\/\/baldumarket.lt\/lt\/wp-json\/wp\/v2\/product_tag?post=259233"}],"curies":[{"name":"wp","href":"https:\/\/api.w.org\/{rel}","templated":true}]}}