{"id":259217,"date":"2026-01-13T22:39:55","date_gmt":"2026-01-13T19:39:55","guid":{"rendered":"https:\/\/baldumarket.lt\/product\/komoda-jednodrzwiowa-z-czterema-szufladami-loksa-120-cm-andersen-pine-white\/"},"modified":"2026-02-11T18:29:54","modified_gmt":"2026-02-11T15:29:54","slug":"komoda-jednodrzwiowa-z-czterema-szufladami-loksa-120-cm-andersen-pine-white","status":"publish","type":"product","link":"https:\/\/baldumarket.lt\/lt\/product\/komoda-jednodrzwiowa-z-czterema-szufladami-loksa-120-cm-andersen-pine-white\/","title":{"rendered":"Vien\u0173 dur\u0173 komoda su keturiais stal\u010diais LOKSA 120 cm, anderseno pu\u0161is, balta"},"content":{"rendered":"<p>\u201eLoksa\u201c komoda \u2013 skandinavi\u0161ka elegancija j\u016bs\u0173 namuose. \u201eLoksa\u201c komoda yra vienas i\u0161 skandinavi\u0161k\u0173 bald\u0173 kolekcijos perl\u0173, \u017eavintis savo prislopintomis spalvomis ir minimalistiniu dizainu. \u0160i eleganti\u0161ka komoda puikiai papildys j\u016bs\u0173 svetain\u0119 ar prie\u0161kambar\u012f, ypa\u010d kai \u0161ios dvi erdv\u0117s harmoningai dera tarpusavyje. Vienas i\u0161 pagrindini\u0173 jos privalum\u0173 \u2013 prakti\u0161kumas. Keturi erdv\u016bs stal\u010diai ir erdvi spintel\u0117 su dviem vidin\u0117mis lentynomis \u2013 puikus sprendimas \u012fvairiems daiktams laikyti ir organizuoti. \u010cia galite laikyti servet\u0117les, staltieses, stalo dekoracijas ir daugel\u012f kit\u0173 smulki\u0173 daikt\u0173, kuriuos visada sunku tvarkingai laikyti. Be to, vir\u0161utinis pavir\u0161ius suteikia puiki\u0105 viet\u0105 vazai su gra\u017eiomis g\u0117l\u0117mis, \u0161eimos nuotraukoms ar stilingai \u017evakidei. \u201eLoksa\u201c komoda puikiai derina funkcionalum\u0105 ir estetik\u0105. Taip pat verta pamin\u0117ti unikal\u0173 \u0161io baldo dizain\u0105. \u012er\u0117minti fasadai suteikia komodai unikal\u0173 charakter\u012f, suardydami kitaip paprast\u0105 stili\u0173. \u201eLoksa\u201c komodos spalv\u0173 gama yra subtili ir harmoninga. Baltas \u201eAndersen\u201c pu\u0161ies korpusas gra\u017eiai kontrastuoja su \u0161iltu \u201eGrandson\u201c \u0105\u017euolo stalvir\u0161iu. \u0160is derinys suteikia baldui unikalaus \u017eavesio ir puikiai dera prie \u012fvairiausi\u0173 interjero dizain\u0173. Be to, stilingos komodos ranken\u0117l\u0117s yra ne tik prakti\u0161kos, bet ir suteikia elegancijos bei charakterio. \u201eLoksa\u201c komoda tikrai pritrauks sve\u010di\u0173 d\u0117mes\u012f ir taps pagrindiniu j\u016bs\u0173 interjero elementu. Jei \u0161iuo metu planuojate savo nam\u0173 interjero dizain\u0105, \u201eLoksa\u201c komoda yra puikus pasirinkimas. Ji sukurs ne tik funkcionali\u0105, bet ir gra\u017ei\u0105 daikt\u0173 laikymo ir eksponavimo erdv\u0119. Skandinavi\u0161kas \u201eLoksa\u201c komodos paprastumas ir elegancija suteiks j\u016bs\u0173 namams naujo charakterio ir \u017eavesio.<\/p>\n<p>Prek\u0117s kodas S455-KOM1D4S-APW Simbolis ZM EAN Plotis 120 cm Gylis 42,5 cm Auk\u0161tis 98,5 cm Kolekcija Loksa Spalva andersen pu\u0161is balta Atspalvis \u0161viesus medis Stilius Skandinavi\u0161kas Med\u017eiaga laminatas Dureli\u0173 skai\u010dius 1 dur\u0173 Stal\u010di\u0173 skai\u010dius 4 stal\u010diai Rankena su ranken\u0117l\u0117mis Gamintojas Juoda Raudona Balta Baldo tipas Komodos PVM 23% EAN 5906123607315<\/p>","protected":false},"excerpt":{"rendered":"<p>Loksa Chest of Drawers \u2013 Scandinavian Elegance in Your Home. The Loksa Chest of Drawers is one of the gems of the Scandinavian furniture collection, captivating with its subdued colors and minimalist design. This elegant chest of drawers is a perfect addition to your living room or hallway, especially when these two spaces blend harmoniously. [&hellip;]<\/p>","protected":false},"featured_media":259218,"comment_status":"open","ping_status":"open","template":"","meta":[],"product_brand":[],"product_cat":[9200,1173],"product_tag":[],"class_list":{"0":"post-259217","1":"product","2":"type-product","3":"status-publish","4":"has-post-thumbnail","6":"product_cat-black-red-white","7":"product_cat-chests-of-drawers","9":"first","10":"instock","11":"purchasable","12":"product-type-simple"},"_links":{"self":[{"href":"https:\/\/baldumarket.lt\/lt\/wp-json\/wp\/v2\/product\/259217","targetHints":{"allow":["GET"]}}],"collection":[{"href":"https:\/\/baldumarket.lt\/lt\/wp-json\/wp\/v2\/product"}],"about":[{"href":"https:\/\/baldumarket.lt\/lt\/wp-json\/wp\/v2\/types\/product"}],"replies":[{"embeddable":true,"href":"https:\/\/baldumarket.lt\/lt\/wp-json\/wp\/v2\/comments?post=259217"}],"wp:featuredmedia":[{"embeddable":true,"href":"https:\/\/baldumarket.lt\/lt\/wp-json\/wp\/v2\/media\/259218"}],"wp:attachment":[{"href":"https:\/\/baldumarket.lt\/lt\/wp-json\/wp\/v2\/media?parent=259217"}],"wp:term":[{"taxonomy":"product_brand","embeddable":true,"href":"https:\/\/baldumarket.lt\/lt\/wp-json\/wp\/v2\/product_brand?post=259217"},{"taxonomy":"product_cat","embeddable":true,"href":"https:\/\/baldumarket.lt\/lt\/wp-json\/wp\/v2\/product_cat?post=259217"},{"taxonomy":"product_tag","embeddable":true,"href":"https:\/\/baldumarket.lt\/lt\/wp-json\/wp\/v2\/product_tag?post=259217"}],"curies":[{"name":"wp","href":"https:\/\/api.w.org\/{rel}","templated":true}]}}