{"id":259201,"date":"2026-01-13T22:39:40","date_gmt":"2026-01-13T19:39:40","guid":{"rendered":"https:\/\/baldumarket.lt\/product\/komoda-dwudrzwiowa-z-witryna-i-szescioma-szufladami-gent-166-cm-dab-stirling\/"},"modified":"2026-02-11T18:29:54","modified_gmt":"2026-02-11T15:29:54","slug":"komoda-dwudrzwiowa-z-witryna-i-szescioma-szufladami-gent-166-cm-dab-stirling","status":"publish","type":"product","link":"https:\/\/baldumarket.lt\/lt\/product\/komoda-dwudrzwiowa-z-witryna-i-szescioma-szufladami-gent-166-cm-dab-stirling\/","title":{"rendered":"Dvidur\u0117 komoda su vitrina ir \u0161e\u0161iais stal\u010diais GENT 166 cm, Stirling \u0105\u017euolas"},"content":{"rendered":"<p>\u2019Gent\u201c komoda \u2013 j\u016bs\u0173 m\u0117gstamiausias baldas stilingiems ir funkcionaliems namams. Jei svajojate apie interjero dizain\u0105, kuris derint\u0173 stili\u0173 ir funkcionalum\u0105, \u201eGent\u201c kolekcija kaip tik jums. \u0160i eleganti\u0161ka komoda jus d\u017eiugins ne tik savo i\u0161vaizda, bet ir prakti\u0161kais sprendimais, kurie palengvins j\u016bs\u0173 nam\u0173 tvarkym\u0105. \u201eGent\u201c komoda \u2013 tikras bald\u0173 pasaulio perlas. \u0160ilta Stirlingo \u0105\u017euolo spalva su matomu ra\u0161tu ir tikros medienos tekst\u016bra neabejotinai suteiks \u017eavesio bet kuriam kambariui. Novatori\u0161kas dizainas su pla\u010diomis lentjuost\u0117mis aplink korpus\u0105 ir stikliniais fasadais, pagamintais i\u0161 auk\u0161tos kokyb\u0117s gr\u016bdinto apsauginio stiklo, suteikia jai unikal\u0173 charakter\u012f. \u0160is baldas ne tik sutalpins daugyb\u0119 nieku\u010di\u0173, bet ir taps dekoratyviniu elementu j\u016bs\u0173 interjere. Did\u017eiausias \u201eGent\u201c komodos privalumas \u2013 prakti\u0161kumas. \u0160e\u0161i prakti\u0161ki stal\u010diai ir funkcionalios lentynos leid\u017eia efektyviai laikyti ir eksponuoti dekoracijas ar m\u0117gstamus daiktus. Dabar viskas po ranka, be jokios netvarkos. Stabilus \u0161ios indauja stalvir\u0161is gali b\u016bti naudojamas \u012fvairiems tikslams \u2013 nuo dekoratyvini\u0173 daikt\u0173 eksponavimo iki prakti\u0161k\u0173 kasdieni\u0173 u\u017eduo\u010di\u0173. Laminuotas stalvir\u0161is yra atsparus \u012fbr\u0117\u017eimams ir mechaniniams pa\u017eeidimams, tod\u0117l tarnaus jums ilgus metus. \u201eGent\u201c komoda yra ne tik daikt\u0173 laikymo vieta, bet ir puikus dekoro pagrindas. Energij\u0105 taupantis LED ap\u0161vietimas po lentynomis sukuria jauki\u0105 atmosfer\u0105 ir i\u0161ry\u0161kina j\u016bs\u0173 eksponat\u0173 gro\u017e\u012f. Dabar j\u016bs\u0173 m\u0117gstamiausi papuo\u0161alai gali spind\u0117ti vis\u0105 par\u0105. Firminiai vyriai ir kreipian\u010diosios su \u0161velnaus u\u017edarymo sistema garantuoja auk\u0161\u010diausi\u0105 naudojimo komfort\u0105. Jums nereikia jaudintis d\u0117l stal\u010di\u0173 ar dureli\u0173 keliamo triuk\u0161mo. \u201eGent\u201c komoda veikia skland\u017eiai ir be vargo, tod\u0117l kasdienis naudojimas yra malonumas. \u201eGent\u201c kolekcijoje si\u016blomas platus bald\u0173 asortimentas, kur\u012f galite laisvai derinti ir sukurti unikalius i\u0161d\u0117stymus savo namams ar butui. Tai leid\u017eia pritaikyti baldus pagal savo poreikius ir pageidavimus, sukuriant tobul\u0105 interjer\u0105. Trumpai tariant: \u201eGent\u201c komoda yra daugiau nei baldas. Tai investicija \u012f j\u016bs\u0173 nam\u0173 komfort\u0105 ir stili\u0173. Jei ie\u0161kote tobulo funkcionalumo ir estetikos derinio, \u201eGent\u201c yra atsakymas. Pamilkite funkcionalum\u0105 ir elegancij\u0105 \u2013 i\u0161sirinkite \u201eGent\u201c komod\u0105 jau \u0161iandien!<\/p>\n<p>Prek\u0117s kodas S228-KOM2W6S\/13\/17-DAST Simbolis ZM EAN Plotis 166 cm Gylis 42 cm Auk\u0161tis 124,5 cm Kolekcija Gent Spalva stirling \u0105\u017euolas Atspalvis tamsi mediena Stilius modernus Dureli\u0173 skai\u010dius 2 dur\u0173 Stal\u010di\u0173 skai\u010dius 5 ir daugiau stal\u010di\u0173 Rankena su ranken\u0117l\u0117mis Ap\u0161vietimas su ap\u0161vietimu Gamintojas Juoda Raudona Balta Baldo tipas Komodos PVM 23% EAN 5906123922760<\/p>","protected":false},"excerpt":{"rendered":"<p>The Gent Chest of Drawers &#8211; Your Favorite Piece of Furniture for a Stylish and Functional Home. If you dream of interior design that combines both style and functionality, the Gent collection is perfect for you. This elegant chest of drawers will delight you not only with its appearance but also with its practical solutions [&hellip;]<\/p>","protected":false},"featured_media":259202,"comment_status":"open","ping_status":"open","template":"","meta":[],"product_brand":[],"product_cat":[9200,1173],"product_tag":[],"class_list":{"0":"post-259201","1":"product","2":"type-product","3":"status-publish","4":"has-post-thumbnail","6":"product_cat-black-red-white","7":"product_cat-chests-of-drawers","9":"first","10":"instock","11":"purchasable","12":"product-type-simple"},"_links":{"self":[{"href":"https:\/\/baldumarket.lt\/lt\/wp-json\/wp\/v2\/product\/259201","targetHints":{"allow":["GET"]}}],"collection":[{"href":"https:\/\/baldumarket.lt\/lt\/wp-json\/wp\/v2\/product"}],"about":[{"href":"https:\/\/baldumarket.lt\/lt\/wp-json\/wp\/v2\/types\/product"}],"replies":[{"embeddable":true,"href":"https:\/\/baldumarket.lt\/lt\/wp-json\/wp\/v2\/comments?post=259201"}],"wp:featuredmedia":[{"embeddable":true,"href":"https:\/\/baldumarket.lt\/lt\/wp-json\/wp\/v2\/media\/259202"}],"wp:attachment":[{"href":"https:\/\/baldumarket.lt\/lt\/wp-json\/wp\/v2\/media?parent=259201"}],"wp:term":[{"taxonomy":"product_brand","embeddable":true,"href":"https:\/\/baldumarket.lt\/lt\/wp-json\/wp\/v2\/product_brand?post=259201"},{"taxonomy":"product_cat","embeddable":true,"href":"https:\/\/baldumarket.lt\/lt\/wp-json\/wp\/v2\/product_cat?post=259201"},{"taxonomy":"product_tag","embeddable":true,"href":"https:\/\/baldumarket.lt\/lt\/wp-json\/wp\/v2\/product_tag?post=259201"}],"curies":[{"name":"wp","href":"https:\/\/api.w.org\/{rel}","templated":true}]}}