{"id":259193,"date":"2026-01-13T22:39:35","date_gmt":"2026-01-13T19:39:35","guid":{"rendered":"https:\/\/baldumarket.lt\/product\/komoda-dwudrzwiowa-z-trzema-szufladami-zele-135-cm-dab-wotan-bialy-polysk\/"},"modified":"2026-02-11T18:29:54","modified_gmt":"2026-02-11T15:29:54","slug":"komoda-dwudrzwiowa-z-trzema-szufladami-zele-135-cm-dab-wotan-bialy-polysk","status":"publish","type":"product","link":"https:\/\/baldumarket.lt\/lt\/product\/komoda-dwudrzwiowa-z-trzema-szufladami-zele-135-cm-dab-wotan-bialy-polysk\/","title":{"rendered":"ZELE komoda su dviem durimis ir trimis stal\u010diais, 135 cm, Wotan \u0105\u017euolas\/blizgi balta spalva"},"content":{"rendered":"<p>\u2019Zele\u201c komoda \u2013 erdvus ir stilingas svetain\u0117s baldas. \u201eZele\u201c kolekcija skirta tiems, kurie vertina modern\u0173 interjero dizain\u0105, \u012fkv\u0117pt\u0105 tiek ekologi\u0161ko gyvenimo b\u016bdo, tiek tradicini\u0173 sprendim\u0173. \u0160ios kolekcijos centre \u2013 \u201eZele\u201c komoda, kuri i\u0161siskiria ne tik savo dizainu, bet ir funkcionalumu. Jei svarstote, kokia tur\u0117t\u0173 b\u016bti tobula komoda, atsakymas paprastas: funkcionali ir erdvi \u2013 b\u016btent tokia ir yra \u201eZele\u201c komoda. \u0160is baldas puikiai tinka svetain\u0117ms, valgomiesiems ir miegamiesiems. Dvi erdvios spintel\u0117s ir trys stal\u010diai suteikia puiki\u0105 viet\u0105 \u012fvairiems daiktams \u2013 nuo knyg\u0173 iki ind\u0173 \u2013 laikyti. Tai leis j\u016bs\u0173 erdvei i\u0161likti tvarkingai, o viskas, ko jums reikia, visada bus ranka pasiekiamu keliu. Platus \u201eZele\u201c komodos stal\u010dius suteikia puiki\u0105 erdv\u0119 \u0161eimos nuotraukoms, m\u0117gstamoms dekoracijoms ir kitiems daiktams, kuriuos norite parodyti, eksponuoti. Tai taip pat vieta i\u0161reik\u0161ti savo asmenin\u012f stili\u0173 ir sukurti unikali\u0105 atmosfer\u0105 svetain\u0117je. Komodos spalv\u0173 gama \u2013 dar vienas elementas, \u012f kur\u012f verta atkreipti d\u0117mes\u012f. Galite rinktis \u201eWotan Oak\u201c korpus\u0105 su blizgiais baltais fasadais, kurie suteiks j\u016bs\u0173 interjerui modernumo ir elegancijos. Jei pageidaujate sant\u016bresni\u0173 spalv\u0173, galite rinktis spinteles, visi\u0161kai apdailintas Wotan \u0105\u017euolu \u2013 tai suteiks kambariui subtilumo. Minimalistin\u0117s ranken\u0117l\u0117s, integruotos \u012f vir\u0161utinius fasad\u0173 kra\u0161tus, yra dar vienas elementas, pabr\u0117\u017eiantis \u201eZele\u201c kolekcijos charakter\u012f ir suteikiantis baldams modernumo. \u201eZele\u201c komoda taip pat si\u016blo daug interjero dizaino galimybi\u0173. D\u0117l savo funkcionalumo ir universalaus dizaino j\u0105 galite derinti su kitais \u201eZele\u201c kolekcijos baldais, sukurdami ergonomi\u0161k\u0105 erdv\u0119 svetain\u0117je, miegamajame ar jaunimo kambaryje. \u0160is baldas ne tik padeda susid\u0117ti daiktus, bet ir suteikia j\u016bs\u0173 interjerui vientisumo bei elegancijos. Trumpai tariant, \u201eZele\u201c komoda yra ne tik daikt\u0173 laikymo vieta; ji taip pat atspindi j\u016bs\u0173 stili\u0173 ir interjero dizaino vizij\u0105. D\u0117l savo talpos, dizaino ir i\u0161d\u0117stymo galimybi\u0173 \u201eZele\u201c komoda tampa ne\u012fkainojamu elementu j\u016bs\u0173 svetain\u0117je, valgomajame ar miegamajame. Suteikite jai \u0161ans\u0105 ir pamatysite, kiek ji gali pakeisti j\u016bs\u0173 aplink\u0105.<\/p>\n<p>Prek\u0117s kodas S383-KOM2D3S-DWO\/BIP Simbolis ZM EAN Plotis 135 cm Gylis 41 cm Auk\u0161tis 86 cm Kolekcija Zele Spalva wotan \u0105\u017euolas\/balta blizgi Atspalvis baltas Stilius modernus Med\u017eiaga laminatas Dureli\u0173 skai\u010dius 2 dur\u0173 Stal\u010di\u0173 skai\u010dius 3 stal\u010diai Rankena su ranken\u0117l\u0117mis Gamintojas Juoda Raudona Balta Baldo tipas Komodos PVM 23% EAN 5906123928489<\/p>","protected":false},"excerpt":{"rendered":"<p>Zele Chest of Drawers \u2013 Your Spacious and Stylish Living Room Piece. The Zele collection is for those who value modern interior design, inspired by both an eco-friendly lifestyle and traditional solutions. At the heart of this collection is the Zele chest of drawers, which stands out not only for its design but also for [&hellip;]<\/p>","protected":false},"featured_media":259194,"comment_status":"open","ping_status":"open","template":"","meta":[],"product_brand":[],"product_cat":[9200,1173],"product_tag":[],"class_list":{"0":"post-259193","1":"product","2":"type-product","3":"status-publish","4":"has-post-thumbnail","6":"product_cat-black-red-white","7":"product_cat-chests-of-drawers","9":"first","10":"instock","11":"purchasable","12":"product-type-simple"},"_links":{"self":[{"href":"https:\/\/baldumarket.lt\/lt\/wp-json\/wp\/v2\/product\/259193","targetHints":{"allow":["GET"]}}],"collection":[{"href":"https:\/\/baldumarket.lt\/lt\/wp-json\/wp\/v2\/product"}],"about":[{"href":"https:\/\/baldumarket.lt\/lt\/wp-json\/wp\/v2\/types\/product"}],"replies":[{"embeddable":true,"href":"https:\/\/baldumarket.lt\/lt\/wp-json\/wp\/v2\/comments?post=259193"}],"wp:featuredmedia":[{"embeddable":true,"href":"https:\/\/baldumarket.lt\/lt\/wp-json\/wp\/v2\/media\/259194"}],"wp:attachment":[{"href":"https:\/\/baldumarket.lt\/lt\/wp-json\/wp\/v2\/media?parent=259193"}],"wp:term":[{"taxonomy":"product_brand","embeddable":true,"href":"https:\/\/baldumarket.lt\/lt\/wp-json\/wp\/v2\/product_brand?post=259193"},{"taxonomy":"product_cat","embeddable":true,"href":"https:\/\/baldumarket.lt\/lt\/wp-json\/wp\/v2\/product_cat?post=259193"},{"taxonomy":"product_tag","embeddable":true,"href":"https:\/\/baldumarket.lt\/lt\/wp-json\/wp\/v2\/product_tag?post=259193"}],"curies":[{"name":"wp","href":"https:\/\/api.w.org\/{rel}","templated":true}]}}