{"id":259181,"date":"2026-01-13T22:39:25","date_gmt":"2026-01-13T19:39:25","guid":{"rendered":"https:\/\/baldumarket.lt\/product\/komoda-dwudrzwiowa-z-trzema-szufladami-torin-180-cm-dab-ribbeck-braz\/"},"modified":"2026-02-11T18:29:55","modified_gmt":"2026-02-11T15:29:55","slug":"komoda-dwudrzwiowa-z-trzema-szufladami-torin-180-cm-dab-ribbeck-braz","status":"publish","type":"product","link":"https:\/\/baldumarket.lt\/lt\/product\/komoda-dwudrzwiowa-z-trzema-szufladami-torin-180-cm-dab-ribbeck-braz\/","title":{"rendered":"Komoda su dviem durimis ir trimis stal\u010diais TORIN, 180 cm, \u0105\u017euolo rudos spalvos, briaunota"},"content":{"rendered":"<p>\u201eTorin\u201c komoda \u2013 talpi svajon\u0117. Jei jus traukia klasikinis stilius, bet ie\u0161kote modernaus dizaino su unikaliu charakteriu, \u201eTorin\u201c kolekcija su pastorintomis sienel\u0117mis ir tvirtomis rankenomis puikiai perteikia solidaus stiliaus dvasi\u0105. Vienas did\u017eiausi\u0173 \u0161ios kolekcijos element\u0173 \u2013 erdvi \u201eTorin\u201c komoda. Kas daro solid\u0173 stili\u0173 toki\u0105 patraukli\u0105? Svarbiausia, kad joje galima laikyti \u012fvairius daiktus, kuri\u0173 funkcionalumas ir dydis skiriasi. Platus stalvir\u0161is taip pat puikiai tinka \u0161eimos nuotraukoms, kvapnioms \u017evak\u0117ms ar \u012fsp\u016bdingoms vazoms. \u0160i \u012fsp\u016bding\u0173 180 x 93 cm dyd\u017eio komoda si\u016blo: \u2013 dvi erdvias spinteles su lentynomis, idealiai tinkan\u010dias stalo \u012frankiams ar dokumentams laikyti, \u2013 tris centre i\u0161d\u0117stytus stal\u010dius, puikiai tinkan\u010dius smulkiems daiktams laikyti. V\u0117si ruda \u201eRibbecko\u201c \u0105\u017euolo spalva puikiai perteikia nat\u016bral\u0173 medienos ra\u0161to gro\u017e\u012f. B\u016bdingi solidiems stiliams \u2013 pastorinti sienel\u0117s ir metalin\u0117s rankenos, ta\u010diau lygiai taip pat sunku nepasteb\u0117ti ry\u0161kios, grioveli\u0173 ra\u0161to juostel\u0117s \u201evenge magic oak\u201c spalvos. Jos akcentin\u012f ap\u0161vietim\u0105 u\u017etikrina energij\u0105 taupantis LED ap\u0161vietimas. Komod\u0105 ir spinteles galima derinti su lentyna i\u0161 tos pa\u010dios kolekcijos arba papuo\u0161ti vir\u0161 jos pakabinant paveiksl\u0105 ar veidrod\u012f. Stal\u010diai ir fasadai u\u017esidaro skland\u017eiai ir tyliai d\u0117l auk\u0161tos kokyb\u0117s furnit\u016bros, turin\u010dios stabd\u012f ir tvirtas metalines rankenas. Derinkite \u201eTorin\u201c komod\u0105 su kitais \u0161ios solid\u017eios kolekcijos baldais ir sukurkite funkcional\u0173 bei stiling\u0105 svetain\u0117s i\u0161d\u0117stym\u0105. \u0160i\u0105 erdv\u0119 galite naudoti poilsiui, pramogoms ir susib\u016brimams su artimaisiais. \u201eTorin\u201c komoda \u2013 tai ne tik baldas; tai erdv\u0117s ir elegancijos svajon\u0117.<\/p>\n<p>Prek\u0117s kodas S481-KOM2D3S-DRB Simbolis ZM EAN Plotis 180 cm Gylis 45 cm Auk\u0161tis 93 cm Kolekcija Torin Spalva rievota \u0105\u017euolo ruda Atspalvis tamsi mediena Stilius modernus Med\u017eiaga laminatas Dureli\u0173 skai\u010dius 2 dur\u0173 Stal\u010di\u0173 skai\u010dius 3 stal\u010diai Rankena su ranken\u0117l\u0117mis Ap\u0161vietimas su ap\u0161vietimu Gamintojas Juoda Raudona Balta Baldo tipas Komodos PVM 23% EAN 5906123707978<\/p>","protected":false},"excerpt":{"rendered":"<p>The Torin Chest of Drawers \u2013 a Dream of Capacity. If you&#8217;re drawn to classic style but also seek a modern expression with a unique character, the Torin collection, with its thickened sides and sturdy handles, perfectly captures the spirit of the solid style. One of the largest elements of this collection is the spacious [&hellip;]<\/p>","protected":false},"featured_media":259182,"comment_status":"open","ping_status":"open","template":"","meta":[],"product_brand":[],"product_cat":[9200,1173],"product_tag":[],"class_list":{"0":"post-259181","1":"product","2":"type-product","3":"status-publish","4":"has-post-thumbnail","6":"product_cat-black-red-white","7":"product_cat-chests-of-drawers","9":"first","10":"instock","11":"purchasable","12":"product-type-simple"},"_links":{"self":[{"href":"https:\/\/baldumarket.lt\/lt\/wp-json\/wp\/v2\/product\/259181","targetHints":{"allow":["GET"]}}],"collection":[{"href":"https:\/\/baldumarket.lt\/lt\/wp-json\/wp\/v2\/product"}],"about":[{"href":"https:\/\/baldumarket.lt\/lt\/wp-json\/wp\/v2\/types\/product"}],"replies":[{"embeddable":true,"href":"https:\/\/baldumarket.lt\/lt\/wp-json\/wp\/v2\/comments?post=259181"}],"wp:featuredmedia":[{"embeddable":true,"href":"https:\/\/baldumarket.lt\/lt\/wp-json\/wp\/v2\/media\/259182"}],"wp:attachment":[{"href":"https:\/\/baldumarket.lt\/lt\/wp-json\/wp\/v2\/media?parent=259181"}],"wp:term":[{"taxonomy":"product_brand","embeddable":true,"href":"https:\/\/baldumarket.lt\/lt\/wp-json\/wp\/v2\/product_brand?post=259181"},{"taxonomy":"product_cat","embeddable":true,"href":"https:\/\/baldumarket.lt\/lt\/wp-json\/wp\/v2\/product_cat?post=259181"},{"taxonomy":"product_tag","embeddable":true,"href":"https:\/\/baldumarket.lt\/lt\/wp-json\/wp\/v2\/product_tag?post=259181"}],"curies":[{"name":"wp","href":"https:\/\/api.w.org\/{rel}","templated":true}]}}