{"id":259173,"date":"2026-01-13T22:39:19","date_gmt":"2026-01-13T19:39:19","guid":{"rendered":"https:\/\/baldumarket.lt\/product\/komoda-dwudrzwiowa-z-trzema-szufladami-luca-juzi-148-cm-modrzew-sibiu-jasny-dab-sonoma-ciemny\/"},"modified":"2026-02-11T18:29:55","modified_gmt":"2026-02-11T15:29:55","slug":"komoda-dwudrzwiowa-z-trzema-szufladami-luca-juzi-148-cm-modrzew-sibiu-jasny-dab-sonoma-ciemny","status":"publish","type":"product","link":"https:\/\/baldumarket.lt\/lt\/product\/komoda-dwudrzwiowa-z-trzema-szufladami-luca-juzi-148-cm-modrzew-sibiu-jasny-dab-sonoma-ciemny\/","title":{"rendered":"Komoda su dviem durimis ir trimis stal\u010diais LUCA JUZI 148 cm \u0161viesus Sibiu maumedis\/tamsus Sonoma \u0105\u017euolas"},"content":{"rendered":"<p>\u201eLuca Juzi\u201c komoda \u2013 organizuotumas su Provanso \u017eavesiu. Jei svajojate apie Provanso stiliaus baldus, \u201eLuca Juzi\u201c kolekcija pateisins j\u016bs\u0173 l\u016bkes\u010dius. \u201eLuca Juzi\u201c komoda yra ne tik prakti\u0161kas sprendimas, bet ir dekoratyvinis elementas, pad\u0117siantis sutvarkyti nam\u0173 ar biuro daiktus. Dvi erdvios spintel\u0117s, trys patog\u016bs stal\u010diai ir dvi atviros erdv\u0117s leid\u017eia efektyviai organizuoti ir tvarkingai laikyti \u012fvairius daiktus bei dokumentus. Platus stalvir\u0161is puikiai tinka \u0161eimos nuotraukoms, g\u0117li\u0173 vazai ar kitiems dekoratyviniams aksesuarams eksponuoti. Tamsaus Sonoma \u0105\u017euolo stalvir\u0161is ne tik papildo, bet ir efektyviai kontrastuoja su \u0161viesiu Sibiu maumed\u017eio korpusu. Matoma medienos tekst\u016bra ir i\u0161skirtin\u0117s lentjuost\u0117s kra\u0161tuose suteikia komodai unikal\u0173 charakter\u012f, pakeldamos kambar\u012f \u012f Provanso atmosfer\u0105. Tvirtos, sendinto gele\u017eies rankenos ne tik suteikia industrin\u012f akcent\u0105, bet ir palengvina prieig\u0105 prie turinio, tod\u0117l ja naudotis dar maloniau. Derindami \u201eLuca Juzi\u201c komod\u0105 su kitais kolekcijos elementais, tokiais kaip ra\u0161omasis stalas, spinta, lentynos, lova, naktinis staliukas ar televizoriaus staliukas, galite sukurti esteti\u0161kai patraukl\u0173 ir darn\u0173 interjer\u0105. \u201eLuca Juzi\u201c kolekcija \u2013 tai ne tik baldai; tai stiliaus ir d\u0117mesio detal\u0117ms i\u0161rai\u0161ka, paver\u010dianti j\u016bs\u0173 interjer\u0105 harmonijos ir Provanso \u017eavesio kupina vieta.<\/p>\n<p>Prek\u0117s kodas S328-KOM2D3S-MSJ\/DSOC Simbolis ZM EAN Plotis 148 cm Gylis 43 cm Auk\u0161tis 90 cm Kolekcija Luca Juzi Spalva \u0161viesi Sibiu maumedis \/ tamsus sonoma \u0105\u017euolas Gaubtas \u0161viesi mediena Stilius modernus Med\u017eiaga laminatas Dureli\u0173 skai\u010dius 2 dur\u0173 Stal\u010di\u0173 skai\u010dius 3 stal\u010diai Rankena su ranken\u0117l\u0117mis Gamintojas Juoda Raudona Balta Baldo tipas Komodos PVM 23% EAN 5906123925624<\/p>","protected":false},"excerpt":{"rendered":"<p>Luca Juzi Chest of Drawers &#8211; Organization with Proven\u00e7al Charm. If you dream of Proven\u00e7al-style furniture, the Luca Juzi collection is the answer to your expectations. The Luca Juzi Chest of Drawers is not only a practical solution but also a decorative element that will help you organize your home or office items. With two [&hellip;]<\/p>","protected":false},"featured_media":259174,"comment_status":"open","ping_status":"open","template":"","meta":[],"product_brand":[],"product_cat":[9200,1173],"product_tag":[],"class_list":{"0":"post-259173","1":"product","2":"type-product","3":"status-publish","4":"has-post-thumbnail","6":"product_cat-black-red-white","7":"product_cat-chests-of-drawers","9":"first","10":"instock","11":"purchasable","12":"product-type-simple"},"_links":{"self":[{"href":"https:\/\/baldumarket.lt\/lt\/wp-json\/wp\/v2\/product\/259173","targetHints":{"allow":["GET"]}}],"collection":[{"href":"https:\/\/baldumarket.lt\/lt\/wp-json\/wp\/v2\/product"}],"about":[{"href":"https:\/\/baldumarket.lt\/lt\/wp-json\/wp\/v2\/types\/product"}],"replies":[{"embeddable":true,"href":"https:\/\/baldumarket.lt\/lt\/wp-json\/wp\/v2\/comments?post=259173"}],"wp:featuredmedia":[{"embeddable":true,"href":"https:\/\/baldumarket.lt\/lt\/wp-json\/wp\/v2\/media\/259174"}],"wp:attachment":[{"href":"https:\/\/baldumarket.lt\/lt\/wp-json\/wp\/v2\/media?parent=259173"}],"wp:term":[{"taxonomy":"product_brand","embeddable":true,"href":"https:\/\/baldumarket.lt\/lt\/wp-json\/wp\/v2\/product_brand?post=259173"},{"taxonomy":"product_cat","embeddable":true,"href":"https:\/\/baldumarket.lt\/lt\/wp-json\/wp\/v2\/product_cat?post=259173"},{"taxonomy":"product_tag","embeddable":true,"href":"https:\/\/baldumarket.lt\/lt\/wp-json\/wp\/v2\/product_tag?post=259173"}],"curies":[{"name":"wp","href":"https:\/\/api.w.org\/{rel}","templated":true}]}}