{"id":259165,"date":"2026-01-13T22:39:12","date_gmt":"2026-01-13T19:39:12","guid":{"rendered":"https:\/\/baldumarket.lt\/product\/komoda-dwudrzwiowa-z-trzema-szufladami-lara-130-cm-jesion-belarus\/"},"modified":"2026-02-11T18:29:55","modified_gmt":"2026-02-11T15:29:55","slug":"komoda-dwudrzwiowa-z-trzema-szufladami-lara-130-cm-jesion-belarus","status":"publish","type":"product","link":"https:\/\/baldumarket.lt\/lt\/product\/komoda-dwudrzwiowa-z-trzema-szufladami-lara-130-cm-jesion-belarus\/","title":{"rendered":"Komoda dvidur\u0117 su trimis stal\u010diais LARA 130 cm baltarusi\u0161kas uosis"},"content":{"rendered":"<p>Komoda \u201eLara\u201c \u2013 erdv\u0117 ir funkcionalumas j\u016bs\u0173 kambariui. Jaunimo kambario dizainas \u2013 tai unikalus i\u0161\u0161\u016bkis, reikalaujantis atsi\u017evelgti tiek \u012f estetik\u0105, tiek \u012f prakti\u0161kum\u0105. \u201eLara\u201c kolekcija si\u016blo baldus, kurie puikiai atitinka \u0161iuos kriterijus, sukurdami modern\u0173 ir lofto stiliaus interjer\u0105, d\u017eiuginant\u012f tiek i\u0161vaizda, tiek funkcionalumu. Komoda \u201eLara\u201c suteikia daug vietos \u012fvairiems daiktams susid\u0117ti. Drabu\u017eius, dokumentus ir kitus daiktus galima laikyti dviej\u0173 dur\u0173 spintel\u0117je ir trijuose erdviuose stal\u010diuose. Platus stalvir\u0161is \u2013 puiki vieta \u0161eimos nuotraukoms, apdovanojimams ar dekoracijoms eksponuoti, suteikiant kambariui asmeni\u0161kumo. Komoda \u201eLara\u201c traukia d\u0117mes\u012f ry\u0161kia Baltarusijos uosio fanera. \u0160i nat\u016bralios medienos tekst\u016bros imitacija suteikia baldui elegancijos ir jaukumo, sukurdama harmoning\u0105 atmosfer\u0105 jaunimo kambaryje. Unikalios aplikacijos ant vir\u0161utin\u0117s dalies ir pagrindo kra\u0161to, taip pat stilingos juodos ranken\u0117l\u0117s suteikia komodai charakterio ir unikal\u0173 stili\u0173. Komoda \u201eLara\u201c buvo sukurta galvojant apie kasdien\u012f komfort\u0105. D\u0117l \u0161velnaus u\u017edarymo pried\u0173 dureli\u0173 atidarymas ir u\u017edarymas yra beveik tylus. Tai ypa\u010d svarbu paauglio miegamajame, kur labai svarbus ramus miegas ir susikaupimas. Komoda \u201eLara\u201c puikiai dera su kitais kolekcijos elementais. J\u0105 galite derinti su tos pa\u010dios linijos lova, ra\u0161omuoju stalu, spinta ir lentyn\u0173 bloku, sukurdami darn\u0173 ir funkcional\u0173 i\u0161planavim\u0105 paauglio kambaryje ar biure. Tai pad\u0117s palaikyti tvark\u0105 ir estetik\u0105 erdv\u0117je, tuo pa\u010diu u\u017etikrinant patog\u0173 pri\u0117jim\u0105 prie vis\u0173 b\u016btiniausi\u0173 daikt\u0173. Trumpai tariant, komoda \u201eLara\u201c yra ne tik prakti\u0161kas baldas, bet ir dekoratyvinis elementas, suteikiantis interjerui charakterio ir stiliaus. Ji suteikia viet\u0105 laikyti ir eksponuoti asmeninius daiktus, kurie yra svarb\u016bs j\u016bs\u0173 vaikui. Pasirinkdami \u0161i\u0105 komod\u0105, investuojate \u012f funkcionalum\u0105 ir estetik\u0105, kurie j\u016bs\u0173 paauglio kambar\u012f pavers dar jaukesne ir stilingesne erdve. M\u0117gaukit\u0117s \u201eLara\u201c kolekcijos gro\u017eiu ir prakti\u0161kumu!<\/p>\n<p>Prek\u0117s kodas S463-KOM2D3S-JBE Simbolis ZM EAN Plotis 130 cm Gylis 40 cm Auk\u0161tis 88 cm Kolekcija Lara Spalva Baltarusijos uosis Gaubtas \u0161viesi mediena Stilius loft Med\u017eiaga laminatas Dur\u0173 skai\u010dius 2 dur\u0173 Stal\u010di\u0173 skai\u010dius 3 stal\u010diai Rankena su rankenomis Gamintojas Juoda Raudona Balta Baldo tipas Komodos PVM 23% EAN 5906123607858<\/p>","protected":false},"excerpt":{"rendered":"<p>Lara Chest of Drawers \u2013 Space and Functionality for Your Room. Designing a youth room is a unique challenge that requires consideration of both aesthetics and practicality. The Lara collection offers furniture that perfectly meets these criteria, creating modern and loft-style interiors that delight with both appearance and functionality. The Lara Chest of Drawers provides [&hellip;]<\/p>","protected":false},"featured_media":259166,"comment_status":"open","ping_status":"open","template":"","meta":[],"product_brand":[],"product_cat":[9200,1173],"product_tag":[],"class_list":{"0":"post-259165","1":"product","2":"type-product","3":"status-publish","4":"has-post-thumbnail","6":"product_cat-black-red-white","7":"product_cat-chests-of-drawers","9":"first","10":"instock","11":"purchasable","12":"product-type-simple"},"_links":{"self":[{"href":"https:\/\/baldumarket.lt\/lt\/wp-json\/wp\/v2\/product\/259165","targetHints":{"allow":["GET"]}}],"collection":[{"href":"https:\/\/baldumarket.lt\/lt\/wp-json\/wp\/v2\/product"}],"about":[{"href":"https:\/\/baldumarket.lt\/lt\/wp-json\/wp\/v2\/types\/product"}],"replies":[{"embeddable":true,"href":"https:\/\/baldumarket.lt\/lt\/wp-json\/wp\/v2\/comments?post=259165"}],"wp:featuredmedia":[{"embeddable":true,"href":"https:\/\/baldumarket.lt\/lt\/wp-json\/wp\/v2\/media\/259166"}],"wp:attachment":[{"href":"https:\/\/baldumarket.lt\/lt\/wp-json\/wp\/v2\/media?parent=259165"}],"wp:term":[{"taxonomy":"product_brand","embeddable":true,"href":"https:\/\/baldumarket.lt\/lt\/wp-json\/wp\/v2\/product_brand?post=259165"},{"taxonomy":"product_cat","embeddable":true,"href":"https:\/\/baldumarket.lt\/lt\/wp-json\/wp\/v2\/product_cat?post=259165"},{"taxonomy":"product_tag","embeddable":true,"href":"https:\/\/baldumarket.lt\/lt\/wp-json\/wp\/v2\/product_tag?post=259165"}],"curies":[{"name":"wp","href":"https:\/\/api.w.org\/{rel}","templated":true}]}}