{"id":259157,"date":"2026-01-13T22:39:05","date_gmt":"2026-01-13T19:39:05","guid":{"rendered":"https:\/\/baldumarket.lt\/product\/komoda-dwudrzwiowa-z-trzema-szufladami-lamea-180-cm-dab-artisan\/"},"modified":"2026-02-11T18:29:55","modified_gmt":"2026-02-11T15:29:55","slug":"komoda-dwudrzwiowa-z-trzema-szufladami-lamea-180-cm-dab-artisan","status":"publish","type":"product","link":"https:\/\/baldumarket.lt\/lt\/product\/komoda-dwudrzwiowa-z-trzema-szufladami-lamea-180-cm-dab-artisan\/","title":{"rendered":"LAMEA komoda su dviem durimis ir trimis stal\u010diais, 180 cm, \u0105\u017euolo imitacija"},"content":{"rendered":"<p>\u2019Lamea\u2019 komoda \u2013 tvarkingumas ir \u0161iluma j\u016bs\u0173 interjere. \u201eLamea\u201c kolekcija \u2013 tai unikalus laminuotos plok\u0161t\u0117s su med\u017eio imitacijos apdaila ir juodais akcentais derinys. \u0160ios serijos baldai pasi\u017eymi modernia i\u0161vaizda, ta\u010diau kartu ir nat\u016braliu \u017eavesiu, kuris vizualiai su\u0161ildo bet kok\u012f interjer\u0105. 180 cm plo\u010dio \u201eLamea\u201c komoda \u2013 puikus sprendimas svetainei ar miegamajam. Trys stal\u010diai u\u017etikrina patog\u0173 ma\u017eesni\u0173 daikt\u0173 laikym\u0105, o \u0161onin\u0117s durel\u0117s slepia keturias prakti\u0161kas lentynas, puikiai tinkan\u010dias patalynei, stalties\u0117ms ar rank\u0161luos\u010diams. Platus komodos stalvir\u0161is gali b\u016bti naudojamas kaip papildoma ekspozicijos erdv\u0117 \u2013 \u010dia puikiai atrodyt\u0173 meno k\u016briniai juodais r\u0117meliais arba \u0161vie\u017eios g\u0117l\u0117s dekoratyvin\u0117je vazoje. Komod\u0173 fasadai puo\u0161ti vertikaliais frezavimais, padengtais juodu laku, suteikian\u010diais baldui trimat\u0119 i\u0161vaizd\u0105. \u0160ie kruop\u0161\u010diai i\u0161dirbti grioveliai, imituojantys lenteles, yra viena i\u0161 naujausi\u0173 interjero dizaino tendencij\u0173, suteikian\u010di\u0173 komodai modern\u0173 ir eleganti\u0161k\u0105 charakter\u012f. Subtilus ir universalus meni\u0161ko \u0105\u017euolo dekoras suteikia puik\u0173 pagrind\u0105 \u012fvairiems interjero dizaino stiliams \u2013 nuo lofto ir industrinio iki skandinavi\u0161ko ir bohemi\u0161ko. Ra\u0161tas, tiksliai atkartojantis medienos ra\u0161t\u0105, dera su juodomis rankenomis ir auk\u0161tomis kojel\u0117mis. Be to, \u012fbr\u0117\u017eimams atsparus laminatas u\u017etikrina patvarum\u0105 ir lengv\u0105 prie\u017ei\u016br\u0105, tod\u0117l komoda tarnaus ilgus metus. Atraskite kitus \u201eLamea\u201c kolekcijos elementus ir laisvai juos derinkite, kad sukurtum\u0117te darni\u0105 ir harmoning\u0105 kompozicij\u0105 savo namuose.<\/p>\n<p>Prek\u0117s kodas S632-KOM2D3S\/180-DASN Plotis 180 cm Gylis 41 cm Auk\u0161tis 83 cm Kolekcija Lamea Spalva meni\u0161ko \u0105\u017euolo gaubtas \u0161viesi mediena Stilius modernus Med\u017eiaga laminatas Dureli\u0173 skai\u010dius 2 dur\u0173 Stal\u010di\u0173 skai\u010dius 3 stal\u010diai Rankena su ranken\u0117l\u0117mis Gamintojas Juoda Raudona Balta Baldo tipas Komodos PVM 23% EAN 5906123032384<\/p>","protected":false},"excerpt":{"rendered":"<p>\u201eLamea\u201c komoda \u2013 tvarkingumas ir \u0161iluma j\u016bs\u0173 interjere. \u201eLamea\u201c kolekcija \u2013 tai unikalus laminuotos plok\u0161t\u0117s su med\u017eio imitacijos apdaila ir juodais akcentais derinys. \u0160ios serijos baldai pasi\u017eymi modernia i\u0161vaizda, ta\u010diau kartu ir nat\u016braliu \u017eavesiu, kuris vizualiai su\u0161ildo bet kok\u012f interjer\u0105. 180 cm plo\u010dio \u201eLamea\u201c komoda yra [\u2026]<\/p>","protected":false},"featured_media":259158,"comment_status":"open","ping_status":"open","template":"","meta":[],"product_brand":[],"product_cat":[9200,1173],"product_tag":[],"class_list":{"0":"post-259157","1":"product","2":"type-product","3":"status-publish","4":"has-post-thumbnail","6":"product_cat-black-red-white","7":"product_cat-chests-of-drawers","9":"first","10":"instock","11":"product-type-simple"},"_links":{"self":[{"href":"https:\/\/baldumarket.lt\/lt\/wp-json\/wp\/v2\/product\/259157","targetHints":{"allow":["GET"]}}],"collection":[{"href":"https:\/\/baldumarket.lt\/lt\/wp-json\/wp\/v2\/product"}],"about":[{"href":"https:\/\/baldumarket.lt\/lt\/wp-json\/wp\/v2\/types\/product"}],"replies":[{"embeddable":true,"href":"https:\/\/baldumarket.lt\/lt\/wp-json\/wp\/v2\/comments?post=259157"}],"wp:featuredmedia":[{"embeddable":true,"href":"https:\/\/baldumarket.lt\/lt\/wp-json\/wp\/v2\/media\/259158"}],"wp:attachment":[{"href":"https:\/\/baldumarket.lt\/lt\/wp-json\/wp\/v2\/media?parent=259157"}],"wp:term":[{"taxonomy":"product_brand","embeddable":true,"href":"https:\/\/baldumarket.lt\/lt\/wp-json\/wp\/v2\/product_brand?post=259157"},{"taxonomy":"product_cat","embeddable":true,"href":"https:\/\/baldumarket.lt\/lt\/wp-json\/wp\/v2\/product_cat?post=259157"},{"taxonomy":"product_tag","embeddable":true,"href":"https:\/\/baldumarket.lt\/lt\/wp-json\/wp\/v2\/product_tag?post=259157"}],"curies":[{"name":"wp","href":"https:\/\/api.w.org\/{rel}","templated":true}]}}