{"id":259149,"date":"2026-01-13T22:38:58","date_gmt":"2026-01-13T19:38:58","guid":{"rendered":"https:\/\/baldumarket.lt\/product\/komoda-dwudrzwiowa-z-trzema-szufladami-lamea-150-cm-dab-artisan\/"},"modified":"2026-02-11T18:29:55","modified_gmt":"2026-02-11T15:29:55","slug":"komoda-dwudrzwiowa-z-trzema-szufladami-lamea-150-cm-dab-artisan","status":"publish","type":"product","link":"https:\/\/baldumarket.lt\/lt\/product\/komoda-dwudrzwiowa-z-trzema-szufladami-lamea-150-cm-dab-artisan\/","title":{"rendered":"LAMEA komoda su dviem durimis ir trimis stal\u010diais, 150 cm, \u0105\u017euolo imitacija"},"content":{"rendered":"<p>\u2019Lamea\u201c komoda \u2013 tvarka ir jauki atmosfera viename. \u201eLamea\u201c bald\u0173 kolekcija puikiai tinka gamtos myl\u0117tojams interjere. Laminato su matomu ra\u0161tu ir mazgais bei klasikin\u0117s juodos spalvos derinys sukuria baldus, kurie tinka \u012fvairiems interjerams ir suteikia namams jauki\u0105 atmosfer\u0105. 150 cm plo\u010dio \u201eLamea\u201c komoda si\u016blo daug vietos daiktams susid\u0117ti, puikiai tinkan\u010di\u0105 svetainei, darbo kambariui ar miegamajam. Centrin\u0119 komodos dal\u012f sudaro trys prakti\u0161ki stal\u010diai, o \u0161onuose \u2013 du skyriai, atskirti lentyna. \u0160is baldas ne tik padeda palaikyti tvark\u0105, bet ir pagra\u017eina interjer\u0105 \u2013 platus stalvir\u0161is puikiai tinka g\u0117l\u0117ms ir sezonin\u0117ms dekoracijoms. Komod\u0173 fasadus puo\u0161ia vertikal\u016bs frezavimai, padengti juodu laku, suteikiantys baldui erdvumo ir trimatumo. \u0160ie kruop\u0161\u010diai pagaminti grioveliai, imituojantys lenteles, yra viena i\u0161 naujausi\u0173 interjero dizaino tendencij\u0173, suteikianti komodai modern\u0173 ir ry\u0161k\u0173 charakter\u012f. Labai atsparus \u012fbr\u0117\u017eimams laminatas yra prakti\u0161ka nat\u016bralios medienos alternatyva, u\u017etikrinanti didel\u012f patvarum\u0105 ir lengv\u0105 prie\u017ei\u016br\u0105. \u0160iltas dirbtinio \u0105\u017euolo atspalvis puikiai dera su juodomis apdailos detal\u0117mis, tokiomis kaip rankenos ir lieknos kojel\u0117s. \u201eLamea\u201c komoda harmoningai dera ne tik su industriniu ar lofto stiliumi, bet ir su skandinavi\u0161ku bei bohemi\u0161ku stiliumi. Atraskite kitus \u201eLamea\u201c kolekcijos baldus, kurie sukurs darn\u0173 ir harmoning\u0105 vaizd\u0105 j\u016bs\u0173 interjere.<\/p>\n<p>Prek\u0117s kodas S632-KOM2D3S\/150-DASN Plotis 160 cm Gylis 41 cm Auk\u0161tis 83 cm Kolekcija Lamea Spalva meni\u0161ko \u0105\u017euolo gaubtas \u0161viesi mediena Stilius modernus Med\u017eiaga laminatas Dureli\u0173 skai\u010dius 2 dur\u0173 Stal\u010di\u0173 skai\u010dius 3 stal\u010diai Rankena su ranken\u0117l\u0117mis Gamintojas Juoda Raudona Balta Baldo tipas Komodos PVM 23% EAN 5906123030762<\/p>","protected":false},"excerpt":{"rendered":"<p>Lamea Chest of Drawers \u2013 Order and a Cozy Atmosphere in One. The Lamea furniture collection is perfect for lovers of nature in interiors. The combination of laminate with visible grain and knots and classic black creates furniture that suits a variety of interiors, bringing a cozy atmosphere to the home. The 150 cm wide [&hellip;]<\/p>","protected":false},"featured_media":259150,"comment_status":"open","ping_status":"open","template":"","meta":[],"product_brand":[],"product_cat":[9200,1173],"product_tag":[],"class_list":{"0":"post-259149","1":"product","2":"type-product","3":"status-publish","4":"has-post-thumbnail","6":"product_cat-black-red-white","7":"product_cat-chests-of-drawers","9":"first","10":"instock","11":"purchasable","12":"product-type-simple"},"_links":{"self":[{"href":"https:\/\/baldumarket.lt\/lt\/wp-json\/wp\/v2\/product\/259149","targetHints":{"allow":["GET"]}}],"collection":[{"href":"https:\/\/baldumarket.lt\/lt\/wp-json\/wp\/v2\/product"}],"about":[{"href":"https:\/\/baldumarket.lt\/lt\/wp-json\/wp\/v2\/types\/product"}],"replies":[{"embeddable":true,"href":"https:\/\/baldumarket.lt\/lt\/wp-json\/wp\/v2\/comments?post=259149"}],"wp:featuredmedia":[{"embeddable":true,"href":"https:\/\/baldumarket.lt\/lt\/wp-json\/wp\/v2\/media\/259150"}],"wp:attachment":[{"href":"https:\/\/baldumarket.lt\/lt\/wp-json\/wp\/v2\/media?parent=259149"}],"wp:term":[{"taxonomy":"product_brand","embeddable":true,"href":"https:\/\/baldumarket.lt\/lt\/wp-json\/wp\/v2\/product_brand?post=259149"},{"taxonomy":"product_cat","embeddable":true,"href":"https:\/\/baldumarket.lt\/lt\/wp-json\/wp\/v2\/product_cat?post=259149"},{"taxonomy":"product_tag","embeddable":true,"href":"https:\/\/baldumarket.lt\/lt\/wp-json\/wp\/v2\/product_tag?post=259149"}],"curies":[{"name":"wp","href":"https:\/\/api.w.org\/{rel}","templated":true}]}}