{"id":259141,"date":"2026-01-13T22:38:52","date_gmt":"2026-01-13T19:38:52","guid":{"rendered":"https:\/\/baldumarket.lt\/product\/komoda-dwudrzwiowa-z-trzema-szufladami-homeland-155-cm-bialy-dab-artisan-bialy\/"},"modified":"2026-02-11T18:29:55","modified_gmt":"2026-02-11T15:29:55","slug":"komoda-dwudrzwiowa-z-trzema-szufladami-homeland-155-cm-bialy-dab-artisan-bialy","status":"publish","type":"product","link":"https:\/\/baldumarket.lt\/lt\/product\/komoda-dwudrzwiowa-z-trzema-szufladami-homeland-155-cm-bialy-dab-artisan-bialy\/","title":{"rendered":"\u201eHomeland\u201c 155 cm dviej\u0173 dur\u0173 komoda su trimis stal\u010diais, balta\/artisan \u0105\u017euolas\/balta"},"content":{"rendered":"<p>\u201eHomeland\u201c komodos \u2013 stilinga ir tvarkinga erdv\u0117. \u201eHomeland\u201c kolekcija \u2013 tai i\u0161skirtinio dizaino bald\u0173 komplektas, kuriame derinama nesenstanti balta spalva ir nat\u016bralaus med\u017eio apdaila. D\u0117l universalaus dizaino juos lengva priderinti prie \u012fvairi\u0173 sien\u0173 spalv\u0173 ir dekoro element\u0173, tod\u0117l jie yra puikus dizaino pagrindas. Jie taip pat i\u0161siskiria gerai apgalvotais organizavimo sprendimais. Matmenys ir funkcionalumas Plotis: 155 cm Auk\u0161tis: 59 cm Gylis: 38 cm Komoda \u201eHomeland\u201c si\u016blo: 3 stal\u010dius su \u0161velnaus u\u017edarymo sistema, u\u017etikrinan\u010dia patog\u0173 daikt\u0173 laikym\u0105 3 atviras lentynas viduryje, idealiai tinka da\u017enai naudojamiems daiktams 4 lentynas u\u017e durel\u0117mis \u0161onuose, puikiai tinka biuro reikmenims ar meno reikmenims Dizainas ir med\u017eiagos Spalvos: \u0161ilto meni\u0161ko \u0105\u017euolo atspalvio ir universalios baltos spalvos derinys, suteikiantis baldams eleganti\u0161k\u0105 ir moderni\u0105 i\u0161vaizd\u0105 Med\u017eiagos: fasadai ir korpusas pagaminti i\u0161 patvarios laminuotos plok\u0161t\u0117s, garantuojan\u010dios ilgaam\u017ei\u0161kum\u0105 Rankenos: minimalistin\u0117s, juodos, pabr\u0117\u017eian\u010dios modern\u0173 komodos charakter\u012f Komodos privalumai Prakti\u0161kas sprendimas \u012fvairioms patalpoms, tokioms kaip biuras, miegamasis, svetain\u0117, studento kambarys ar paauglio kambarys Padeda geriau organizuoti erdv\u0119 d\u0117l gerai apgalvoto lentyn\u0173 ir stal\u010di\u0173 i\u0161d\u0117stymo \u012edomus dizainas, suteikiantis interjerui jaukumo ir stiliaus Lengva derinti su kitais \u201eHomeland\u201c kolekcijos elementais, o tai leid\u017eia sukurti darn\u0173 ir harmoning\u0105 i\u0161d\u0117stym\u0105. Santrauka: Komoda \u201eHomeland\u201c yra prakti\u0161kas ir stilingas baldas, puikiai tinkantis \u012fvairiuose interjeruose. D\u0117l gerai apgalvoto vidaus i\u0161planavimo, eleganti\u0161ko dizaino ir patvari\u0173 med\u017eiag\u0173 jis ne tik palengvina erdv\u0117s organizavim\u0105, bet ir yra esteti\u0161kai patrauklus dizaino elementas. Taip pat per\u017ei\u016br\u0117kite kitus \u201eHomeland\u201c kolekcijos gaminius, kad gal\u0117tum\u0117te m\u0117gautis harmoningu ir funkcionaliu interjeru, kuriame malonu dirbti ir atsipalaiduoti.<\/p>\n<p>Prek\u0117s kodas S595-KOM2D3S-BI\/DASN Plotis 155 cm Gylis 38 cm Auk\u0161tis 59 cm Kolekcija \u201eHomeland\u201c Spalva balta\/artisan \u0105\u017euolas Gaubtas \u0161viesi mediena Stilius modernus Med\u017eiaga laminatas Dureli\u0173 skai\u010dius 2 dur\u0173 Stal\u010di\u0173 skai\u010dius 3 stal\u010diai Rankena su ranken\u0117l\u0117mis Gamintojas Juoda Raudona Balta Baldo tipas Komodos PVM 23% EAN 5906123037181<\/p>","protected":false},"excerpt":{"rendered":"<p>\u201eHomeland\u201c komodos \u2013 stilinga ir tvarkinga erdv\u0117. \u201eHomeland\u201c kolekcija \u2013 tai i\u0161skirtinio dizaino bald\u0173 komplektas, kuriame derinama nesenstanti balta spalva ir nat\u016bralaus med\u017eio apdaila. D\u0117l universalaus dizaino juos lengva priderinti prie \u012fvairi\u0173 sien\u0173 spalv\u0173 ir dekoro element\u0173, tod\u0117l jie yra puikus dizaino pagrindas. Jie taip pat i\u0161siskiria gerai apgalvotu organizaciniu i\u0161d\u0117stymu [\u2026]<\/p>","protected":false},"featured_media":259142,"comment_status":"open","ping_status":"open","template":"","meta":[],"product_brand":[],"product_cat":[9200,1173],"product_tag":[],"class_list":{"0":"post-259141","1":"product","2":"type-product","3":"status-publish","4":"has-post-thumbnail","6":"product_cat-black-red-white","7":"product_cat-chests-of-drawers","9":"first","10":"instock","11":"purchasable","12":"product-type-simple"},"_links":{"self":[{"href":"https:\/\/baldumarket.lt\/lt\/wp-json\/wp\/v2\/product\/259141","targetHints":{"allow":["GET"]}}],"collection":[{"href":"https:\/\/baldumarket.lt\/lt\/wp-json\/wp\/v2\/product"}],"about":[{"href":"https:\/\/baldumarket.lt\/lt\/wp-json\/wp\/v2\/types\/product"}],"replies":[{"embeddable":true,"href":"https:\/\/baldumarket.lt\/lt\/wp-json\/wp\/v2\/comments?post=259141"}],"wp:featuredmedia":[{"embeddable":true,"href":"https:\/\/baldumarket.lt\/lt\/wp-json\/wp\/v2\/media\/259142"}],"wp:attachment":[{"href":"https:\/\/baldumarket.lt\/lt\/wp-json\/wp\/v2\/media?parent=259141"}],"wp:term":[{"taxonomy":"product_brand","embeddable":true,"href":"https:\/\/baldumarket.lt\/lt\/wp-json\/wp\/v2\/product_brand?post=259141"},{"taxonomy":"product_cat","embeddable":true,"href":"https:\/\/baldumarket.lt\/lt\/wp-json\/wp\/v2\/product_cat?post=259141"},{"taxonomy":"product_tag","embeddable":true,"href":"https:\/\/baldumarket.lt\/lt\/wp-json\/wp\/v2\/product_tag?post=259141"}],"curies":[{"name":"wp","href":"https:\/\/api.w.org\/{rel}","templated":true}]}}