{"id":259137,"date":"2026-01-13T22:38:49","date_gmt":"2026-01-13T19:38:49","guid":{"rendered":"https:\/\/baldumarket.lt\/product\/komoda-dwudrzwiowa-z-trzema-szufladami-hesen-186-cm-modrzew-sibiu-jasny-sosna-larico\/"},"modified":"2026-02-11T18:29:55","modified_gmt":"2026-02-11T15:29:55","slug":"komoda-dwudrzwiowa-z-trzema-szufladami-hesen-186-cm-modrzew-sibiu-jasny-sosna-larico","status":"publish","type":"product","link":"https:\/\/baldumarket.lt\/lt\/product\/komoda-dwudrzwiowa-z-trzema-szufladami-hesen-186-cm-modrzew-sibiu-jasny-sosna-larico\/","title":{"rendered":"HESEN komoda su dviem durimis ir trimis stal\u010diais, 186 cm, \u0161viesus Sibiu maumedis\/Larico pu\u0161is"},"content":{"rendered":"<p>\u2019Hesen\u2019 komoda \u2013 funkcionalumo ir madingo dizaino derinys. \u201eHesen\u201c kolekcija \u2013 puikus pasirinkimas tiems, kurie m\u0117gsta paprastum\u0105 ir minimalistin\u012f interjer\u0105, kartu vertindami funkcionalum\u0105 ir estetik\u0105. Jei norite, kad j\u016bs\u0173 svetain\u0117 ar miegamasis b\u016bt\u0173 ne tik prakti\u0161kas, bet ir stilingas, \u201eHesen\u201c komoda pateisins j\u016bs\u0173 l\u016bkes\u010dius. 186 x 96 cm dyd\u017eio \u201eHesen\u201c komoda si\u016blo daug vietos \u012fvairiems daiktams laikyti. Tai puikus sprendimas, jei jums reikia vietos aksesuarams, dokumentams ar drabu\u017ei\u0173 spintos daiktams laikyti. Komoda taip pat gali rasti savo viet\u0105 svetain\u0117je, kur j\u0105 galite naudoti kaip nedidel\u012f bar\u0105 arba viet\u0105 dokumentams ir popieriams. \u201eHesen\u201c komodos vidus yra itin funkcionalus ir susideda i\u0161: \u2013 3 prakti\u0161k\u0173 stal\u010di\u0173 ma\u017eesniems daiktams susid\u0117ti. \u2013 2 fasad\u0173, kuri\u0173 kiekvienas turi lentyn\u0105 u\u017e j\u0173, suteikian\u010di\u0105 papildomos vietos daiktams laikyti. Minimalistin\u012f komodos charakter\u012f lemia grafito korpuso ir dirbtinio \u0105\u017euolo arba \u0161viesaus Sibiu maumed\u017eio stalvir\u0161io derinys, sukuriantis kontrast\u0105 tarp vientisos spalvos ir nat\u016bralaus med\u017eio ra\u0161to. Be to, komoda turi ranken\u0117les su ranken\u0117l\u0117mis ir subtilius frezavimus fasaduose grioveli\u0173 pavidalu, suteikian\u010dius jai eleganti\u0161k\u0105 i\u0161vaizd\u0105. \u201eHesen\u201c komoda yra ne tik gra\u017eus dekoratyvinis elementas, bet ir labai funkcionalus sprendimas. D\u0117l vyri\u0173 su \u012fmontuota \u0161velnaus u\u017edarymo sistema ja naudotis patogu ir tylu. Stal\u010diai turi pilno i\u0161traukimo b\u0117gelius, tod\u0117l lengva pasiekti j\u0173 turin\u012f. Jei norite vientisos i\u0161vaizdos savo kambaryje, apsvarstykite galimyb\u0119 prid\u0117ti papildom\u0173 \u201eHesen\u201c kolekcijos bald\u0173, kad sukurtum\u0117te harmoning\u0105 ir modern\u0173 interjer\u0105 savo svetain\u0117je, miegamajame ar kituose kambariuose. Leiskite \u201eHesen\u201c komodai pad\u0117ti palaikyti tvark\u0105 ir suteikti j\u016bs\u0173 namams elegancijos.<\/p>\n<p>Prek\u0117s kodas S515-KOM2D3S\/10\/19-MSJ\/SOL Simbolis ZM EAN Plotis 186 cm Gylis 44 cm Auk\u0161tis 96 cm Kolekcija Hesen Spalva \u0161viesi sibiu maumedis\/larico pu\u0161is Gaubtas \u0161viesi mediena Stilius Skandinavi\u0161kas Dur\u0173 skai\u010dius 2 dur\u0173 Stal\u010di\u0173 skai\u010dius 3 stal\u010diai Rankena su ranken\u0117l\u0117mis Gamintojas Juoda Raudona Balta Baldo tipas Komodos PVM 23% EAN 5906123811859<\/p>","protected":false},"excerpt":{"rendered":"<p>The Hesen Chest of Drawers \u2013 A Combination of Functionality and Fashionable Design. The Hesen collection is the perfect choice for those who love simplicity and minimalist interiors, while also valuing functionality and aesthetics. If you want your living room or bedroom to be not only practical but also stylish, the Hesen chest of drawers [&hellip;]<\/p>","protected":false},"featured_media":259138,"comment_status":"open","ping_status":"open","template":"","meta":[],"product_brand":[],"product_cat":[9200,1173],"product_tag":[],"class_list":{"0":"post-259137","1":"product","2":"type-product","3":"status-publish","4":"has-post-thumbnail","6":"product_cat-black-red-white","7":"product_cat-chests-of-drawers","9":"first","10":"instock","11":"purchasable","12":"product-type-simple"},"_links":{"self":[{"href":"https:\/\/baldumarket.lt\/lt\/wp-json\/wp\/v2\/product\/259137","targetHints":{"allow":["GET"]}}],"collection":[{"href":"https:\/\/baldumarket.lt\/lt\/wp-json\/wp\/v2\/product"}],"about":[{"href":"https:\/\/baldumarket.lt\/lt\/wp-json\/wp\/v2\/types\/product"}],"replies":[{"embeddable":true,"href":"https:\/\/baldumarket.lt\/lt\/wp-json\/wp\/v2\/comments?post=259137"}],"wp:featuredmedia":[{"embeddable":true,"href":"https:\/\/baldumarket.lt\/lt\/wp-json\/wp\/v2\/media\/259138"}],"wp:attachment":[{"href":"https:\/\/baldumarket.lt\/lt\/wp-json\/wp\/v2\/media?parent=259137"}],"wp:term":[{"taxonomy":"product_brand","embeddable":true,"href":"https:\/\/baldumarket.lt\/lt\/wp-json\/wp\/v2\/product_brand?post=259137"},{"taxonomy":"product_cat","embeddable":true,"href":"https:\/\/baldumarket.lt\/lt\/wp-json\/wp\/v2\/product_cat?post=259137"},{"taxonomy":"product_tag","embeddable":true,"href":"https:\/\/baldumarket.lt\/lt\/wp-json\/wp\/v2\/product_tag?post=259137"}],"curies":[{"name":"wp","href":"https:\/\/api.w.org\/{rel}","templated":true}]}}