{"id":259117,"date":"2026-01-13T22:38:30","date_gmt":"2026-01-13T19:38:30","guid":{"rendered":"https:\/\/baldumarket.lt\/product\/komoda-dwudrzwiowa-z-trzema-szufladami-balin-160-cm-dab-monastery-dab-czarny\/"},"modified":"2026-02-11T18:29:55","modified_gmt":"2026-02-11T15:29:55","slug":"komoda-dwudrzwiowa-z-trzema-szufladami-balin-160-cm-dab-monastery-dab-czarny","status":"publish","type":"product","link":"https:\/\/baldumarket.lt\/lt\/product\/komoda-dwudrzwiowa-z-trzema-szufladami-balin-160-cm-dab-monastery-dab-czarny\/","title":{"rendered":"Komoda su dviem durimis ir trimis stal\u010diais BALIN 160 cm, vienuolyno \u0105\u017euolas\/juodas \u0105\u017euolas"},"content":{"rendered":"<p>\u2019Balin\u201c komoda \u2013 stilinga daikt\u0173 laikymo sistema j\u016bs\u0173 svetainei. \u201eBalin\u201c kolekcija yra elegancijos ir funkcionalumo \u012fsik\u016bnijimas, puikiai papildantis tiek modern\u0173, tiek klasikin\u012f interjer\u0105. \u201eBalin\u201c komoda ne tik talpina j\u016bs\u0173 daiktus, bet ir suteikia j\u016bs\u0173 svetainei unikal\u0173 charakter\u012f. D\u0117l savo dizaino \u201eBalin\u201c kolekcija yra i\u0161skirtinai universali ir puikiai der\u0117s prie \u012fvairi\u0173 interjero dizain\u0173. Nesvarbu, ar turite modernius, ar klasikinius baldus, \u201eBalin\u201c komoda puikiai tiks, suteikdama elegancijos ir funkcionalumo. \u201eBalin\u201c komoda yra tikra svetain\u0117s daikt\u0173 organizatorius. Dvi erdvios spintel\u0117s ir trys kompakti\u0161ki stal\u010diai leid\u017eia laikyti visk\u0105, ko jums reikia. Tai puikus sprendimas norint palaikyti tvark\u0105 j\u016bs\u0173 svetain\u0117je, i\u0161laikant stili\u0173 ir elegancij\u0105. \u201eBalin\u201c komoda apdailinta \u201eMonoye Oak\u201c mediena, kuri atspindi nat\u016brali\u0105 medienos tekst\u016br\u0105. Tuo tarpu fasadai apdailinti eleganti\u0161ka juodojo \u0105\u017euolo mediena. \u0160is spalv\u0173 derinys sukuria unikal\u0173 kontrast\u0105 ir suteikia komodai unikalaus \u017eavesio. Ypa\u010d verta d\u0117mesio pastorintas komodos korpusas, suteikiantis unikali\u0105 aplink\u0105 lygiems fasadams. \u0160is subtilus tekst\u016bros skirtumas suteikia \u201eBalin\u201c komodai nepaprasto gylio ir stiliaus. Kasdienis \u201eBalin\u201c komodos naudojimas yra ne\u012ftik\u0117tinai patogus d\u0117l \u0161velniai u\u017esidaran\u010di\u0173 vyri\u0173. Tai leid\u017eia fasadams \u0161velniai ir tyliai u\u017esidaryti, \u012fne\u0161ant \u012f j\u016bs\u0173 svetain\u0119 ramyb\u0117s ir harmonijos. Jums nereikia apsiriboti vien komoda. \u201eBalin\u201c kolekcijoje si\u016blomas platus element\u0173 pasirinkimas, pavyzd\u017eiui, lentynos, vitrinos, televizoriaus staliukai ir daug daugiau. Laisvai derinkite juos, kad sukurtum\u0117te visapusi\u0161k\u0105 svetain\u0117s i\u0161d\u0117stym\u0105, kuris visapusi\u0161kai i\u0161naudot\u0173 \u201eBalin\u201c kolekcijos galimybes ir padaryt\u0173 j\u016bs\u0173 svetain\u0119 stiling\u0105 ir funkcionali\u0105. Trumpai tariant, \u201eBalin\u201c komoda yra ne tik daikt\u0173 laikymo vieta, bet ir unikalus dekoratyvinis elementas, kuris sustiprins j\u016bs\u0173 svetain\u0117s charakter\u012f. D\u0117l savo erdv\u0117s organizavimo, estetinio patrauklumo ir paprasto naudojimo tur\u0117site puiki\u0105 viet\u0105 savo daiktams laikyti ir eksponuoti. Rinkit\u0117s \u201eBalin\u201c komod\u0105, kad m\u0117gautum\u0117t\u0117s elegancija ir funkcionalumu viename.<\/p>\n<p>Prek\u0117s kodas S365-KOM2D3S-DMON\/DCA Simbolis ZM EAN Plotis 160 cm Gylis 45 cm Auk\u0161tis 85 cm Kolekcija Balin Spalva vienuolyno \u0105\u017euolas\/juodas \u0105\u017euolas Atspalvis tamsi mediena Stilius modernus Med\u017eiaga laminatas Dureli\u0173 skai\u010dius 2 dur\u0173 Stal\u010di\u0173 skai\u010dius 3 stal\u010diai Rankena su rankenomis Gamintojas Juoda Raudona Balta Baldo tipas Komodos PVM 23% EAN 5906123927369<\/p>","protected":false},"excerpt":{"rendered":"<p>\u201eBalin\u201c komoda \u2013 stilinga daikt\u0173 laikymo sistema j\u016bs\u0173 svetainei. \u201eBalin\u201c kolekcija yra elegancijos ir funkcionalumo \u012fsik\u016bnijimas, puikiai papildantis tiek modern\u0173, tiek klasikin\u012f interjer\u0105. \u201eBalin\u201c komoda ne tik talpina j\u016bs\u0173 daiktus, bet ir suteikia j\u016bs\u0173 svetainei unikal\u0173 charakter\u012f. D\u0117l savo dizaino \u201eBalin\u201c kolekcija yra [\u2026]<\/p>","protected":false},"featured_media":259118,"comment_status":"open","ping_status":"open","template":"","meta":[],"product_brand":[],"product_cat":[9200,1173],"product_tag":[],"class_list":{"0":"post-259117","1":"product","2":"type-product","3":"status-publish","4":"has-post-thumbnail","6":"product_cat-black-red-white","7":"product_cat-chests-of-drawers","9":"first","10":"instock","11":"purchasable","12":"product-type-simple"},"_links":{"self":[{"href":"https:\/\/baldumarket.lt\/lt\/wp-json\/wp\/v2\/product\/259117","targetHints":{"allow":["GET"]}}],"collection":[{"href":"https:\/\/baldumarket.lt\/lt\/wp-json\/wp\/v2\/product"}],"about":[{"href":"https:\/\/baldumarket.lt\/lt\/wp-json\/wp\/v2\/types\/product"}],"replies":[{"embeddable":true,"href":"https:\/\/baldumarket.lt\/lt\/wp-json\/wp\/v2\/comments?post=259117"}],"wp:featuredmedia":[{"embeddable":true,"href":"https:\/\/baldumarket.lt\/lt\/wp-json\/wp\/v2\/media\/259118"}],"wp:attachment":[{"href":"https:\/\/baldumarket.lt\/lt\/wp-json\/wp\/v2\/media?parent=259117"}],"wp:term":[{"taxonomy":"product_brand","embeddable":true,"href":"https:\/\/baldumarket.lt\/lt\/wp-json\/wp\/v2\/product_brand?post=259117"},{"taxonomy":"product_cat","embeddable":true,"href":"https:\/\/baldumarket.lt\/lt\/wp-json\/wp\/v2\/product_cat?post=259117"},{"taxonomy":"product_tag","embeddable":true,"href":"https:\/\/baldumarket.lt\/lt\/wp-json\/wp\/v2\/product_tag?post=259117"}],"curies":[{"name":"wp","href":"https:\/\/api.w.org\/{rel}","templated":true}]}}